{"id":36,"date":"2016-03-10T21:05:11","date_gmt":"2016-03-10T21:05:11","guid":{"rendered":"http:\/\/www.maharishiindiacourses.com\/testinstall\/?page_id=36"},"modified":"2024-03-19T07:59:13","modified_gmt":"2024-03-19T07:59:13","slug":"home","status":"publish","type":"page","link":"https:\/\/www.maharishiindiacourses.com\/tr\/","title":{"rendered":"Home"},"content":{"rendered":"<p>[et_pb_section bb_built=&#8221;1&#8243; admin_label=&#8221;Section&#8221; fullwidth=&#8221;on&#8221; specialty=&#8221;off&#8221; transparent_background=&#8221;off&#8221; allow_player_pause=&#8221;off&#8221; inner_shadow=&#8221;off&#8221; parallax=&#8221;off&#8221; parallax_method=&#8221;off&#8221; padding_mobile=&#8221;off&#8221; make_fullwidth=&#8221;off&#8221; use_custom_width=&#8221;off&#8221; width_unit=&#8221;on&#8221; make_equal=&#8221;off&#8221; use_custom_gutter=&#8221;off&#8221; custom_padding_tablet=&#8221;50px|0|50px|0&#8243; custom_padding_last_edited=&#8221;on|desktop&#8221; prev_background_color=&#8221;#000000&#8243; next_background_color=&#8221;#FFFFFF&#8221; inner_width=&#8221;auto&#8221; inner_max_width=&#8221;none&#8221;][et_pb_fullwidth_image admin_label=&#8221;Fullwidth Image&#8221; src=&#8221;https:\/\/www.maharishiindiacourses.com\/testinstall\/wp-content\/uploads\/2020\/01\/home-header-01-2020.jpg&#8221; animation=&#8221;off&#8221; use_border_color=&#8221;off&#8221; border_color=&#8221;#ffffff&#8221; border_style=&#8221;solid&#8221; border_color_all=&#8221;#ffffff&#8221; _builder_version=&#8221;4.3.2&#8243; box_shadow_horizontal_tablet=&#8221;0px&#8221; box_shadow_vertical_tablet=&#8221;0px&#8221; box_shadow_blur_tablet=&#8221;40px&#8221; box_shadow_spread_tablet=&#8221;0px&#8221; vertical_offset_tablet=&#8221;0&#8243; horizontal_offset_tablet=&#8221;0&#8243; z_index_tablet=&#8221;0&#8243; \/][et_pb_fullwidth_code admin_label=&#8221;Fullwidth Code&#8221; disabled=&#8221;off&#8221; disabled_on=&#8221;on|on|&#8221; module_class=&#8221;pageheadline&#8221;]<\/p>\n<h1>\u00a0<\/h1>\n<p>[\/et_pb_fullwidth_code][et_pb_fullwidth_code admin_label=&#8221;Fullwidth Code&#8221; disabled=&#8221;off&#8221; disabled_on=&#8221;on|on|&#8221;]<\/p>\n<div class=\"et_pb_fullwidth_header_scroll\" style=\"opacity: 4.09;\"><!\u2013- [et_pb_br_holder] -\u2013><!-- [et_pb_line_break_holder] --><a href=\"#\"><!\u2013- [et_pb_br_holder] -\u2013><!-- [et_pb_line_break_holder] --><span class=\"scroll-down et-pb-icon\">?<\/span><!\u2013- [et_pb_br_holder] -\u2013><!-- [et_pb_line_break_holder] --><\/a><!\u2013- [et_pb_br_holder] -\u2013><!-- [et_pb_line_break_holder] --><\/div>\n<p>[\/et_pb_fullwidth_code][\/et_pb_section][et_pb_section bb_built=&#8221;1&#8243; admin_label=&#8221;section&#8221; prev_background_color=&#8221;#000000&#8243; inner_width=&#8221;auto&#8221; inner_max_width=&#8221;none&#8221;][et_pb_row admin_label=&#8221;row&#8221; width=&#8221;80%&#8221; max_width=&#8221;1080px&#8221;][et_pb_column type=&#8221;4_4&#8243;][et_pb_text admin_label=&#8221;Text&#8221; background_layout=&#8221;light&#8221; text_orientation=&#8221;center&#8221; use_border_color=&#8221;off&#8221; border_color=&#8221;#ffffff&#8221; border_style=&#8221;solid&#8221; module_alignment=&#8221;center&#8221;]<\/p>\n<p><em>\u201cHerkesin kendi parlak kaderi i\u00e7in, herkesin t\u00fcm deste\u011fini hakeden bir toplumun var olmas\u0131 d\u00fcnya i\u00e7in b\u00fcy\u00fck bir l\u00fctuftur. Baz\u0131 (Pandit) gruplar\u0131 e\u011fitmeye ba\u015flam\u0131\u015ft\u0131k ve bu gruplar\u0131n daha da kalabal\u0131k olanlar\u0131n\u0131 olu\u015fturaca\u011f\u0131z. Yagyalar\u0131n etkisini bu gruplarla sa\u011flayaca\u011f\u0131z ve uyum yarataca\u011f\u0131z.\u201d<br \/>\n\u2013 Maharishi Mahesh Yogi<br \/>\n6 Haziran 2005<\/em><\/p>\n<p>[\/et_pb_text][et_pb_text admin_label=&#8221;Text&#8221; background_layout=&#8221;light&#8221; text_orientation=&#8221;center&#8221; use_border_color=&#8221;off&#8221; border_color=&#8221;#ffffff&#8221; border_style=&#8221;solid&#8221; module_alignment=&#8221;center&#8221;]<\/p>\n<p>Hindistan\u2019\u0131n Brahmasthan\u2019\u0131ndaki e\u011fitimler, Brahmananda Saraswati Vakf\u0131\u2019n\u0131n giri\u015fimi sayesinde hayat bulmu\u015ftur. Maharishi son g\u00fcnlerinde, Hindistan\u2019\u0131n Brahmasthan\u2019\u0131nda b\u00fcy\u00fck bir grubun olu\u015fturulmas\u0131yla Maharishi Veda Pandit\u2019leri gelene\u011fini \u015fimdi ve gelecekte de daima koruyacak olan bu Vakf\u0131 kurdu.<\/p>\n<p>[\/et_pb_text][et_pb_divider admin_label=&#8221;Divider&#8221; color=&#8221;#eeeeee&#8221; show_divider=&#8221;on&#8221; divider_style=&#8221;solid&#8221; divider_position=&#8221;center&#8221; hide_on_mobile=&#8221;on&#8221; height=&#8221;40&#8243; disabled_on=&#8221;on|on|off&#8221; \/][et_pb_image admin_label=&#8221;Image&#8221; src=&#8221;https:\/\/www.maharishiindiacourses.com\/testinstall\/wp-content\/uploads\/2020\/02\/home-second-02-2020.jpg&#8221; animation=&#8221;off&#8221; sticky=&#8221;off&#8221; align=&#8221;center&#8221; use_border_color=&#8221;off&#8221; border_color=&#8221;#ffffff&#8221; border_style=&#8221;solid&#8221; border_color_all=&#8221;#ffffff&#8221; show_bottom_space=&#8221;off&#8221; _builder_version=&#8221;4.3.2&#8243; box_shadow_horizontal_tablet=&#8221;0px&#8221; box_shadow_vertical_tablet=&#8221;0px&#8221; box_shadow_blur_tablet=&#8221;40px&#8221; box_shadow_spread_tablet=&#8221;0px&#8221; vertical_offset_tablet=&#8221;0&#8243; horizontal_offset_tablet=&#8221;0&#8243; z_index_tablet=&#8221;0&#8243; \/][et_pb_divider admin_label=&#8221;Divider&#8221; color=&#8221;#eeeeee&#8221; show_divider=&#8221;on&#8221; divider_style=&#8221;solid&#8221; divider_position=&#8221;center&#8221; hide_on_mobile=&#8221;on&#8221; height=&#8221;40&#8243; disabled_on=&#8221;on|on|off&#8221; \/][et_pb_text admin_label=&#8221;Text&#8221; background_layout=&#8221;light&#8221; text_orientation=&#8221;center&#8221; use_border_color=&#8221;off&#8221; border_color=&#8221;#ffffff&#8221; border_style=&#8221;solid&#8221; module_alignment=&#8221;center&#8221;]<\/p>\n<p>Brahmasthan\u2019daki \u00fc\u00e7 yerle\u015fkeden biri olan, Bijauri\u2019deki(Bicauri) kurs yeri, kendi bilincimizin geli\u015fmesi ve d\u00fcnyan\u0131n refah\u0131 i\u00e7in yap\u0131lan Yagya uygulamalar\u0131ndan olu\u015fan pratik teknolojiler ile Maharishi Veda Panditleri gibi \u00e7ok de\u011ferli bir miras\u0131m\u0131z\u0131n, derin bir deneyimini ya\u015fayabilece\u011fimiz e\u015fsiz bir mek\u00e2nd\u0131r. Brahmasthan\u2019daki kurslara kat\u0131larak d\u00fcnya bar\u0131\u015f\u0131n\u0131 do\u011frudan destekliyor ve yerle\u015fkenin b\u00fcy\u00fcmesini sa\u011fl\u0131yorsunuz. Ayn\u0131 zamanda, eminiz, burada \u00f6yle derin deneyimler kazanacaks\u0131n\u0131z ki \u00fclkenize d\u00f6nerken projeyi de beraberinizde g\u00f6t\u00fcreceksiniz.<\/p>\n<p>[\/et_pb_text][et_pb_divider admin_label=&#8221;Divider&#8221; color=&#8221;#eeeeee&#8221; show_divider=&#8221;on&#8221; divider_style=&#8221;solid&#8221; divider_position=&#8221;center&#8221; hide_on_mobile=&#8221;on&#8221; height=&#8221;40&#8243; disabled_on=&#8221;on|on|off&#8221; \/][et_pb_image admin_label=&#8221;Image&#8221; src=&#8221;https:\/\/www.maharishiindiacourses.com\/testinstall\/wp-content\/uploads\/2020\/02\/home-thirdv2-02-2020.jpg&#8221; animation=&#8221;off&#8221; sticky=&#8221;off&#8221; align=&#8221;center&#8221; always_center_on_mobile=&#8221;on&#8221; use_border_color=&#8221;off&#8221; border_color=&#8221;#ffffff&#8221; border_style=&#8221;solid&#8221; _builder_version=&#8221;4.3.2&#8243; box_shadow_horizontal_tablet=&#8221;0px&#8221; box_shadow_vertical_tablet=&#8221;0px&#8221; box_shadow_blur_tablet=&#8221;40px&#8221; box_shadow_spread_tablet=&#8221;0px&#8221; vertical_offset_tablet=&#8221;0&#8243; horizontal_offset_tablet=&#8221;0&#8243; z_index_tablet=&#8221;0&#8243; \/][et_pb_divider admin_label=&#8221;Divider&#8221; color=&#8221;#eeeeee&#8221; show_divider=&#8221;on&#8221; divider_style=&#8221;solid&#8221; divider_position=&#8221;center&#8221; hide_on_mobile=&#8221;on&#8221; height=&#8221;40&#8243; disabled_on=&#8221;on|on|off&#8221; \/][et_pb_text admin_label=&#8221;Text&#8221; background_layout=&#8221;light&#8221; text_orientation=&#8221;center&#8221; use_border_color=&#8221;off&#8221; border_color=&#8221;#ffffff&#8221; border_style=&#8221;solid&#8221; module_alignment=&#8221;center&#8221;]<\/p>\n<p>Brahmachari Dr. Girish Varma Ci, Raja Harris &amp; Arlene Kaplan, sizleri Hindistan\u2019\u0131n Brahmasthan\u2019\u0131ndaki bu ilk b\u00fcy\u00fck Maharishi Veda Pandit\u2019leri grubunun yarat\u0131lmas\u0131n\u0131 g\u00f6r\u00fcp deneyimlemeye g\u00f6n\u00fclden davet ediyor. Maharishi Brahmasthan\u2019\u0131; \u201cHindistan i\u00e7ersindeki kutsal mek\u00e2nlar\u0131n en kutsal\u0131\u201d olarak adland\u0131rd\u0131. Gelin ve Maharishi Veda Pandit\u2019lerinin g\u00fcnl\u00fck Veda okuyu\u015flar\u0131n\u0131n, derin meditasyonlar\u0131n ve bilgiye y\u00f6nelik programlar\u0131n yan\u0131 s\u0131ra, rahat konaklaman\u0131n ve muhte\u015fem yemeklerin tad\u0131n\u0131 \u00e7\u0131kart\u0131n.<\/p>\n<p>[\/et_pb_text][et_pb_divider admin_label=&#8221;Divider&#8221; color=&#8221;#ffffff&#8221; show_divider=&#8221;off&#8221; height=&#8221;15&#8243; divider_style=&#8221;solid&#8221; divider_position=&#8221;top&#8221; hide_on_mobile=&#8221;on&#8221; disabled_on=&#8221;on|on|off&#8221; \/][et_pb_image admin_label=&#8221;Image&#8221; src=&#8221;https:\/\/www.maharishiindiacourses.com\/testinstall\/wp-content\/uploads\/2013\/03\/lotusgraphic2.jpg&#8221; show_in_lightbox=&#8221;off&#8221; url_new_window=&#8221;off&#8221; use_overlay=&#8221;off&#8221; animation=&#8221;off&#8221; sticky=&#8221;off&#8221; align=&#8221;center&#8221; force_fullwidth=&#8221;off&#8221; always_center_on_mobile=&#8221;on&#8221; use_border_color=&#8221;off&#8221; border_color=&#8221;#ffffff&#8221; border_style=&#8221;solid&#8221; module_class=&#8221;lotusclass&#8221; saved_tabs=&#8221;all&#8221; show_bottom_space=&#8221;on&#8221; animation_style=&#8221;none&#8221; animation_duration=&#8221;1000ms&#8221; animation_intensity_slide=&#8221;50%&#8221; \/][\/et_pb_column][\/et_pb_row][\/et_pb_section]<\/p>","protected":false},"excerpt":{"rendered":"<p>\u201cHerkesin kendi parlak kaderi i\u00e7in, herkesin t\u00fcm deste\u011fini hakeden bir toplumun var olmas\u0131 d\u00fcnya i\u00e7in b\u00fcy\u00fck bir l\u00fctuftur. Baz\u0131 (Pandit) gruplar\u0131 e\u011fitmeye ba\u015flam\u0131\u015ft\u0131k ve bu gruplar\u0131n daha da kalabal\u0131k olanlar\u0131n\u0131 olu\u015fturaca\u011f\u0131z. Yagyalar\u0131n etkisini bu gruplarla sa\u011flayaca\u011f\u0131z ve uyum yarataca\u011f\u0131z.\u201d \u2013 Maharishi Mahesh Yogi 6 Haziran 2005 Hindistan\u2019\u0131n Brahmasthan\u2019\u0131ndaki e\u011fitimler, Brahmananda Saraswati Vakf\u0131\u2019n\u0131n giri\u015fimi sayesinde hayat [&hellip;]<\/p>\n","protected":false},"author":3,"featured_media":0,"parent":0,"menu_order":0,"comment_status":"closed","ping_status":"closed","template":"","meta":{"_et_pb_use_builder":"on","_et_pb_old_content":"","_et_gb_content_width":"","footnotes":""},"_links":{"self":[{"href":"https:\/\/www.maharishiindiacourses.com\/tr\/wp-json\/wp\/v2\/pages\/36"}],"collection":[{"href":"https:\/\/www.maharishiindiacourses.com\/tr\/wp-json\/wp\/v2\/pages"}],"about":[{"href":"https:\/\/www.maharishiindiacourses.com\/tr\/wp-json\/wp\/v2\/types\/page"}],"author":[{"embeddable":true,"href":"https:\/\/www.maharishiindiacourses.com\/tr\/wp-json\/wp\/v2\/users\/3"}],"replies":[{"embeddable":true,"href":"https:\/\/www.maharishiindiacourses.com\/tr\/wp-json\/wp\/v2\/comments?post=36"}],"version-history":[{"count":197,"href":"https:\/\/www.maharishiindiacourses.com\/tr\/wp-json\/wp\/v2\/pages\/36\/revisions"}],"predecessor-version":[{"id":6978,"href":"https:\/\/www.maharishiindiacourses.com\/tr\/wp-json\/wp\/v2\/pages\/36\/revisions\/6978"}],"wp:attachment":[{"href":"https:\/\/www.maharishiindiacourses.com\/tr\/wp-json\/wp\/v2\/media?parent=36"}],"curies":[{"name":"wp","href":"https:\/\/api.w.org\/{rel}","templated":true}]}}