{"id":98,"date":"2013-03-25T23:09:49","date_gmt":"2013-03-25T22:09:49","guid":{"rendered":"http:\/\/50.87.21.52\/?page_id=98"},"modified":"2025-12-25T05:54:02","modified_gmt":"2025-12-25T05:54:02","slug":"calendar","status":"publish","type":"page","link":"https:\/\/www.maharishiindiacourses.com\/pt\/calendar\/","title":{"rendered":"Calendar"},"content":{"rendered":"<p>[et_pb_section bb_built=&#8221;1&#8243; fullwidth=&#8221;on&#8221; specialty=&#8221;off&#8221; transparent_background=&#8221;off&#8221; allow_player_pause=&#8221;off&#8221; inner_shadow=&#8221;off&#8221; parallax=&#8221;off&#8221; parallax_method=&#8221;off&#8221; padding_mobile=&#8221;off&#8221; make_fullwidth=&#8221;off&#8221; use_custom_width=&#8221;off&#8221; width_unit=&#8221;on&#8221; make_equal=&#8221;off&#8221; use_custom_gutter=&#8221;off&#8221; custom_padding_tablet=&#8221;50px|0|50px|0&#8243; custom_padding_last_edited=&#8221;on|desktop&#8221; prev_background_color=&#8221;#000000&#8243; next_background_color=&#8221;#ffffff&#8221; inner_width=&#8221;auto&#8221; inner_max_width=&#8221;none&#8221;][et_pb_fullwidth_image src=&#8221;https:\/\/www.maharishiindiacourses.com\/testinstall\/wp-content\/uploads\/2020\/02\/calendarv2-02-2020.jpg&#8221; animation=&#8221;off&#8221; use_border_color=&#8221;off&#8221; border_color=&#8221;#ffffff&#8221; border_style=&#8221;solid&#8221; border_color_all=&#8221;off&#8221; _builder_version=&#8221;4.3.2&#8243; box_shadow_horizontal_tablet=&#8221;0px&#8221; box_shadow_vertical_tablet=&#8221;0px&#8221; box_shadow_blur_tablet=&#8221;40px&#8221; box_shadow_spread_tablet=&#8221;0px&#8221; vertical_offset_tablet=&#8221;0&#8243; horizontal_offset_tablet=&#8221;0&#8243; z_index_tablet=&#8221;0&#8243; \/][et_pb_fullwidth_code disabled=&#8221;off&#8221; disabled_on=&#8221;on|on|&#8221; module_class=&#8221;pageheadline&#8221; _builder_version=&#8221;4.21.0&#8243; z_index_tablet=&#8221;500&#8243; vertical_offset_tablet=&#8221;0&#8243; horizontal_offset_tablet=&#8221;0&#8243; box_shadow_horizontal_tablet=&#8221;0px&#8221; box_shadow_vertical_tablet=&#8221;0px&#8221; box_shadow_blur_tablet=&#8221;40px&#8221; box_shadow_spread_tablet=&#8221;0px&#8221; background_pattern_color=&#8221;rgba(0,0,0,0.2)&#8221; background_mask_color=&#8221;#ffffff&#8221;]<\/p>\n<h1>Calend\u00e1rio<\/h1>\n<p>[\/et_pb_fullwidth_code][et_pb_fullwidth_code disabled=&#8221;off&#8221; disabled_on=&#8221;on|on|&#8221;]<\/p>\n<div class=\"et_pb_fullwidth_header_scroll\" style=\"opacity: 4.09;\"><!\u2013- [et_pb_br_holder] -\u2013><!-- [et_pb_line_break_holder] --><a href=\"#\"><!\u2013- [et_pb_br_holder] -\u2013><!-- [et_pb_line_break_holder] --><span class=\"scroll-down et-pb-icon\">?<\/span><!\u2013- [et_pb_br_holder] -\u2013><!-- [et_pb_line_break_holder] --><\/a><!\u2013- [et_pb_br_holder] -\u2013><!-- [et_pb_line_break_holder] --><\/div>\n<p>[\/et_pb_fullwidth_code][\/et_pb_section][et_pb_section bb_built=&#8221;1&#8243; admin_label=&#8221;section&#8221; prev_background_color=&#8221;#000000&#8243; inner_width=&#8221;auto&#8221; inner_max_width=&#8221;none&#8221;][et_pb_row admin_label=&#8221;row&#8221; width=&#8221;80%&#8221; max_width=&#8221;1080px&#8221;][et_pb_column type=&#8221;4_4&#8243; custom_padding=&#8221;|||&#8221;][et_pb_divider color=&#8221;#efefef&#8221; show_divider=&#8221;off&#8221; divider_position=&#8221;bottom&#8221; hide_on_mobile=&#8221;on&#8221; disabled_on=&#8221;on|on|off&#8221; _builder_version=&#8221;4.12.1&#8243; box_shadow_horizontal_tablet=&#8221;0px&#8221; box_shadow_vertical_tablet=&#8221;0px&#8221; box_shadow_blur_tablet=&#8221;40px&#8221; box_shadow_spread_tablet=&#8221;0px&#8221; vertical_offset_tablet=&#8221;0&#8243; horizontal_offset_tablet=&#8221;0&#8243; z_index_tablet=&#8221;0&#8243; \/][et_pb_text text_orientation=&#8221;center&#8221; use_border_color=&#8221;off&#8221; border_color_all=&#8221;off&#8221; module_alignment=&#8221;center&#8221; _builder_version=&#8221;4.21.0&#8243; text_text_shadow_horizontal_length=&#8221;text_text_shadow_style,%91object Object%93&#8243; text_text_shadow_horizontal_length_tablet=&#8221;0px&#8221; text_text_shadow_vertical_length=&#8221;text_text_shadow_style,%91object Object%93&#8243; text_text_shadow_vertical_length_tablet=&#8221;0px&#8221; text_text_shadow_blur_strength=&#8221;text_text_shadow_style,%91object Object%93&#8243; text_text_shadow_blur_strength_tablet=&#8221;1px&#8221; link_text_shadow_horizontal_length=&#8221;link_text_shadow_style,%91object Object%93&#8243; link_text_shadow_horizontal_length_tablet=&#8221;0px&#8221; link_text_shadow_vertical_length=&#8221;link_text_shadow_style,%91object Object%93&#8243; link_text_shadow_vertical_length_tablet=&#8221;0px&#8221; link_text_shadow_blur_strength=&#8221;link_text_shadow_style,%91object Object%93&#8243; link_text_shadow_blur_strength_tablet=&#8221;1px&#8221; ul_text_shadow_horizontal_length=&#8221;ul_text_shadow_style,%91object Object%93&#8243; ul_text_shadow_horizontal_length_tablet=&#8221;0px&#8221; ul_text_shadow_vertical_length=&#8221;ul_text_shadow_style,%91object Object%93&#8243; ul_text_shadow_vertical_length_tablet=&#8221;0px&#8221; ul_text_shadow_blur_strength=&#8221;ul_text_shadow_style,%91object Object%93&#8243; ul_text_shadow_blur_strength_tablet=&#8221;1px&#8221; ol_text_shadow_horizontal_length=&#8221;ol_text_shadow_style,%91object Object%93&#8243; ol_text_shadow_horizontal_length_tablet=&#8221;0px&#8221; ol_text_shadow_vertical_length=&#8221;ol_text_shadow_style,%91object Object%93&#8243; ol_text_shadow_vertical_length_tablet=&#8221;0px&#8221; ol_text_shadow_blur_strength=&#8221;ol_text_shadow_style,%91object Object%93&#8243; ol_text_shadow_blur_strength_tablet=&#8221;1px&#8221; quote_text_shadow_horizontal_length=&#8221;quote_text_shadow_style,%91object Object%93&#8243; quote_text_shadow_horizontal_length_tablet=&#8221;0px&#8221; quote_text_shadow_vertical_length=&#8221;quote_text_shadow_style,%91object Object%93&#8243; quote_text_shadow_vertical_length_tablet=&#8221;0px&#8221; quote_text_shadow_blur_strength=&#8221;quote_text_shadow_style,%91object Object%93&#8243; quote_text_shadow_blur_strength_tablet=&#8221;1px&#8221; header_text_shadow_horizontal_length=&#8221;header_text_shadow_style,%91object Object%93&#8243; header_text_shadow_horizontal_length_tablet=&#8221;0px&#8221; header_text_shadow_vertical_length=&#8221;header_text_shadow_style,%91object Object%93&#8243; header_text_shadow_vertical_length_tablet=&#8221;0px&#8221; header_text_shadow_blur_strength=&#8221;header_text_shadow_style,%91object Object%93&#8243; header_text_shadow_blur_strength_tablet=&#8221;1px&#8221; header_2_text_shadow_horizontal_length=&#8221;header_2_text_shadow_style,%91object Object%93&#8243; header_2_text_shadow_horizontal_length_tablet=&#8221;0px&#8221; header_2_text_shadow_vertical_length=&#8221;header_2_text_shadow_style,%91object Object%93&#8243; header_2_text_shadow_vertical_length_tablet=&#8221;0px&#8221; header_2_text_shadow_blur_strength=&#8221;header_2_text_shadow_style,%91object Object%93&#8243; header_2_text_shadow_blur_strength_tablet=&#8221;1px&#8221; header_3_text_shadow_horizontal_length=&#8221;header_3_text_shadow_style,%91object Object%93&#8243; header_3_text_shadow_horizontal_length_tablet=&#8221;0px&#8221; header_3_text_shadow_vertical_length=&#8221;header_3_text_shadow_style,%91object Object%93&#8243; header_3_text_shadow_vertical_length_tablet=&#8221;0px&#8221; header_3_text_shadow_blur_strength=&#8221;header_3_text_shadow_style,%91object Object%93&#8243; header_3_text_shadow_blur_strength_tablet=&#8221;1px&#8221; header_4_text_shadow_horizontal_length=&#8221;header_4_text_shadow_style,%91object Object%93&#8243; header_4_text_shadow_horizontal_length_tablet=&#8221;0px&#8221; header_4_text_shadow_vertical_length=&#8221;header_4_text_shadow_style,%91object Object%93&#8243; header_4_text_shadow_vertical_length_tablet=&#8221;0px&#8221; header_4_text_shadow_blur_strength=&#8221;header_4_text_shadow_style,%91object Object%93&#8243; header_4_text_shadow_blur_strength_tablet=&#8221;1px&#8221; header_5_text_shadow_horizontal_length=&#8221;header_5_text_shadow_style,%91object Object%93&#8243; header_5_text_shadow_horizontal_length_tablet=&#8221;0px&#8221; header_5_text_shadow_vertical_length=&#8221;header_5_text_shadow_style,%91object Object%93&#8243; header_5_text_shadow_vertical_length_tablet=&#8221;0px&#8221; header_5_text_shadow_blur_strength=&#8221;header_5_text_shadow_style,%91object Object%93&#8243; header_5_text_shadow_blur_strength_tablet=&#8221;1px&#8221; header_6_text_shadow_horizontal_length=&#8221;header_6_text_shadow_style,%91object Object%93&#8243; header_6_text_shadow_horizontal_length_tablet=&#8221;0px&#8221; header_6_text_shadow_vertical_length=&#8221;header_6_text_shadow_style,%91object Object%93&#8243; header_6_text_shadow_vertical_length_tablet=&#8221;0px&#8221; header_6_text_shadow_blur_strength=&#8221;header_6_text_shadow_style,%91object Object%93&#8243; header_6_text_shadow_blur_strength_tablet=&#8221;1px&#8221; box_shadow_horizontal_tablet=&#8221;0px&#8221; box_shadow_vertical_tablet=&#8221;0px&#8221; box_shadow_blur_tablet=&#8221;40px&#8221; box_shadow_spread_tablet=&#8221;0px&#8221; z_index_tablet=&#8221;500&#8243; vertical_offset_tablet=&#8221;0&#8243; horizontal_offset_tablet=&#8221;0&#8243; background_pattern_color=&#8221;rgba(0,0,0,0.2)&#8221; background_mask_color=&#8221;#ffffff&#8221;]<\/p>\n<p>As inscri\u00e7\u00f5es est\u00e3o abertas para a sua visita durante o semestre n\u00ba 13\u2014que decorrer\u00e1 a partir de segunda-feira, dia 2 de novembro de 2026, at\u00e9 segunda-feira, dia 15 de mar\u00e7o de 2027. A reserva m\u00ednima \u00e9 de uma semana (segunda a segunda). Uma estadia de duas semanas ou mais \u00e9 recomendada, de modo a obter uma experi\u00eancia mais profunda no Brahmasthan.<\/p>\n<p>Muitos convidados t\u00eam perguntado pela lista do calend\u00e1rio que se encontra abaixo-indicada, das celebra\u00e7\u00f5es V\u00e9dicas durante este per\u00edodo. Nestes dias, al\u00e9m das recita\u00e7\u00f5es especiais e maravilhosas, diariamente organizadas para si durante todas as semanas, n\u00f3s vamos para o audit\u00f3rio principal de celebra\u00e7\u00f5es e saboreamos as realiza\u00e7\u00f5es V\u00e9dicas ao vivo, pelos Pandites, durante esses dias, assim como as celebra\u00e7\u00f5es conectadas via videoconfer\u00eancia com a MERU, na Holanda. Em cada semana, quer ocorra uma celebra\u00e7\u00e3o V\u00e9dica ou n\u00e3o, todos os convidados v\u00e3o para o audit\u00f3rio principal para a realiza\u00e7\u00e3o de Rudrabhishek, a Yagya especial para a paz no nosso mundo. <\/p>\n<p>Para aceder \u00e0 listagem completa das datas dos cursos, incluindo as datas dispon\u00edveis\/esgotadas, veja a <a href=\"https:\/\/apply.vedicpandits.org\" target=\"_blank\" rel=\"noopener noreferrer\">p\u00e1gina de Reserva<\/a>.<\/p>\n<p>[\/et_pb_text][et_pb_divider color=&#8221;#efefef&#8221; show_divider=&#8221;on&#8221; height=&#8221;50&#8243; divider_style=&#8221;solid&#8221; divider_position=&#8221;center&#8221; hide_on_mobile=&#8221;on&#8221; disabled_on=&#8221;on|on|off&#8221; \/][et_pb_text admin_label=&#8221;Calendar&#8221; text_orientation=&#8221;center&#8221; use_border_color=&#8221;off&#8221; border_color_all=&#8221;off&#8221; module_alignment=&#8221;center&#8221; _builder_version=&#8221;4.21.0&#8243; z_index_tablet=&#8221;500&#8243; text_text_shadow_horizontal_length=&#8221;text_text_shadow_style,%91object Object%93&#8243; text_text_shadow_horizontal_length_tablet=&#8221;0px&#8221; text_text_shadow_vertical_length=&#8221;text_text_shadow_style,%91object Object%93&#8243; text_text_shadow_vertical_length_tablet=&#8221;0px&#8221; text_text_shadow_blur_strength=&#8221;text_text_shadow_style,%91object Object%93&#8243; text_text_shadow_blur_strength_tablet=&#8221;1px&#8221; link_text_shadow_horizontal_length=&#8221;link_text_shadow_style,%91object Object%93&#8243; link_text_shadow_horizontal_length_tablet=&#8221;0px&#8221; link_text_shadow_vertical_length=&#8221;link_text_shadow_style,%91object Object%93&#8243; link_text_shadow_vertical_length_tablet=&#8221;0px&#8221; link_text_shadow_blur_strength=&#8221;link_text_shadow_style,%91object Object%93&#8243; link_text_shadow_blur_strength_tablet=&#8221;1px&#8221; ul_text_shadow_horizontal_length=&#8221;ul_text_shadow_style,%91object Object%93&#8243; ul_text_shadow_horizontal_length_tablet=&#8221;0px&#8221; ul_text_shadow_vertical_length=&#8221;ul_text_shadow_style,%91object Object%93&#8243; ul_text_shadow_vertical_length_tablet=&#8221;0px&#8221; ul_text_shadow_blur_strength=&#8221;ul_text_shadow_style,%91object Object%93&#8243; ul_text_shadow_blur_strength_tablet=&#8221;1px&#8221; ol_text_shadow_horizontal_length=&#8221;ol_text_shadow_style,%91object Object%93&#8243; ol_text_shadow_horizontal_length_tablet=&#8221;0px&#8221; ol_text_shadow_vertical_length=&#8221;ol_text_shadow_style,%91object Object%93&#8243; ol_text_shadow_vertical_length_tablet=&#8221;0px&#8221; ol_text_shadow_blur_strength=&#8221;ol_text_shadow_style,%91object Object%93&#8243; ol_text_shadow_blur_strength_tablet=&#8221;1px&#8221; quote_text_shadow_horizontal_length=&#8221;quote_text_shadow_style,%91object Object%93&#8243; quote_text_shadow_horizontal_length_tablet=&#8221;0px&#8221; quote_text_shadow_vertical_length=&#8221;quote_text_shadow_style,%91object Object%93&#8243; quote_text_shadow_vertical_length_tablet=&#8221;0px&#8221; quote_text_shadow_blur_strength=&#8221;quote_text_shadow_style,%91object Object%93&#8243; quote_text_shadow_blur_strength_tablet=&#8221;1px&#8221; header_text_shadow_horizontal_length=&#8221;header_text_shadow_style,%91object Object%93&#8243; header_text_shadow_horizontal_length_tablet=&#8221;0px&#8221; header_text_shadow_vertical_length=&#8221;header_text_shadow_style,%91object Object%93&#8243; header_text_shadow_vertical_length_tablet=&#8221;0px&#8221; header_text_shadow_blur_strength=&#8221;header_text_shadow_style,%91object Object%93&#8243; header_text_shadow_blur_strength_tablet=&#8221;1px&#8221; header_2_text_shadow_horizontal_length=&#8221;header_2_text_shadow_style,%91object Object%93&#8243; header_2_text_shadow_horizontal_length_tablet=&#8221;0px&#8221; header_2_text_shadow_vertical_length=&#8221;header_2_text_shadow_style,%91object Object%93&#8243; header_2_text_shadow_vertical_length_tablet=&#8221;0px&#8221; header_2_text_shadow_blur_strength=&#8221;header_2_text_shadow_style,%91object Object%93&#8243; header_2_text_shadow_blur_strength_tablet=&#8221;1px&#8221; header_3_text_shadow_horizontal_length=&#8221;header_3_text_shadow_style,%91object Object%93&#8243; header_3_text_shadow_horizontal_length_tablet=&#8221;0px&#8221; header_3_text_shadow_vertical_length=&#8221;header_3_text_shadow_style,%91object Object%93&#8243; header_3_text_shadow_vertical_length_tablet=&#8221;0px&#8221; header_3_text_shadow_blur_strength=&#8221;header_3_text_shadow_style,%91object Object%93&#8243; header_3_text_shadow_blur_strength_tablet=&#8221;1px&#8221; header_4_text_shadow_horizontal_length=&#8221;header_4_text_shadow_style,%91object Object%93&#8243; header_4_text_shadow_horizontal_length_tablet=&#8221;0px&#8221; header_4_text_shadow_vertical_length=&#8221;header_4_text_shadow_style,%91object Object%93&#8243; header_4_text_shadow_vertical_length_tablet=&#8221;0px&#8221; header_4_text_shadow_blur_strength=&#8221;header_4_text_shadow_style,%91object Object%93&#8243; header_4_text_shadow_blur_strength_tablet=&#8221;1px&#8221; header_5_text_shadow_horizontal_length=&#8221;header_5_text_shadow_style,%91object Object%93&#8243; header_5_text_shadow_horizontal_length_tablet=&#8221;0px&#8221; header_5_text_shadow_vertical_length=&#8221;header_5_text_shadow_style,%91object Object%93&#8243; header_5_text_shadow_vertical_length_tablet=&#8221;0px&#8221; header_5_text_shadow_blur_strength=&#8221;header_5_text_shadow_style,%91object Object%93&#8243; header_5_text_shadow_blur_strength_tablet=&#8221;1px&#8221; header_6_text_shadow_horizontal_length=&#8221;header_6_text_shadow_style,%91object Object%93&#8243; header_6_text_shadow_horizontal_length_tablet=&#8221;0px&#8221; header_6_text_shadow_vertical_length=&#8221;header_6_text_shadow_style,%91object Object%93&#8243; header_6_text_shadow_vertical_length_tablet=&#8221;0px&#8221; header_6_text_shadow_blur_strength=&#8221;header_6_text_shadow_style,%91object Object%93&#8243; header_6_text_shadow_blur_strength_tablet=&#8221;1px&#8221; box_shadow_horizontal_tablet=&#8221;0px&#8221; box_shadow_vertical_tablet=&#8221;0px&#8221; box_shadow_blur_tablet=&#8221;40px&#8221; box_shadow_spread_tablet=&#8221;0px&#8221; vertical_offset_tablet=&#8221;0&#8243; horizontal_offset_tablet=&#8221;0&#8243; background_pattern_color=&#8221;rgba(0,0,0,0.2)&#8221; background_mask_color=&#8221;#ffffff&#8221;]<\/p>\n<h2 style=\"margin-bottom:20px;\">Lista das Celebra\u00e7\u00f5es V\u00e9dicas<\/h2>\n<table border=\"0\" width=\"50%\" cellspacing=\"0\" cellpadding=\"0\" style=\"margin-top: 20px;\">\n<tbody>\n<tr>\n<td align=\"center\">\n<h3 style=\"margin-bottom: 0;\">Per\u00edodo 13<\/h3>\n<\/td>\n<\/tr>\n<tr>\n<td style=\"padding-top: 20px !important; display: none;\" align=\"center\">Outubro 2026<\/td>\n<\/tr>\n<tr>\n<td align=\"center\">\n<\/td>\n<\/tr>\n<tr>\n<td style=\"padding-top: 20px !important;\" align=\"center\">Novembro 2025<\/td>\n<\/tr>\n<tr>\n<td align=\"center\">\n<div>6 Novembro \u2013 Dhanvantari Jayanti: Dia AyurVeda<\/div>\n<div>7 Novembro \u2013 Hanuman Jayanti<\/div>\n<div>8 Novembro \u2013 Dipavali: Mahalakshmi<\/div>\n<div>20 Novembro \u2013 Deva Prabhodini Ekadashi: Dia do Despertar<\/div>\n<\/td>\n<\/tr>\n<tr>\n<td style=\"padding-top: 20px !important;\" align=\"center\">Dezembro 2026<\/td>\n<\/tr>\n<tr>\n<td align=\"center\">\n<div>15 Dezembro \u2013 Skanda Shashthi: Dia de Kartikeya<\/div>\n<\/td>\n<\/tr>\n<tr>\n<td style=\"padding-top: 20px !important;\" align=\"center\">Janeiro 2027<\/td>\n<\/tr>\n<tr>\n<td align=\"center\">\n<div>10 Janeiro \u2013 Anivers\u00e1rio de Raja Raam<\/div>\n<div>12 Janeiro \u2013 Anivers\u00e1rio de Maharishi<\/div>\n<\/td>\n<\/tr>\n<tr>\n<td style=\"padding-top: 20px !important;\" align=\"center\">Fevereiro 2027<\/td>\n<\/tr>\n<tr>\n<td align=\"center\">\n<div>11 Fevereiro \u2013 Vasant Panchami: Saraswati<\/div>\n<\/td>\n<\/tr>\n<tr>\n<td style=\"padding-top: 20px !important;\" align=\"center\">Mar\u00e7o 2027<\/td>\n<\/tr>\n<tr>\n<td align=\"center\">\n<div>6 Mar\u00e7o \u2013 Dia de Maha Shivaratri<\/div>\n<\/td>\n<\/tr>\n<\/tbody>\n<\/table>\n<p>[\/et_pb_text][et_pb_divider color=&#8221;#efefef&#8221; show_divider=&#8221;on&#8221; height=&#8221;50&#8243; divider_style=&#8221;solid&#8221; divider_position=&#8221;center&#8221; hide_on_mobile=&#8221;on&#8221; disabled_on=&#8221;on|on|off&#8221; \/][et_pb_image src=&#8221;https:\/\/www.maharishiindiacourses.com\/testinstall\/wp-content\/uploads\/2020\/02\/calendar-secondv2-02-2020.jpg&#8221; animation=&#8221;off&#8221; sticky=&#8221;off&#8221; align=&#8221;center&#8221; use_border_color=&#8221;off&#8221; border_color=&#8221;#ffffff&#8221; border_style=&#8221;solid&#8221; border_color_all=&#8221;off&#8221; align_last_edited=&#8221;on|desktop&#8221; align_tablet=&#8221;center&#8221; box_shadow_horizontal_tablet=&#8221;0px&#8221; box_shadow_vertical_tablet=&#8221;0px&#8221; box_shadow_blur_tablet=&#8221;40px&#8221; box_shadow_spread_tablet=&#8221;0px&#8221; vertical_offset_tablet=&#8221;0&#8243; horizontal_offset_tablet=&#8221;0&#8243; z_index_tablet=&#8221;0&#8243; disabled_on=&#8221;on|on|off&#8221; \/][et_pb_image src=&#8221;https:\/\/www.maharishiindiacourses.com\/testinstall\/wp-content\/uploads\/2020\/02\/calendar-bottom-02-2020.jpg&#8221; animation=&#8221;off&#8221; sticky=&#8221;off&#8221; align=&#8221;center&#8221; use_border_color=&#8221;off&#8221; border_color=&#8221;#ffffff&#8221; border_style=&#8221;solid&#8221; align_last_edited=&#8221;on|desktop&#8221; align_tablet=&#8221;center&#8221; box_shadow_horizontal_tablet=&#8221;0px&#8221; box_shadow_vertical_tablet=&#8221;0px&#8221; box_shadow_blur_tablet=&#8221;40px&#8221; box_shadow_spread_tablet=&#8221;0px&#8221; vertical_offset_tablet=&#8221;0&#8243; horizontal_offset_tablet=&#8221;0&#8243; z_index_tablet=&#8221;0&#8243; animation_style=&#8221;none&#8221; animation_duration=&#8221;1000ms&#8221; animation_intensity_slide=&#8221;50%&#8221; show_bottom_space=&#8221;on&#8221; disabled_on=&#8221;on|on|off&#8221; \/][et_pb_image src=&#8221;https:\/\/www.maharishiindiacourses.com\/testinstall\/wp-content\/uploads\/2013\/03\/lotusgraphic2.jpg&#8221; show_in_lightbox=&#8221;off&#8221; url_new_window=&#8221;off&#8221; use_overlay=&#8221;off&#8221; animation=&#8221;off&#8221; sticky=&#8221;off&#8221; align=&#8221;center&#8221; force_fullwidth=&#8221;off&#8221; always_center_on_mobile=&#8221;on&#8221; use_border_color=&#8221;off&#8221; border_color=&#8221;#ffffff&#8221; border_style=&#8221;solid&#8221; module_class=&#8221;lotusclass&#8221; show_bottom_space=&#8221;on&#8221; animation_style=&#8221;none&#8221; animation_duration=&#8221;1000ms&#8221; animation_intensity_slide=&#8221;50%&#8221; align_last_edited=&#8221;on|desktop&#8221; align_tablet=&#8221;center&#8221; disabled_on=&#8221;on|on|off&#8221; \/][\/et_pb_column][\/et_pb_row][\/et_pb_section]<\/p>","protected":false},"excerpt":{"rendered":"<p>As inscri\u00e7\u00f5es est\u00e3o abertas para a sua visita durante o semestre n\u00ba 13\u2014que decorrer\u00e1 a partir de segunda-feira, dia 2 de novembro de 2026, at\u00e9 segunda-feira, dia 15 de mar\u00e7o de 2027. A reserva m\u00ednima \u00e9 de uma semana (segunda a segunda). Uma estadia de duas semanas ou mais \u00e9 recomendada, de modo a obter [&hellip;]<\/p>\n","protected":false},"author":3,"featured_media":0,"parent":0,"menu_order":4,"comment_status":"closed","ping_status":"closed","template":"","meta":{"_et_pb_use_builder":"on","_et_pb_old_content":"<!--<img src=\"\/wp-content\/uploads\/2014\/06\/calendarpage-new.jpg\">--><img src=\"\/wp-content\/uploads\/2015\/08\/calendarpage-edited-1.jpg\">\r\n<a href=\"#scroll\"><h1 class=\"entry-title pagetitle\"><span>Calendar<\/span><\/h1><\/a>\r\n<div id=\"scroll\"><\/div>\r\n\r\n<p>Applications are now being accepted for our current Season 5 and next Season 6. Season 5 runs from Monday, October 12, 2015 through Monday, March 14, 2016. Season 6 will run from Monday, September 25, 2016 to March 13, 2017. The minimum booking is for one week (Monday to Monday). A stay of two weeks or longer is recommended for a deeper experience of the Brahmasthan.<\/p>\r\n\r\n<p>Many guests have asked for a calendar listing, just below, of the Vedic celebrations during our season. On these days, in addition to all the wonderful special recitations organized daily for you during all weeks, we go to the main celebration hall and enjoy the Pandits doing the live Vedic performances for those days, as well as connecting by video conference with the celebration in MERU Holland. During every week, whether a Vedic celebration or not, all guests go over to the main hall for the performance of Atirudrabhishek, the special Yagya for peace for our world. <em>For a list of course dates, see the drop-down menu on the <a href=\"https:\/\/vedicpandits.org\/apply\/\" target=\"_blank\">Booking page<\/a>.<\/em><\/p>\r\n\r\n<!--<p>There is still space available during our first week of courses next season (October 12 to 19) which falls during the 9 Days of Mother Divine. We feel that these 9 Days are the \"best kept secret of Bijauri\" with three to five hours of live recitation every day by the Maharishi Vedic Pandits; we would love to share this unforgettable and deeply profound experience with everyone. <\/p>-->\r\n\r\nTo view available\/sold out dates, please see the top of the <a href=\"https:\/\/apply.vedicpandits.org\/\">Booking page<\/a>.\r\n   \r\n<h3>List of Vedic Celebrations<\/h3>\r\n<table border=\"0\" bordercolor=\"#FFCC00\" width=\"50%\" cellpadding=\"0\" cellspacing=\"0\">\r\n<tr>\r\n\t<td colspan=\"2\" style=\"padding-top:20px !important;\">\r\n\t\t<h3 style=\"margin-bottom:0;\">Season 5<\/h3>\r\n\t<\/td>\r\n<\/tr>\r\n<!--<tr>\r\n\t<td colspan=\"2\" style=\"padding-top:20px !important;\"><strong>October 2015<\/strong><\/td>\r\n<tr>\r\n\t<td>October 13 to 22<\/td>\r\n\t<td>Sharadiya Navaratri: Nine Days of Mother Divine<\/td>\r\n<\/tr>\t\r\n<tr>\r\n\t<td>October 22<\/td>\r\n\t<td>Vijaya Dashami: Victory Day<\/td>\r\n<\/tr>\r\n<tr>\r\n\t<td colspan=\"2\" style=\"padding-top:20px !important;\"><strong>December 2015<\/strong><\/td>\r\n<\/tr>\r\n<tr>\r\n\t<td>December 17<\/td>\r\n\t<td>Skanda Shashthi: Day of Kartikeya<\/td>\r\n<\/tr>-->\r\n<tr>\r\n\t<td colspan=\"2\" style=\"padding-top:20px !important;\"><strong>January 2016<\/strong><\/td>\r\n<\/tr>\r\n<tr>\r\n\t<td>January 12<\/td>\r\n\t<td>Celebration of January 12th<\/td>\r\n<\/tr>\r\n<tr>\r\n\t<td colspan=\"2\" style=\"padding-top:20px !important;\"><strong>February 2016<\/strong><\/td>\r\n<\/tr>\r\n<tr>\r\n\t<td>February 13<\/td>\r\n\t<td>Vasant Panchami: Saraswati<\/td>\r\n<\/tr>\t\r\n<tr>\r\n\t<td colspan=\"2\" style=\"padding-top:20px !important;\"><strong>March 2016<\/strong><\/td>\r\n<\/tr>\r\n<tr>\r\n\t<td>March 8<\/td>\r\n\t<td>Day of Maha Shivaratri<\/td>\r\n<\/tr>\r\n<tr>\r\n\t<td colspan=\"2\" style=\"padding-top:20px !important;\">\r\n\t\t<h3 style=\"margin-bottom:0;\">Season 6<\/h3>\r\n\t<\/td>\r\n<\/tr>\r\n<tr>\r\n\t<td colspan=\"2\" style=\"padding-top:20px !important;\"><strong>October 2016<\/strong><\/td>\r\n<tr>\r\n\t<td>October 1 to 10<\/td>\r\n\t<td>Sharadiya Navaratri: Nine Days of Mother Divine<\/td>\r\n<\/tr>\t\r\n<tr>\r\n\t<td>October 11<\/td>\r\n\t<td>Vijaya Dashami: Victory Day<\/td>\r\n<\/tr>\r\n<tr>\r\n\t<td>October 28<\/td>\r\n\t<td>Dhanvantari Jayanti: Day of Ayur-Veda<\/td>\r\n<\/tr>\r\n<tr>\r\n\t<td>October 29<\/td>\r\n\t<td>Hanuman Jayanti<\/td>\r\n<\/tr>\r\n<tr>\r\n\t<td>October 30<\/td>\r\n\t<td>Dipavali: Mahalakshmi<\/td>\r\n<\/tr>\r\n<tr>\r\n\t<td colspan=\"2\" style=\"padding-top:20px !important;\"><strong>November 2016<\/strong><\/td>\r\n<tr>\r\n<tr>\r\n\t<td>November 11<\/td>\r\n\t<td>Deva Prabhodini Ekadashi: Day of Awakening<\/td>\r\n<\/tr>\r\n<tr>\r\n\t<td colspan=\"2\" style=\"padding-top:20px !important;\"><strong>December 2016<\/strong><\/td>\r\n<tr>\r\n<tr>\r\n\t<td>December 5<\/td>\r\n\t<td>Skanda Shashthi: Day of Kartikeya<\/td>\r\n<\/tr>\r\n<tr>\r\n\t<td colspan=\"2\" style=\"padding-top:20px !important;\"><strong>January 2017<\/strong><\/td>\r\n<tr>\r\n<tr>\r\n\t<td>January 12<\/td>\r\n\t<td>Celebration of January 12th<\/td>\r\n<\/tr>\r\n<tr>\r\n\t<td colspan=\"2\" style=\"padding-top:20px !important;\"><strong>February 2017<\/strong><\/td>\r\n<tr>\r\n<tr>\r\n\t<td>February 1<\/td>\r\n\t<td>Vasant Panchami: Saraswati<\/td>\r\n<\/tr>\t\r\n<tr>\r\n\t<td>February 24<\/td>\r\n\t<td>Day of Maha Shivaratri<\/td>\r\n<\/tr>\t\r\n<\/table>","_et_gb_content_width":"","footnotes":""},"_links":{"self":[{"href":"https:\/\/www.maharishiindiacourses.com\/pt\/wp-json\/wp\/v2\/pages\/98"}],"collection":[{"href":"https:\/\/www.maharishiindiacourses.com\/pt\/wp-json\/wp\/v2\/pages"}],"about":[{"href":"https:\/\/www.maharishiindiacourses.com\/pt\/wp-json\/wp\/v2\/types\/page"}],"author":[{"embeddable":true,"href":"https:\/\/www.maharishiindiacourses.com\/pt\/wp-json\/wp\/v2\/users\/3"}],"replies":[{"embeddable":true,"href":"https:\/\/www.maharishiindiacourses.com\/pt\/wp-json\/wp\/v2\/comments?post=98"}],"version-history":[{"count":632,"href":"https:\/\/www.maharishiindiacourses.com\/pt\/wp-json\/wp\/v2\/pages\/98\/revisions"}],"predecessor-version":[{"id":7225,"href":"https:\/\/www.maharishiindiacourses.com\/pt\/wp-json\/wp\/v2\/pages\/98\/revisions\/7225"}],"wp:attachment":[{"href":"https:\/\/www.maharishiindiacourses.com\/pt\/wp-json\/wp\/v2\/media?parent=98"}],"curies":[{"name":"wp","href":"https:\/\/api.w.org\/{rel}","templated":true}]}}