{"id":4022,"date":"2017-11-18T17:18:15","date_gmt":"2017-11-18T17:18:15","guid":{"rendered":"http:\/\/www.maharishiindiacourses.com\/?page_id=4022"},"modified":"2026-04-15T14:24:50","modified_gmt":"2026-04-15T14:24:50","slug":"experiences","status":"publish","type":"page","link":"https:\/\/www.maharishiindiacourses.com\/pt\/experiences\/","title":{"rendered":"Experiences"},"content":{"rendered":"<p>[et_pb_section bb_built=&#8221;1&#8243; fullwidth=&#8221;on&#8221; specialty=&#8221;off&#8221; transparent_background=&#8221;off&#8221; allow_player_pause=&#8221;off&#8221; inner_shadow=&#8221;off&#8221; parallax=&#8221;off&#8221; parallax_method=&#8221;off&#8221; padding_mobile=&#8221;off&#8221; make_fullwidth=&#8221;off&#8221; use_custom_width=&#8221;off&#8221; width_unit=&#8221;on&#8221; make_equal=&#8221;off&#8221; use_custom_gutter=&#8221;off&#8221; custom_padding_tablet=&#8221;50px|0|50px|0&#8243; custom_padding_last_edited=&#8221;on|desktop&#8221; prev_background_color=&#8221;#000000&#8243; next_background_color=&#8221;#FFFFFF&#8221; inner_width=&#8221;auto&#8221; inner_max_width=&#8221;960px&#8221;][et_pb_fullwidth_image src=&#8221;https:\/\/www.maharishiindiacourses.com\/testinstall\/wp-content\/uploads\/2020\/02\/experiencesv2-02-2020.jpg&#8221; animation=&#8221;off&#8221; use_border_color=&#8221;off&#8221; border_color=&#8221;#ffffff&#8221; border_style=&#8221;solid&#8221; border_color_all=&#8221;#ffffff&#8221; _builder_version=&#8221;4.3.2&#8243; box_shadow_horizontal_tablet=&#8221;0px&#8221; box_shadow_vertical_tablet=&#8221;0px&#8221; box_shadow_blur_tablet=&#8221;40px&#8221; box_shadow_spread_tablet=&#8221;0px&#8221; vertical_offset_tablet=&#8221;0&#8243; horizontal_offset_tablet=&#8221;0&#8243; z_index_tablet=&#8221;0&#8243; \/][et_pb_fullwidth_code disabled=&#8221;off&#8221; disabled_on=&#8221;off|off|&#8221; module_class=&#8221;pageheadline&#8221; _builder_version=&#8221;4.3.2&#8243; vertical_offset_tablet=&#8221;0&#8243; horizontal_offset_tablet=&#8221;0&#8243;]<\/p>\n<h1>Experi\u00eancias<\/h1>\n<p>[\/et_pb_fullwidth_code][et_pb_fullwidth_code disabled=&#8221;off&#8221; disabled_on=&#8221;on|on|&#8221;]<\/p>\n<div class=\"et_pb_fullwidth_header_scroll\" style=\"opacity: 4.09;\"><!-- [et_pb_line_break_holder] --><a href=\"#\"><!-- [et_pb_line_break_holder] --><span class=\"scroll-down et-pb-icon\">?<\/span><!-- [et_pb_line_break_holder] --><\/a><!-- [et_pb_line_break_holder] --><\/div>\n<p>[\/et_pb_fullwidth_code][\/et_pb_section][et_pb_section bb_built=&#8221;1&#8243; fullwidth=&#8221;off&#8221; specialty=&#8221;off&#8221; transparent_background=&#8221;off&#8221; allow_player_pause=&#8221;off&#8221; inner_shadow=&#8221;off&#8221; parallax=&#8221;off&#8221; parallax_method=&#8221;off&#8221; custom_padding=&#8221;||0px|&#8221; padding_mobile=&#8221;off&#8221; make_fullwidth=&#8221;off&#8221; use_custom_width=&#8221;off&#8221; width_unit=&#8221;on&#8221; make_equal=&#8221;off&#8221; use_custom_gutter=&#8221;off&#8221; custom_padding_tablet=&#8221;50px|0|50px|0&#8243; custom_padding_last_edited=&#8221;on|desktop&#8221; prev_background_color=&#8221;#FFFFFF&#8221; next_background_color=&#8221;#FFFFFF&#8221; inner_width=&#8221;auto&#8221; inner_max_width=&#8221;960px&#8221;][et_pb_row make_fullwidth=&#8221;off&#8221; use_custom_width=&#8221;off&#8221; width_unit=&#8221;off&#8221; use_custom_gutter=&#8221;off&#8221; gutter_width=&#8221;1&#8243; padding_mobile=&#8221;off&#8221; allow_player_pause=&#8221;off&#8221; parallax=&#8221;off&#8221; parallax_method=&#8221;off&#8221; make_equal=&#8221;on&#8221; column_padding_mobile=&#8221;on&#8221; module_class_1=&#8221;testcol1&#8243; module_class_2=&#8221;testcol2&#8243; custom_padding=&#8221;||0px|&#8221; width=&#8221;80%&#8221; max_width=&#8221;960px&#8221;][et_pb_column type=&#8221;4_4&#8243;][et_pb_divider color=&#8221;#ededed&#8221; show_divider=&#8221;on&#8221; divider_style=&#8221;solid&#8221; divider_position=&#8221;bottom&#8221; hide_on_mobile=&#8221;on&#8221; disabled_on=&#8221;on|on|off&#8221; \/][\/et_pb_column][\/et_pb_row][\/et_pb_section][et_pb_section bb_built=&#8221;1&#8243; admin_label=&#8221;section&#8221; prev_background_color=&#8221;#000000&#8243; inner_width=&#8221;auto&#8221; inner_max_width=&#8221;960px&#8221;][et_pb_row make_fullwidth=&#8221;off&#8221; use_custom_width=&#8221;off&#8221; width_unit=&#8221;off&#8221; use_custom_gutter=&#8221;on&#8221; gutter_width=&#8221;1&#8243; padding_mobile=&#8221;off&#8221; allow_player_pause=&#8221;off&#8221; parallax=&#8221;off&#8221; parallax_method=&#8221;off&#8221; make_equal=&#8221;on&#8221; column_padding_mobile=&#8221;on&#8221; module_class_1=&#8221;testcol1&#8243; module_class_2=&#8221;testcol2&#8243; width=&#8221;80%&#8221; max_width=&#8221;960px&#8221;][et_pb_column type=&#8221;1_4&#8243;][et_pb_image src=&#8221;https:\/\/www.maharishiindiacourses.com\/testinstall\/wp-content\/uploads\/2012\/06\/eduardoespiritosanto.jpg&#8221; show_in_lightbox=&#8221;off&#8221; url_new_window=&#8221;off&#8221; use_overlay=&#8221;off&#8221; animation=&#8221;off&#8221; sticky=&#8221;off&#8221; align=&#8221;left&#8221; force_fullwidth=&#8221;off&#8221; always_center_on_mobile=&#8221;on&#8221; use_border_color=&#8221;off&#8221; border_color=&#8221;#ffffff&#8221; border_style=&#8221;solid&#8221; show_bottom_space=&#8221;on&#8221; animation_style=&#8221;none&#8221; animation_duration=&#8221;1000ms&#8221; animation_intensity_slide=&#8221;50%&#8221; align_last_edited=&#8221;on|desktop&#8221; align_tablet=&#8221;center&#8221; \/][\/et_pb_column][et_pb_column type=&#8221;1_2&#8243;][et_pb_text background_layout=&#8221;light&#8221; text_orientation=&#8221;center&#8221; use_border_color=&#8221;off&#8221; border_color=&#8221;#ffffff&#8221; border_style=&#8221;solid&#8221; module_alignment=&#8221;center&#8221;]<\/p>\n<p>\u201cCada ano que vou para o Brahmasthan recebo um novo tesouro cheio de prendas que trago de volta para o meu pa\u00eds. A leveza sem limites fica avivada atrav\u00e9s da recita\u00e7\u00e3o V\u00e9dica dos Pandites Maharishi, a comida deliciosa, os videos especiais do Conhecimento Total de Maharishi, a firmeza do profundo sil\u00eancio do programa, a boa-fortuna dos edif\u00edcios, e a aten\u00e7\u00e3o e bom humor dos l\u00edderes de Curso. \u00c9 um grande privil\u00e9gio para mim!\u201d<br \/>\n<em>Eduardo Espirito Santo, Portugal<\/em><\/p>\n<p>[\/et_pb_text][\/et_pb_column][et_pb_column type=&#8221;1_4&#8243;][\/et_pb_column][\/et_pb_row][et_pb_row make_fullwidth=&#8221;off&#8221; use_custom_width=&#8221;off&#8221; width_unit=&#8221;off&#8221; use_custom_gutter=&#8221;on&#8221; gutter_width=&#8221;1&#8243; padding_mobile=&#8221;off&#8221; allow_player_pause=&#8221;off&#8221; parallax=&#8221;off&#8221; parallax_method=&#8221;off&#8221; make_equal=&#8221;on&#8221; column_padding_mobile=&#8221;on&#8221; module_class_1=&#8221;testcol1&#8243; module_class_2=&#8221;testcol2&#8243; width=&#8221;80%&#8221; max_width=&#8221;960px&#8221;][et_pb_column type=&#8221;1_4&#8243;][et_pb_image src=&#8221;https:\/\/www.maharishiindiacourses.com\/testinstall\/wp-content\/uploads\/2012\/06\/allessandrageraldi.jpg&#8221; show_in_lightbox=&#8221;off&#8221; url_new_window=&#8221;off&#8221; use_overlay=&#8221;off&#8221; animation=&#8221;off&#8221; sticky=&#8221;off&#8221; align=&#8221;left&#8221; force_fullwidth=&#8221;off&#8221; always_center_on_mobile=&#8221;on&#8221; use_border_color=&#8221;off&#8221; border_color=&#8221;#ffffff&#8221; border_style=&#8221;solid&#8221; show_bottom_space=&#8221;on&#8221; animation_style=&#8221;none&#8221; animation_duration=&#8221;1000ms&#8221; animation_intensity_slide=&#8221;50%&#8221; align_last_edited=&#8221;on|desktop&#8221; align_tablet=&#8221;center&#8221; \/][\/et_pb_column][et_pb_column type=&#8221;1_2&#8243;][et_pb_text background_layout=&#8221;light&#8221; text_orientation=&#8221;center&#8221; use_border_color=&#8221;off&#8221; border_color=&#8221;#ffffff&#8221; border_style=&#8221;solid&#8221; module_alignment=&#8221;center&#8221;]<\/p>\n<p>\u201cBrahmasthan da India\u2026 s\u00f3 de lembrar, me sinto em paz. Desde 2012, tenho passado meus meses de Janeiro neste lugar t\u00e3o querido e planejado por Maharishi. Ao chegar no campus, j\u00e1 come\u00e7amos a sentir a leveza e pureza da atmosfera. A equipe nos recebe com calorosos sorrisos e o cansa\u00e7o da viagem \u00e9 logo esquecido. O conforto das acomoda\u00e7\u00f5es Vastu, o capricho das refei\u00e7\u00f5es, o curso com longos rounds e a recita\u00e7\u00e3o v\u00e9dica di\u00e1ria dos Pandits V\u00e9dicos de Maharishi tornam o programa muito aprofundado, facilitando experi\u00eancias elevadas. Mas o mais impressionante \u00e9 estar rodeada por 1.331 Pandits recitando o Ati Rudra Abishek&#8230; o que acontece internamente \u00e9 absolutamente indescrit\u00edvel! Trago ainda comigo o sil\u00eancio, o bliss, o amor e a gratid\u00e3o geradas neste ber\u00e7o de coer\u00eancia que Maharishi nos deixou de presente. Uma experi\u00eancia a ser desfrutada por todos!\u201d<br \/>\n<em>Alessandra Geraldi, Brasil<\/em><\/p>\n<p>[\/et_pb_text][\/et_pb_column][et_pb_column type=&#8221;1_4&#8243;][\/et_pb_column][\/et_pb_row][et_pb_row make_fullwidth=&#8221;off&#8221; use_custom_width=&#8221;off&#8221; width_unit=&#8221;off&#8221; use_custom_gutter=&#8221;on&#8221; gutter_width=&#8221;1&#8243; padding_mobile=&#8221;off&#8221; allow_player_pause=&#8221;off&#8221; parallax=&#8221;off&#8221; parallax_method=&#8221;off&#8221; make_equal=&#8221;on&#8221; column_padding_mobile=&#8221;on&#8221; module_class_1=&#8221;testcol1&#8243; module_class_2=&#8221;testcol2&#8243; width=&#8221;80%&#8221; max_width=&#8221;960px&#8221;][et_pb_column type=&#8221;1_4&#8243;][et_pb_image src=&#8221;https:\/\/www.maharishiindiacourses.com\/testinstall\/wp-content\/uploads\/2012\/06\/Paulo_Morgante.jpg&#8221; show_in_lightbox=&#8221;off&#8221; url_new_window=&#8221;off&#8221; use_overlay=&#8221;off&#8221; animation=&#8221;off&#8221; sticky=&#8221;off&#8221; align=&#8221;left&#8221; force_fullwidth=&#8221;off&#8221; always_center_on_mobile=&#8221;on&#8221; use_border_color=&#8221;off&#8221; border_color=&#8221;#ffffff&#8221; border_style=&#8221;solid&#8221; show_bottom_space=&#8221;on&#8221; animation_style=&#8221;none&#8221; animation_duration=&#8221;1000ms&#8221; animation_intensity_slide=&#8221;50%&#8221; align_last_edited=&#8221;on|desktop&#8221; align_tablet=&#8221;center&#8221; \/][\/et_pb_column][et_pb_column type=&#8221;1_2&#8243;][et_pb_text background_layout=&#8221;light&#8221; text_orientation=&#8221;center&#8221; use_border_color=&#8221;off&#8221; border_color=&#8221;#ffffff&#8221; border_style=&#8221;solid&#8221; module_alignment=&#8221;center&#8221;]<\/p>\n<p>\u201cNo Brahmasthan da \u00cdndia a experi\u00eancia acolhedora do sil\u00eancio profundo \u00e9 surpreendente. Totalmente apropriada para avivar o Ser nas medita\u00e7\u00f5es e para absorver ainda mais as recita\u00e7\u00f5es dos Pandits V\u00e9dicos. Tudo por l\u00e1 \u00e9 sublime e a paz infinita nos permeia e nos protege. Fa\u00e7o quest\u00e3o de ir anualmente para desfrutar desta bem aventuran\u00e7a e colaborar para a manuten\u00e7\u00e3o deste maravilhoso projeto para a paz mundial. O encantamento \u00e9 crescente a cada visita!\u201d<br \/>\n<em>Paulo Morgante, Brasil<\/em><\/p>\n<p>[\/et_pb_text][\/et_pb_column][et_pb_column type=&#8221;1_4&#8243;][\/et_pb_column][\/et_pb_row][et_pb_row make_fullwidth=&#8221;off&#8221; use_custom_width=&#8221;off&#8221; width_unit=&#8221;off&#8221; use_custom_gutter=&#8221;on&#8221; gutter_width=&#8221;1&#8243; padding_mobile=&#8221;off&#8221; allow_player_pause=&#8221;off&#8221; parallax=&#8221;off&#8221; parallax_method=&#8221;off&#8221; make_equal=&#8221;on&#8221; column_padding_mobile=&#8221;on&#8221; module_class_1=&#8221;testcol1&#8243; module_class_2=&#8221;testcol2&#8243; width=&#8221;80%&#8221; max_width=&#8221;960px&#8221;][et_pb_column type=&#8221;1_4&#8243;][et_pb_image src=&#8221;https:\/\/www.maharishiindiacourses.com\/testinstall\/wp-content\/uploads\/2012\/06\/ibri1.jpg&#8221; show_in_lightbox=&#8221;off&#8221; url_new_window=&#8221;off&#8221; use_overlay=&#8221;off&#8221; animation=&#8221;off&#8221; sticky=&#8221;off&#8221; align=&#8221;left&#8221; force_fullwidth=&#8221;off&#8221; always_center_on_mobile=&#8221;on&#8221; use_border_color=&#8221;off&#8221; border_color=&#8221;#ffffff&#8221; border_style=&#8221;solid&#8221; show_bottom_space=&#8221;on&#8221; animation_style=&#8221;none&#8221; animation_duration=&#8221;1000ms&#8221; animation_intensity_slide=&#8221;50%&#8221; align_last_edited=&#8221;on|desktop&#8221; align_tablet=&#8221;center&#8221; \/][\/et_pb_column][et_pb_column type=&#8221;1_2&#8243;][et_pb_text background_layout=&#8221;light&#8221; text_orientation=&#8221;center&#8221; use_border_color=&#8221;off&#8221; border_color=&#8221;#ffffff&#8221; border_style=&#8221;solid&#8221; module_alignment=&#8221;center&#8221;]<\/p>\n<p>\u201cO c\u00e9u na terra\u201d &#8211; assim \u00e9 o Brahmasthan! No centro geogr\u00e1fico da \u00cdndia, em uma regi\u00e3o banhada pelo sagrado rio Narmada, e a poucos quil\u00f4metros de onde nasceu e cresceu Maharishi fica esse lugar inigual\u00e1vel para onde meditantes e sidhas de todo o mundo v\u00e3o para se sentirem em casa. Pode parecer longe, mas, assim que chegamos, somos envolvidos por tamanha vibra\u00e7\u00e3o de quietude e paz, que faz qualquer dist\u00e2ncia ter valido a pena! Seja atrav\u00e9s dos programas prolongados de medita\u00e7\u00e3o, do contato instrutivo com os l\u00edderes de cursos e com toda a acolhedora equipe do Brahmansthan, ou das recita\u00e7\u00f5es v\u00e9dicas di\u00e1rias dos pandits de Maharishi (indescrit\u00edveis!), a atmosfera e sensa\u00e7\u00e3o constantes s\u00e3o de plenitude, felicidade, bem-aventuran\u00e7a&#8230; Uma experi\u00eancia incompar\u00e1vel, que perdura e continua a reverberar internamente ap\u00f3s o retorno para o dia-a-dia. Para ocupar o topo da lista de prioridades!\u201d<br \/>\n<em>Ana Cristina P. K. Ibri, Brasil<\/em><\/p>\n<p>[\/et_pb_text][\/et_pb_column][et_pb_column type=&#8221;1_4&#8243;][\/et_pb_column][\/et_pb_row][et_pb_row make_fullwidth=&#8221;off&#8221; use_custom_width=&#8221;off&#8221; width_unit=&#8221;off&#8221; use_custom_gutter=&#8221;on&#8221; gutter_width=&#8221;1&#8243; padding_mobile=&#8221;off&#8221; allow_player_pause=&#8221;off&#8221; parallax=&#8221;off&#8221; parallax_method=&#8221;off&#8221; make_equal=&#8221;on&#8221; column_padding_mobile=&#8221;on&#8221; module_class_1=&#8221;testcol1&#8243; module_class_2=&#8221;testcol2&#8243; width=&#8221;80%&#8221; max_width=&#8221;960px&#8221;][et_pb_column type=&#8221;1_4&#8243;][et_pb_image src=&#8221;https:\/\/www.maharishiindiacourses.com\/testinstall\/wp-content\/uploads\/2012\/06\/claraibri.jpg&#8221; show_in_lightbox=&#8221;off&#8221; url_new_window=&#8221;off&#8221; use_overlay=&#8221;off&#8221; animation=&#8221;off&#8221; sticky=&#8221;off&#8221; align=&#8221;left&#8221; force_fullwidth=&#8221;off&#8221; always_center_on_mobile=&#8221;on&#8221; use_border_color=&#8221;off&#8221; border_color=&#8221;#ffffff&#8221; border_style=&#8221;solid&#8221; show_bottom_space=&#8221;on&#8221; animation_style=&#8221;none&#8221; animation_duration=&#8221;1000ms&#8221; animation_intensity_slide=&#8221;50%&#8221; align_last_edited=&#8221;on|desktop&#8221; align_tablet=&#8221;center&#8221; \/][\/et_pb_column][et_pb_column type=&#8221;1_2&#8243;][et_pb_text background_layout=&#8221;light&#8221; text_orientation=&#8221;center&#8221; use_border_color=&#8221;off&#8221; border_color=&#8221;#ffffff&#8221; border_style=&#8221;solid&#8221; module_alignment=&#8221;center&#8221;]<\/p>\n<p>&#8220;Para mim, estar no Brahmansthan \u00e9 sin\u00f4nimo de paz interior e felicidade. Um lugar calmo, acolhedor e muito confort\u00e1vel onde posso me sentir em casa e, de maneira natural e sem esfor\u00e7o, me conectar com os planos mais refinados da consci\u00eancia. Uma experi\u00eancia inesquec\u00edvel e um imenso prazer que todos os meditantes e sidhas deveriam se permitir desfrutar &#8211; al\u00e9m de contribuir com o projeto do cora\u00e7\u00e3o de Maharishi!&#8221;<br \/>\n<em>Clara Kottas Ibri, Brasil<\/em><\/p>\n<p>[\/et_pb_text][\/et_pb_column][et_pb_column type=&#8221;1_4&#8243;][\/et_pb_column][\/et_pb_row][et_pb_row make_fullwidth=&#8221;off&#8221; use_custom_width=&#8221;off&#8221; width_unit=&#8221;off&#8221; use_custom_gutter=&#8221;on&#8221; gutter_width=&#8221;1&#8243; padding_mobile=&#8221;off&#8221; allow_player_pause=&#8221;off&#8221; parallax=&#8221;off&#8221; parallax_method=&#8221;off&#8221; make_equal=&#8221;on&#8221; column_padding_mobile=&#8221;on&#8221; module_class_1=&#8221;testcol1&#8243; module_class_2=&#8221;testcol2&#8243; width=&#8221;80%&#8221; max_width=&#8221;960px&#8221;][et_pb_column type=&#8221;1_4&#8243;][et_pb_image src=&#8221;https:\/\/www.maharishiindiacourses.com\/testinstall\/wp-content\/uploads\/2012\/06\/lilianlontra1.jpg&#8221; show_in_lightbox=&#8221;off&#8221; url_new_window=&#8221;off&#8221; use_overlay=&#8221;off&#8221; animation=&#8221;off&#8221; sticky=&#8221;off&#8221; align=&#8221;left&#8221; force_fullwidth=&#8221;off&#8221; always_center_on_mobile=&#8221;on&#8221; use_border_color=&#8221;off&#8221; border_color=&#8221;#ffffff&#8221; border_style=&#8221;solid&#8221; show_bottom_space=&#8221;on&#8221; animation_style=&#8221;none&#8221; animation_duration=&#8221;1000ms&#8221; animation_intensity_slide=&#8221;50%&#8221; align_last_edited=&#8221;on|desktop&#8221; align_tablet=&#8221;center&#8221; \/][\/et_pb_column][et_pb_column type=&#8221;1_2&#8243;][et_pb_text background_layout=&#8221;light&#8221; text_orientation=&#8221;center&#8221; use_border_color=&#8221;off&#8221; border_color=&#8221;#ffffff&#8221; border_style=&#8221;solid&#8221; module_alignment=&#8221;center&#8221;]<\/p>\n<p>&#8220;Depois de avivar minha fisiologia no sil\u00eancio profundo e na bem aventuran\u00e7a do Brahmasthan, fui capaz de voltar a minha rotina em total plenitude, criatividade e energia. A experi\u00eancia de suporte total da natureza continuou presente por muitos e muitos e muitos meses!&#8221;<br \/>\n<em>Lillian Lontra, Brasil\/Canad\u00e1<\/em><\/p>\n<p>[\/et_pb_text][\/et_pb_column][et_pb_column type=&#8221;1_4&#8243;][\/et_pb_column][\/et_pb_row][et_pb_row admin_label=&#8221;row&#8221; width=&#8221;80%&#8221; max_width=&#8221;960px&#8221;][et_pb_column type=&#8221;4_4&#8243;][et_pb_divider color=&#8221;#ffffff&#8221; show_divider=&#8221;off&#8221; height=&#8221;15&#8243; divider_style=&#8221;solid&#8221; divider_position=&#8221;top&#8221; hide_on_mobile=&#8221;on&#8221; disabled_on=&#8221;on&#8221; animation_style=&#8221;none&#8221; animation_duration=&#8221;1000ms&#8221; animation_intensity_slide=&#8221;50%&#8221; show_bottom_space=&#8221;on&#8221; align_last_edited=&#8221;on|desktop&#8221; align_tablet=&#8221;center&#8221; \/][et_pb_image src=&#8221;https:\/\/www.maharishiindiacourses.com\/testinstall\/wp-content\/uploads\/2013\/03\/lotusgraphic2.jpg&#8221; show_in_lightbox=&#8221;off&#8221; url_new_window=&#8221;off&#8221; use_overlay=&#8221;off&#8221; animation=&#8221;off&#8221; sticky=&#8221;off&#8221; align=&#8221;center&#8221; force_fullwidth=&#8221;off&#8221; always_center_on_mobile=&#8221;on&#8221; use_border_color=&#8221;off&#8221; border_color=&#8221;#ffffff&#8221; border_style=&#8221;solid&#8221; module_class=&#8221;lotusclass&#8221; saved_tabs=&#8221;all&#8221; border_color_all=&#8221;#ffffff&#8221; show_bottom_space=&#8221;off&#8221; _builder_version=&#8221;3.0.89&#8243; animation_direction=&#8221;off&#8221; border_style_all=&#8221;solid&#8221; \/][\/et_pb_column][\/et_pb_row][\/et_pb_section]<\/p>","protected":false},"excerpt":{"rendered":"<p>\u201cCada ano que vou para o Brahmasthan recebo um novo tesouro cheio de prendas que trago de volta para o meu pa\u00eds. A leveza sem limites fica avivada atrav\u00e9s da recita\u00e7\u00e3o V\u00e9dica dos Pandites Maharishi, a comida deliciosa, os videos especiais do Conhecimento Total de Maharishi, a firmeza do profundo sil\u00eancio do programa, a boa-fortuna [&hellip;]<\/p>\n","protected":false},"author":3,"featured_media":0,"parent":0,"menu_order":5,"comment_status":"closed","ping_status":"closed","template":"","meta":{"_et_pb_use_builder":"on","_et_pb_old_content":"","_et_gb_content_width":"","footnotes":""},"_links":{"self":[{"href":"https:\/\/www.maharishiindiacourses.com\/pt\/wp-json\/wp\/v2\/pages\/4022"}],"collection":[{"href":"https:\/\/www.maharishiindiacourses.com\/pt\/wp-json\/wp\/v2\/pages"}],"about":[{"href":"https:\/\/www.maharishiindiacourses.com\/pt\/wp-json\/wp\/v2\/types\/page"}],"author":[{"embeddable":true,"href":"https:\/\/www.maharishiindiacourses.com\/pt\/wp-json\/wp\/v2\/users\/3"}],"replies":[{"embeddable":true,"href":"https:\/\/www.maharishiindiacourses.com\/pt\/wp-json\/wp\/v2\/comments?post=4022"}],"version-history":[{"count":72,"href":"https:\/\/www.maharishiindiacourses.com\/pt\/wp-json\/wp\/v2\/pages\/4022\/revisions"}],"predecessor-version":[{"id":7265,"href":"https:\/\/www.maharishiindiacourses.com\/pt\/wp-json\/wp\/v2\/pages\/4022\/revisions\/7265"}],"wp:attachment":[{"href":"https:\/\/www.maharishiindiacourses.com\/pt\/wp-json\/wp\/v2\/media?parent=4022"}],"curies":[{"name":"wp","href":"https:\/\/api.w.org\/{rel}","templated":true}]}}