{"id":4022,"date":"2017-11-18T17:18:15","date_gmt":"2017-11-18T17:18:15","guid":{"rendered":"http:\/\/www.maharishiindiacourses.com\/?page_id=4022"},"modified":"2026-04-15T14:24:50","modified_gmt":"2026-04-15T14:24:50","slug":"experiences","status":"publish","type":"page","link":"https:\/\/www.maharishiindiacourses.com\/it\/experiences\/","title":{"rendered":"Experiences"},"content":{"rendered":"<p>[et_pb_section bb_built=&#8221;1&#8243; admin_label=&#8221;Section&#8221; fullwidth=&#8221;on&#8221; specialty=&#8221;off&#8221; transparent_background=&#8221;off&#8221; allow_player_pause=&#8221;off&#8221; inner_shadow=&#8221;off&#8221; parallax=&#8221;off&#8221; parallax_method=&#8221;off&#8221; padding_mobile=&#8221;off&#8221; make_fullwidth=&#8221;off&#8221; use_custom_width=&#8221;off&#8221; width_unit=&#8221;on&#8221; make_equal=&#8221;off&#8221; use_custom_gutter=&#8221;off&#8221; custom_padding_tablet=&#8221;50px|0|50px|0&#8243; custom_padding_last_edited=&#8221;on|desktop&#8221; prev_background_color=&#8221;#000000&#8243; next_background_color=&#8221;#FFFFFF&#8221; inner_width=&#8221;auto&#8221; inner_max_width=&#8221;960px&#8221;][et_pb_fullwidth_image admin_label=&#8221;Fullwidth Image&#8221; src=&#8221;https:\/\/www.maharishiindiacourses.com\/testinstall\/wp-content\/uploads\/2020\/02\/experiencesv2-02-2020.jpg&#8221; animation=&#8221;off&#8221; use_border_color=&#8221;off&#8221; border_color=&#8221;#ffffff&#8221; border_style=&#8221;solid&#8221; border_color_all=&#8221;#ffffff&#8221; _builder_version=&#8221;4.3.2&#8243; box_shadow_horizontal_tablet=&#8221;0px&#8221; box_shadow_vertical_tablet=&#8221;0px&#8221; box_shadow_blur_tablet=&#8221;40px&#8221; box_shadow_spread_tablet=&#8221;0px&#8221; vertical_offset_tablet=&#8221;0&#8243; horizontal_offset_tablet=&#8221;0&#8243; z_index_tablet=&#8221;0&#8243; \/][et_pb_fullwidth_code admin_label=&#8221;Fullwidth Code&#8221; disabled=&#8221;off&#8221; disabled_on=&#8221;off|off|&#8221; module_class=&#8221;pageheadline&#8221; _builder_version=&#8221;4.3.2&#8243; vertical_offset_tablet=&#8221;0&#8243; horizontal_offset_tablet=&#8221;0&#8243;]<\/p>\n<h1>Esperienze<\/h1>\n<p>[\/et_pb_fullwidth_code][et_pb_fullwidth_code admin_label=&#8221;Fullwidth Code&#8221; disabled=&#8221;off&#8221; disabled_on=&#8221;on|on|&#8221;]<\/p>\n<div class=\"et_pb_fullwidth_header_scroll\" style=\"opacity: 4.09;\"><!-- [et_pb_line_break_holder] --><a href=\"#\"><!-- [et_pb_line_break_holder] --><span class=\"scroll-down et-pb-icon\">?<\/span><!-- [et_pb_line_break_holder] --><\/a><!-- [et_pb_line_break_holder] --><\/div>\n<p>[\/et_pb_fullwidth_code][\/et_pb_section][et_pb_section bb_built=&#8221;1&#8243; admin_label=&#8221;Section&#8221; fullwidth=&#8221;off&#8221; specialty=&#8221;off&#8221; transparent_background=&#8221;off&#8221; allow_player_pause=&#8221;off&#8221; inner_shadow=&#8221;off&#8221; parallax=&#8221;off&#8221; parallax_method=&#8221;off&#8221; custom_padding=&#8221;||0px|&#8221; padding_mobile=&#8221;off&#8221; make_fullwidth=&#8221;off&#8221; use_custom_width=&#8221;off&#8221; width_unit=&#8221;on&#8221; make_equal=&#8221;off&#8221; use_custom_gutter=&#8221;off&#8221; custom_padding_tablet=&#8221;50px|0|50px|0&#8243; custom_padding_last_edited=&#8221;on|desktop&#8221; prev_background_color=&#8221;#FFFFFF&#8221; next_background_color=&#8221;#FFFFFF&#8221; inner_width=&#8221;auto&#8221; inner_max_width=&#8221;960px&#8221;][et_pb_row admin_label=&#8221;Row&#8221; make_fullwidth=&#8221;off&#8221; use_custom_width=&#8221;off&#8221; width_unit=&#8221;off&#8221; use_custom_gutter=&#8221;off&#8221; gutter_width=&#8221;1&#8243; padding_mobile=&#8221;off&#8221; allow_player_pause=&#8221;off&#8221; parallax=&#8221;off&#8221; parallax_method=&#8221;off&#8221; make_equal=&#8221;on&#8221; column_padding_mobile=&#8221;on&#8221; module_class_1=&#8221;testcol1&#8243; module_class_2=&#8221;testcol2&#8243; custom_padding=&#8221;||0px|&#8221; width=&#8221;80%&#8221; max_width=&#8221;960px&#8221;][et_pb_column type=&#8221;4_4&#8243;][et_pb_divider admin_label=&#8221;Divider&#8221; color=&#8221;#ededed&#8221; show_divider=&#8221;on&#8221; divider_style=&#8221;solid&#8221; divider_position=&#8221;bottom&#8221; hide_on_mobile=&#8221;on&#8221; disabled_on=&#8221;on|on|off&#8221; \/][\/et_pb_column][\/et_pb_row][\/et_pb_section][et_pb_section bb_built=&#8221;1&#8243; admin_label=&#8221;section&#8221; prev_background_color=&#8221;#000000&#8243; inner_width=&#8221;auto&#8221; inner_max_width=&#8221;960px&#8221;][et_pb_row admin_label=&#8221;Row&#8221; make_fullwidth=&#8221;off&#8221; use_custom_width=&#8221;off&#8221; width_unit=&#8221;off&#8221; use_custom_gutter=&#8221;on&#8221; gutter_width=&#8221;1&#8243; padding_mobile=&#8221;off&#8221; allow_player_pause=&#8221;off&#8221; parallax=&#8221;off&#8221; parallax_method=&#8221;off&#8221; make_equal=&#8221;on&#8221; column_padding_mobile=&#8221;on&#8221; module_class_1=&#8221;testcol1&#8243; module_class_2=&#8221;testcol2&#8243; width=&#8221;80%&#8221; max_width=&#8221;960px&#8221;][et_pb_column type=&#8221;1_4&#8243;][et_pb_image admin_label=&#8221;Image&#8221; src=&#8221;https:\/\/www.maharishiindiacourses.com\/testinstall\/wp-content\/uploads\/2012\/06\/lorenzagargetti.jpg&#8221; show_in_lightbox=&#8221;off&#8221; url_new_window=&#8221;off&#8221; use_overlay=&#8221;off&#8221; animation=&#8221;off&#8221; sticky=&#8221;off&#8221; align=&#8221;left&#8221; force_fullwidth=&#8221;off&#8221; always_center_on_mobile=&#8221;on&#8221; use_border_color=&#8221;off&#8221; border_color=&#8221;#ffffff&#8221; border_style=&#8221;solid&#8221; show_bottom_space=&#8221;on&#8221; animation_style=&#8221;none&#8221; animation_duration=&#8221;1000ms&#8221; animation_intensity_slide=&#8221;50%&#8221; align_last_edited=&#8221;on|desktop&#8221; align_tablet=&#8221;center&#8221; \/][\/et_pb_column][et_pb_column type=&#8221;1_2&#8243;][et_pb_text admin_label=&#8221;Text&#8221; background_layout=&#8221;light&#8221; text_orientation=&#8221;center&#8221; use_border_color=&#8221;off&#8221; border_color=&#8221;#ffffff&#8221; border_style=&#8221;solid&#8221; module_alignment=&#8221;center&#8221;]<\/p>\n<p>\u201cDurante la mia permanenza al Brahmastan dell\u2019India ho veramente sperimentato il Paradiso sulla Terra. Ogni momento passato l\u00e0 era pura beatitudine sia nella vita quotidiana che nella trascendenza del programma di MT-Sidhi. Come Maharishi era solito dire \u201cUna vita vissuta al 200% del suo pieno potenziale\u201d<br \/>\n<em>Lorenza Garghetti, Milano<\/em><\/p>\n<p>[\/et_pb_text][\/et_pb_column][et_pb_column type=&#8221;1_4&#8243;][\/et_pb_column][\/et_pb_row][et_pb_row admin_label=&#8221;Row&#8221; make_fullwidth=&#8221;off&#8221; use_custom_width=&#8221;off&#8221; width_unit=&#8221;off&#8221; use_custom_gutter=&#8221;on&#8221; gutter_width=&#8221;1&#8243; padding_mobile=&#8221;off&#8221; allow_player_pause=&#8221;off&#8221; parallax=&#8221;off&#8221; parallax_method=&#8221;off&#8221; make_equal=&#8221;on&#8221; column_padding_mobile=&#8221;on&#8221; module_class_1=&#8221;testcol1&#8243; module_class_2=&#8221;testcol2&#8243; width=&#8221;80%&#8221; max_width=&#8221;960px&#8221;][et_pb_column type=&#8221;1_4&#8243;][et_pb_image admin_label=&#8221;Image&#8221; src=&#8221;https:\/\/www.maharishiindiacourses.com\/testinstall\/wp-content\/uploads\/2012\/06\/raffaellemartini.jpg&#8221; show_in_lightbox=&#8221;off&#8221; url_new_window=&#8221;off&#8221; use_overlay=&#8221;off&#8221; animation=&#8221;off&#8221; sticky=&#8221;off&#8221; align=&#8221;left&#8221; force_fullwidth=&#8221;off&#8221; always_center_on_mobile=&#8221;on&#8221; use_border_color=&#8221;off&#8221; border_color=&#8221;#ffffff&#8221; border_style=&#8221;solid&#8221; show_bottom_space=&#8221;on&#8221; animation_style=&#8221;none&#8221; animation_duration=&#8221;1000ms&#8221; animation_intensity_slide=&#8221;50%&#8221; align_last_edited=&#8221;on|desktop&#8221; align_tablet=&#8221;center&#8221; \/][\/et_pb_column][et_pb_column type=&#8221;1_2&#8243;][et_pb_text admin_label=&#8221;Text&#8221; background_layout=&#8221;light&#8221; text_orientation=&#8221;center&#8221; use_border_color=&#8221;off&#8221; border_color=&#8221;#ffffff&#8221; border_style=&#8221;solid&#8221; module_alignment=&#8221;center&#8221;]<\/p>\n<p>\u201cLa prima volta che sono stata nel Brahamasthan compresi che si stava realizzando una delle esperienze pi\u00f9 belle che potessi desiderare. La gioia e la gentilezza che ho trovato in tutte le persone che mi hanno accolto era sublime, cos\u00ec come l&#8217;assistenza per il viaggio, la stanza ampia e pulita, il cibo delizioso, i giardini verdi e curati, nulla era stato lasciato al caso. Essere presente durante la recitazione dei canti Vedici e sentirmi in sintonia piena con tutti, percepire quel canto come un unico flusso di beatitudine proveniente dall&#8217;interno \u00e8 indimenticabile. Per questo sono ritornata dopo sei mesi, appena ho potuto, accompagnata da altri amici meditanti che hanno condiviso cos\u00ec la stessa mia esperienza. Infatti, \u00e8&#8217; una esperienza che auguro di cuore a tutti e spero si ripeter\u00e0 per me molto presto. Provo la pi\u00f9 grande gratitudine verso Maharishi per aver creato questa vibrante onda di beatitudine. Sostenere tutti coloro che dedicano la loro vita alla sua realizzazione \u00e8 una necessit\u00e0 oramai vitale per me. In un modo o nell&#8217;altro, pertanto, dono ogni mese quello che posso ai Pandit per la crescita del loro numero e per contribuire al completamento della illuminata visione di Maharishi. Molte realizzazioni si sono verificate nella mia vita dopo aver iniziato a sostenere finanziariamente questo progetto ma \u00e8 stata la prima esperienza di vita nel Brahamanstan che ha prodotto cambiamenti sconvolgenti nella mia vita. Posso affermare, senza timore di essere smentita, di aver realizzato uno o pi\u00f9 dei miei sogni pi\u00f9 importanti.\u201d<br \/>\n<em>Raffaella Martini, Calderara Di Reno<\/em><\/p>\n<p>[\/et_pb_text][\/et_pb_column][et_pb_column type=&#8221;1_4&#8243;][\/et_pb_column][\/et_pb_row][et_pb_row admin_label=&#8221;Row&#8221; make_fullwidth=&#8221;off&#8221; use_custom_width=&#8221;off&#8221; width_unit=&#8221;off&#8221; use_custom_gutter=&#8221;on&#8221; gutter_width=&#8221;1&#8243; padding_mobile=&#8221;off&#8221; allow_player_pause=&#8221;off&#8221; parallax=&#8221;off&#8221; parallax_method=&#8221;off&#8221; make_equal=&#8221;on&#8221; column_padding_mobile=&#8221;on&#8221; module_class_1=&#8221;testcol1&#8243; module_class_2=&#8221;testcol2&#8243; width=&#8221;80%&#8221; max_width=&#8221;960px&#8221;][et_pb_column type=&#8221;1_4&#8243;][et_pb_image admin_label=&#8221;Image&#8221; src=&#8221;https:\/\/www.maharishiindiacourses.com\/testinstall\/wp-content\/uploads\/2012\/06\/renata.jpg&#8221; show_in_lightbox=&#8221;off&#8221; url_new_window=&#8221;off&#8221; use_overlay=&#8221;off&#8221; animation=&#8221;off&#8221; sticky=&#8221;off&#8221; align=&#8221;left&#8221; force_fullwidth=&#8221;off&#8221; always_center_on_mobile=&#8221;on&#8221; use_border_color=&#8221;off&#8221; border_color=&#8221;#ffffff&#8221; border_style=&#8221;solid&#8221; show_bottom_space=&#8221;on&#8221; animation_style=&#8221;none&#8221; animation_duration=&#8221;1000ms&#8221; animation_intensity_slide=&#8221;50%&#8221; align_last_edited=&#8221;on|desktop&#8221; align_tablet=&#8221;center&#8221; \/][\/et_pb_column][et_pb_column type=&#8221;1_2&#8243;][et_pb_text admin_label=&#8221;Text&#8221; background_layout=&#8221;light&#8221; text_orientation=&#8221;center&#8221; use_border_color=&#8221;off&#8221; border_color=&#8221;#ffffff&#8221; border_style=&#8221;solid&#8221; module_alignment=&#8221;center&#8221;]<\/p>\n<p>&#8220;Non sono una Sidha, sono una Meditante ormai da molti anni e mi sono regalata un\u2019esperienza veramente unica. Sono stata accolta in questo angolo di paradiso da persone squisite come Irene e Josephine, ho alloggiato in una camera ampia, confortevole e pulita e ho molto apprezzato il cibo sempre vario e abbondante. Durante la mia permanenza ho avuto il privilegio di assistere alle recitazioni dei Maharishi Vedic Pandits. E\u2019 stata un\u2019esperienza che non potr\u00f2 mai dimenticare, mi sono sentita piena di una grazia la cui eco ancora mi accompagna. Ripetere questa esperienza \u00e8 uno dei miei desideri.&#8221;<br \/>\n<em>Renata Martini, Ravenna<\/em><\/p>\n<p>[\/et_pb_text][\/et_pb_column][et_pb_column type=&#8221;1_4&#8243;][\/et_pb_column][\/et_pb_row][et_pb_row admin_label=&#8221;Row&#8221; make_fullwidth=&#8221;off&#8221; use_custom_width=&#8221;off&#8221; width_unit=&#8221;off&#8221; use_custom_gutter=&#8221;on&#8221; gutter_width=&#8221;1&#8243; padding_mobile=&#8221;off&#8221; allow_player_pause=&#8221;off&#8221; parallax=&#8221;off&#8221; parallax_method=&#8221;off&#8221; make_equal=&#8221;on&#8221; column_padding_mobile=&#8221;on&#8221; module_class_1=&#8221;testcol1&#8243; module_class_2=&#8221;testcol2&#8243; width=&#8221;80%&#8221; max_width=&#8221;960px&#8221;][et_pb_column type=&#8221;1_4&#8243;][et_pb_image admin_label=&#8221;Image&#8221; src=&#8221;https:\/\/www.maharishiindiacourses.com\/testinstall\/wp-content\/uploads\/2012\/06\/giullia.jpg&#8221; show_in_lightbox=&#8221;off&#8221; url_new_window=&#8221;off&#8221; use_overlay=&#8221;off&#8221; animation=&#8221;off&#8221; sticky=&#8221;off&#8221; align=&#8221;left&#8221; force_fullwidth=&#8221;off&#8221; always_center_on_mobile=&#8221;on&#8221; use_border_color=&#8221;off&#8221; border_color=&#8221;#ffffff&#8221; border_style=&#8221;solid&#8221; show_bottom_space=&#8221;on&#8221; animation_style=&#8221;none&#8221; animation_duration=&#8221;1000ms&#8221; animation_intensity_slide=&#8221;50%&#8221; align_last_edited=&#8221;on|desktop&#8221; align_tablet=&#8221;center&#8221; \/][\/et_pb_column][et_pb_column type=&#8221;1_2&#8243;][et_pb_text admin_label=&#8221;Text&#8221; background_layout=&#8221;light&#8221; text_orientation=&#8221;center&#8221; use_border_color=&#8221;off&#8221; border_color=&#8221;#ffffff&#8221; border_style=&#8221;solid&#8221; module_alignment=&#8221;center&#8221;]<\/p>\n<p>\u201cUna delle cose che pi\u00f9 colpisce \u00e8 il silenzio che si prova appena si chiudono gli occhi. Al Brahmasthan la forza di attrazione del silenzio sembra essere molto pi\u00f9 potente e, sebbene anche i pensieri che sorgono siano pi\u00f9 affascinanti, \u00e8 sempre facile e appagante scegliere di lasciarsi attrarre dal silenzio. L&#8217;esperienza dell&#8217;ascolto dell&#8217;Ati Rudra Bishek poi \u00e8 semplicemente unica! Un uragano di trascendenza che sembra avere l&#8217;effetto di riprogrammare, a livello pi\u00f9 profondo, il &#8220;codice sorgente&#8221; di noi stessi e della realt\u00e0 che ci circonda. L&#8217;organizzazione del corso e della sua routine \u00e8 semplicemente perfetta, studiata nei minimi dettagli per entrare rapidamente in sintonia con la vibrazione di pace e beatitudine del posto. Vibrazione che ci ha accompagnato anche al nostro ritorno a casa cambiando profondamente le nostre vite. Infatti \u00e8 proprio durante il soggiorno al Brahmasthan, dove ordine e in intelligenza creativa sono tangibilmente ravvivate, che ho avuto (Giulia) l&#8217;ispirazione di diventare insegnante di Meditazione Trascendentale. Una decisione molto importante che ha arricchito, e sicuramente continuer\u00e0 ad arricchire, notevolmente le nostre vite. Il nostro augurio \u00e8 che attraverso l&#8217;esperienza diretta e il sostegno di molti italiani il silenzio e la pace del Brahmasthan raggiungano presto anche l\u2019Italia.\u201d<br \/>\n<em>Fulvio e Giulia Corsi, Livorno<\/em><\/p>\n<p>[\/et_pb_text][\/et_pb_column][et_pb_column type=&#8221;1_4&#8243;][\/et_pb_column][\/et_pb_row][et_pb_row admin_label=&#8221;Row&#8221; make_fullwidth=&#8221;off&#8221; use_custom_width=&#8221;off&#8221; width_unit=&#8221;off&#8221; use_custom_gutter=&#8221;on&#8221; gutter_width=&#8221;1&#8243; padding_mobile=&#8221;off&#8221; allow_player_pause=&#8221;off&#8221; parallax=&#8221;off&#8221; parallax_method=&#8221;off&#8221; make_equal=&#8221;on&#8221; column_padding_mobile=&#8221;on&#8221; module_class_1=&#8221;testcol1&#8243; module_class_2=&#8221;testcol2&#8243; width=&#8221;80%&#8221; max_width=&#8221;960px&#8221;][et_pb_column type=&#8221;1_4&#8243;][et_pb_image admin_label=&#8221;Image&#8221; src=&#8221;https:\/\/www.maharishiindiacourses.com\/testinstall\/wp-content\/uploads\/2012\/06\/stroblcapelli.jpg&#8221; show_in_lightbox=&#8221;off&#8221; url_new_window=&#8221;off&#8221; use_overlay=&#8221;off&#8221; animation=&#8221;off&#8221; sticky=&#8221;off&#8221; align=&#8221;left&#8221; force_fullwidth=&#8221;off&#8221; always_center_on_mobile=&#8221;on&#8221; use_border_color=&#8221;off&#8221; border_color=&#8221;#ffffff&#8221; border_style=&#8221;solid&#8221; show_bottom_space=&#8221;on&#8221; animation_style=&#8221;none&#8221; animation_duration=&#8221;1000ms&#8221; animation_intensity_slide=&#8221;50%&#8221; align_last_edited=&#8221;on|desktop&#8221; align_tablet=&#8221;center&#8221; \/][\/et_pb_column][et_pb_column type=&#8221;1_2&#8243;][et_pb_text admin_label=&#8221;Text&#8221; background_layout=&#8221;light&#8221; text_orientation=&#8221;center&#8221; use_border_color=&#8221;off&#8221; border_color=&#8221;#ffffff&#8221; border_style=&#8221;solid&#8221; module_alignment=&#8221;center&#8221;]<\/p>\n<p>&#8220;Situato nel centro dell&#8217;India, il Brahmasthan \u00e8 un bellissimo luogo dotato di edifici nuovi, immersi in un dolce paesaggio. Gli alloggi sono accoglienti, i pranzi deliziosi, la compagnia piacevole, sotto la guida devota della famiglia Kaplan. L&#8217;essenza di questo luogo \u00e8 la quotidiana recitazione dei Pandit Vedici Maharishi, che risveglia le leggi di natura. Ascoltare queste recitazioni appaga il cuore, l&#8217;anima, e rinfresca la mente, conducendola verso l&#8217;esperienza della parte pi\u00f9 elevata del proprio S\u00e9. E&#8217; una grande benedizione soggiornare in questo luogo, diventarne parte, almeno per un po&#8217;. Pu\u00f2 cambiare la vita. Invito tutti a trarre vantaggio da questa opportunit\u00e0 unica&#8221;<br \/>\n<em>Erika Strobl Capelli, Milano<\/em><\/p>\n<p>[\/et_pb_text][\/et_pb_column][et_pb_column type=&#8221;1_4&#8243;][\/et_pb_column][\/et_pb_row][et_pb_row admin_label=&#8221;Row&#8221; make_fullwidth=&#8221;off&#8221; use_custom_width=&#8221;off&#8221; width_unit=&#8221;off&#8221; use_custom_gutter=&#8221;on&#8221; gutter_width=&#8221;1&#8243; padding_mobile=&#8221;off&#8221; allow_player_pause=&#8221;off&#8221; parallax=&#8221;off&#8221; parallax_method=&#8221;off&#8221; make_equal=&#8221;on&#8221; column_padding_mobile=&#8221;on&#8221; module_class_1=&#8221;testcol1&#8243; module_class_2=&#8221;testcol2&#8243; width=&#8221;80%&#8221; max_width=&#8221;960px&#8221;][et_pb_column type=&#8221;1_4&#8243;][et_pb_image admin_label=&#8221;Image&#8221; src=&#8221;https:\/\/www.maharishiindiacourses.com\/testinstall\/wp-content\/uploads\/2012\/06\/bensi.jpg&#8221; show_in_lightbox=&#8221;off&#8221; url_new_window=&#8221;off&#8221; use_overlay=&#8221;off&#8221; animation=&#8221;off&#8221; sticky=&#8221;off&#8221; align=&#8221;left&#8221; force_fullwidth=&#8221;off&#8221; always_center_on_mobile=&#8221;on&#8221; use_border_color=&#8221;off&#8221; border_color=&#8221;#ffffff&#8221; border_style=&#8221;solid&#8221; show_bottom_space=&#8221;on&#8221; animation_style=&#8221;none&#8221; animation_duration=&#8221;1000ms&#8221; animation_intensity_slide=&#8221;50%&#8221; align_last_edited=&#8221;on|desktop&#8221; align_tablet=&#8221;center&#8221; \/][\/et_pb_column][et_pb_column type=&#8221;1_2&#8243;][et_pb_text admin_label=&#8221;Text&#8221; background_layout=&#8221;light&#8221; text_orientation=&#8221;center&#8221; use_border_color=&#8221;off&#8221; border_color=&#8221;#ffffff&#8221; border_style=&#8221;solid&#8221; module_alignment=&#8221;center&#8221;]<\/p>\n<p>&#8220;Sono stata al Brahmastan dell&#8217;India per la quarta volta quest&#8217;anno. Esperienza incredibile di pace e benessere durante l&#8217;ascolto delle recitazioni dei Pandit Vedici; grande rilassamento e benessere con i lunghi programmi per rivitalizzare dopo mesi di grande lavoro a casa. Cibo ottimo e camere molto confortevoli. Spero di tornare anche il prossimo anno.&#8221;<br \/>\n<em>Graziella Bensi, Nebbiuno<\/em><\/p>\n<p>[\/et_pb_text][\/et_pb_column][et_pb_column type=&#8221;1_4&#8243;][\/et_pb_column][\/et_pb_row][et_pb_row admin_label=&#8221;row&#8221; width=&#8221;80%&#8221; max_width=&#8221;960px&#8221;][et_pb_column type=&#8221;4_4&#8243;][et_pb_divider admin_label=&#8221;Divider&#8221; height=&#8221;15&#8243; hide_on_mobile=&#8221;on&#8221; disabled_on=&#8221;on&#8221; _builder_version=&#8221;3.0.89&#8243; animation_style=&#8221;none&#8221; animation_duration=&#8221;1000ms&#8221; animation_intensity_slide=&#8221;50%&#8221; show_bottom_space=&#8221;on&#8221; align_last_edited=&#8221;on|desktop&#8221; align_tablet=&#8221;center&#8221; \/][et_pb_image admin_label=&#8221;Image&#8221; src=&#8221;https:\/\/www.maharishiindiacourses.com\/testinstall\/wp-content\/uploads\/2013\/03\/lotusgraphic2.jpg&#8221; show_in_lightbox=&#8221;off&#8221; url_new_window=&#8221;off&#8221; use_overlay=&#8221;off&#8221; animation=&#8221;off&#8221; sticky=&#8221;off&#8221; align=&#8221;center&#8221; force_fullwidth=&#8221;off&#8221; always_center_on_mobile=&#8221;on&#8221; use_border_color=&#8221;off&#8221; border_color=&#8221;#ffffff&#8221; border_style=&#8221;solid&#8221; module_class=&#8221;lotusclass&#8221; saved_tabs=&#8221;all&#8221; border_color_all=&#8221;#ffffff&#8221; show_bottom_space=&#8221;off&#8221; _builder_version=&#8221;3.0.89&#8243; animation_direction=&#8221;off&#8221; border_style_all=&#8221;solid&#8221; \/][\/et_pb_column][\/et_pb_row][\/et_pb_section]<\/p>","protected":false},"excerpt":{"rendered":"<p>\u201cDurante la mia permanenza al Brahmastan dell\u2019India ho veramente sperimentato il Paradiso sulla Terra. Ogni momento passato l\u00e0 era pura beatitudine sia nella vita quotidiana che nella trascendenza del programma di MT-Sidhi. Come Maharishi era solito dire \u201cUna vita vissuta al 200% del suo pieno potenziale\u201d Lorenza Garghetti, Milano \u201cLa prima volta che sono stata [&hellip;]<\/p>\n","protected":false},"author":3,"featured_media":0,"parent":0,"menu_order":5,"comment_status":"closed","ping_status":"closed","template":"","meta":{"_et_pb_use_builder":"on","_et_pb_old_content":"","_et_gb_content_width":"","footnotes":""},"_links":{"self":[{"href":"https:\/\/www.maharishiindiacourses.com\/it\/wp-json\/wp\/v2\/pages\/4022"}],"collection":[{"href":"https:\/\/www.maharishiindiacourses.com\/it\/wp-json\/wp\/v2\/pages"}],"about":[{"href":"https:\/\/www.maharishiindiacourses.com\/it\/wp-json\/wp\/v2\/types\/page"}],"author":[{"embeddable":true,"href":"https:\/\/www.maharishiindiacourses.com\/it\/wp-json\/wp\/v2\/users\/3"}],"replies":[{"embeddable":true,"href":"https:\/\/www.maharishiindiacourses.com\/it\/wp-json\/wp\/v2\/comments?post=4022"}],"version-history":[{"count":72,"href":"https:\/\/www.maharishiindiacourses.com\/it\/wp-json\/wp\/v2\/pages\/4022\/revisions"}],"predecessor-version":[{"id":7265,"href":"https:\/\/www.maharishiindiacourses.com\/it\/wp-json\/wp\/v2\/pages\/4022\/revisions\/7265"}],"wp:attachment":[{"href":"https:\/\/www.maharishiindiacourses.com\/it\/wp-json\/wp\/v2\/media?parent=4022"}],"curies":[{"name":"wp","href":"https:\/\/api.w.org\/{rel}","templated":true}]}}