{"id":36,"date":"2016-03-10T21:05:11","date_gmt":"2016-03-10T21:05:11","guid":{"rendered":"http:\/\/www.maharishiindiacourses.com\/testinstall\/?page_id=36"},"modified":"2024-03-19T07:59:13","modified_gmt":"2024-03-19T07:59:13","slug":"home","status":"publish","type":"page","link":"https:\/\/www.maharishiindiacourses.com\/fr\/","title":{"rendered":"Home"},"content":{"rendered":"<p>[et_pb_section bb_built=\u00a0\u00bb1&Prime; fullwidth=\u00a0\u00bbon\u00a0\u00bb specialty=\u00a0\u00bboff\u00a0\u00bb transparent_background=\u00a0\u00bboff\u00a0\u00bb allow_player_pause=\u00a0\u00bboff\u00a0\u00bb inner_shadow=\u00a0\u00bboff\u00a0\u00bb parallax=\u00a0\u00bboff\u00a0\u00bb parallax_method=\u00a0\u00bboff\u00a0\u00bb padding_mobile=\u00a0\u00bboff\u00a0\u00bb make_fullwidth=\u00a0\u00bboff\u00a0\u00bb use_custom_width=\u00a0\u00bboff\u00a0\u00bb width_unit=\u00a0\u00bbon\u00a0\u00bb make_equal=\u00a0\u00bboff\u00a0\u00bb use_custom_gutter=\u00a0\u00bboff\u00a0\u00bb custom_padding_tablet=\u00a0\u00bb50px|0|50px|0&Prime; custom_padding_last_edited=\u00a0\u00bbon|desktop\u00a0\u00bb _builder_version=\u00a0\u00bb3.19.14&Prime; prev_background_color=\u00a0\u00bb#000000&Prime; next_background_color=\u00a0\u00bb#FFFFFF\u00a0\u00bb inner_width=\u00a0\u00bbauto\u00a0\u00bb inner_max_width=\u00a0\u00bbnone\u00a0\u00bb][et_pb_fullwidth_image admin_label=\u00a0\u00bbFullwidth Image\u00a0\u00bb src=\u00a0\u00bbhttps:\/\/www.maharishiindiacourses.com\/testinstall\/wp-content\/uploads\/2020\/01\/home-header-01-2020.jpg\u00a0\u00bb animation=\u00a0\u00bboff\u00a0\u00bb use_border_color=\u00a0\u00bboff\u00a0\u00bb border_color=\u00a0\u00bb#ffffff\u00a0\u00bb border_style=\u00a0\u00bbsolid\u00a0\u00bb border_color_all=\u00a0\u00bb#ffffff\u00a0\u00bb _builder_version=\u00a0\u00bb4.3.2&Prime; box_shadow_horizontal_tablet=\u00a0\u00bb0px\u00a0\u00bb box_shadow_vertical_tablet=\u00a0\u00bb0px\u00a0\u00bb box_shadow_blur_tablet=\u00a0\u00bb40px\u00a0\u00bb box_shadow_spread_tablet=\u00a0\u00bb0px\u00a0\u00bb vertical_offset_tablet=\u00a0\u00bb0&Prime; horizontal_offset_tablet=\u00a0\u00bb0&Prime; z_index_tablet=\u00a0\u00bb0&Prime; \/][et_pb_fullwidth_code admin_label=\u00a0\u00bbFullwidth Code\u00a0\u00bb disabled=\u00a0\u00bboff\u00a0\u00bb disabled_on=\u00a0\u00bbon|on|\u00a0\u00bb module_class=\u00a0\u00bbpageheadline\u00a0\u00bb _builder_version=\u00a0\u00bb3.19.14&Prime;]<\/p>\n<h1>\u00a0<\/h1>\n<p>[\/et_pb_fullwidth_code][et_pb_fullwidth_code admin_label=\u00a0\u00bbFullwidth Code\u00a0\u00bb disabled=\u00a0\u00bboff\u00a0\u00bb disabled_on=\u00a0\u00bbon|on|\u00a0\u00bb]<\/p>\n<div class=\"et_pb_fullwidth_header_scroll\" style=\"opacity: 4.09;\"><!\u2013- [et_pb_br_holder] -\u2013><!-- [et_pb_line_break_holder] --><a href=\"#\"><!\u2013- [et_pb_br_holder] -\u2013><!-- [et_pb_line_break_holder] --><span class=\"scroll-down et-pb-icon\">?<\/span><!\u2013- [et_pb_br_holder] -\u2013><!-- [et_pb_line_break_holder] --><\/a><!\u2013- [et_pb_br_holder] -\u2013><!-- [et_pb_line_break_holder] --><\/div>\n<p>[\/et_pb_fullwidth_code][\/et_pb_section][et_pb_section bb_built=\u00a0\u00bb1&Prime; admin_label=\u00a0\u00bbsection\u00a0\u00bb prev_background_color=\u00a0\u00bb#000000&Prime; inner_width=\u00a0\u00bbauto\u00a0\u00bb inner_max_width=\u00a0\u00bbnone\u00a0\u00bb][et_pb_row admin_label=\u00a0\u00bbrow\u00a0\u00bb width=\u00a0\u00bb80%\u00a0\u00bb max_width=\u00a0\u00bb1080px\u00a0\u00bb][et_pb_column type=\u00a0\u00bb4_4&Prime;][et_pb_text admin_label=\u00a0\u00bbText\u00a0\u00bb background_layout=\u00a0\u00bblight\u00a0\u00bb text_orientation=\u00a0\u00bbcenter\u00a0\u00bb use_border_color=\u00a0\u00bboff\u00a0\u00bb border_color=\u00a0\u00bb#ffffff\u00a0\u00bb border_style=\u00a0\u00bbsolid\u00a0\u00bb module_alignment=\u00a0\u00bbcenter\u00a0\u00bb]<\/p>\n<p><em>\u00ab\u00a0C&rsquo;est une grande b\u00e9n\u00e9diction pour le monde qu&rsquo;il puisse exister une soci\u00e9t\u00e9 o\u00f9 chacun re\u00e7oit le soutien de tous pour une vie heureuse. Nous avons commenc\u00e9 \u00e0 former quelques groupes de pandits v\u00e9diques et nous allons cr\u00e9er un nombre de groupes de plus en plus grand. Nous allons amener l&rsquo;effet des yagyas gr\u00e2ce \u00e0 ces groupes et cr\u00e9er l&rsquo;harmonie\u00a0\u00bb<br \/>\n\u2013 Maharishi Mahesh Yogi<br \/>\n6 juillet 2005<\/em><\/p>\n<p>[\/et_pb_text][et_pb_text admin_label=\u00a0\u00bbText\u00a0\u00bb background_layout=\u00a0\u00bblight\u00a0\u00bb text_orientation=\u00a0\u00bbcenter\u00a0\u00bb use_border_color=\u00a0\u00bboff\u00a0\u00bb border_color=\u00a0\u00bb#ffffff\u00a0\u00bb border_style=\u00a0\u00bbsolid\u00a0\u00bb module_alignment=\u00a0\u00bbcenter\u00a0\u00bb]<\/p>\n<p>Les cours au Brahmasthan de l\u2019Inde sont une initiative du \u201cBrahmananda Saraswati Trust\u201d. Maharishi a \u00e9tabli cette institution au cours de ses derniers jours afin de sauvegarder la tradition des pandits v\u00e9diques Maharishi pour le pr\u00e9sent et le futur en \u00e9tablissant un grand groupe au Brahmasthan de l\u2019Inde.<\/p>\n<p>[\/et_pb_text][et_pb_divider admin_label=\u00a0\u00bbDivider\u00a0\u00bb color=\u00a0\u00bb#eeeeee\u00a0\u00bb show_divider=\u00a0\u00bbon\u00a0\u00bb divider_style=\u00a0\u00bbsolid\u00a0\u00bb divider_position=\u00a0\u00bbcenter\u00a0\u00bb hide_on_mobile=\u00a0\u00bbon\u00a0\u00bb height=\u00a0\u00bb40&Prime; disabled_on=\u00a0\u00bbon|on|off\u00a0\u00bb \/][et_pb_image src=\u00a0\u00bbhttps:\/\/www.maharishiindiacourses.com\/testinstall\/wp-content\/uploads\/2020\/02\/home-second-02-2020.jpg\u00a0\u00bb animation=\u00a0\u00bboff\u00a0\u00bb sticky=\u00a0\u00bboff\u00a0\u00bb align=\u00a0\u00bbcenter\u00a0\u00bb use_border_color=\u00a0\u00bboff\u00a0\u00bb border_color=\u00a0\u00bb#ffffff\u00a0\u00bb border_style=\u00a0\u00bbsolid\u00a0\u00bb border_color_all=\u00a0\u00bb#ffffff\u00a0\u00bb show_bottom_space=\u00a0\u00bboff\u00a0\u00bb _builder_version=\u00a0\u00bb4.3.2&Prime; box_shadow_horizontal_tablet=\u00a0\u00bb0px\u00a0\u00bb box_shadow_vertical_tablet=\u00a0\u00bb0px\u00a0\u00bb box_shadow_blur_tablet=\u00a0\u00bb40px\u00a0\u00bb box_shadow_spread_tablet=\u00a0\u00bb0px\u00a0\u00bb vertical_offset_tablet=\u00a0\u00bb0&Prime; horizontal_offset_tablet=\u00a0\u00bb0&Prime; z_index_tablet=\u00a0\u00bb0&Prime; \/][et_pb_divider admin_label=\u00a0\u00bbDivider\u00a0\u00bb color=\u00a0\u00bb#eeeeee\u00a0\u00bb show_divider=\u00a0\u00bbon\u00a0\u00bb divider_style=\u00a0\u00bbsolid\u00a0\u00bb divider_position=\u00a0\u00bbcenter\u00a0\u00bb hide_on_mobile=\u00a0\u00bbon\u00a0\u00bb height=\u00a0\u00bb40&Prime; disabled_on=\u00a0\u00bbon|on|off\u00a0\u00bb \/][et_pb_text admin_label=\u00a0\u00bbText\u00a0\u00bb background_layout=\u00a0\u00bblight\u00a0\u00bb text_orientation=\u00a0\u00bbcenter\u00a0\u00bb use_border_color=\u00a0\u00bboff\u00a0\u00bb border_color=\u00a0\u00bb#ffffff\u00a0\u00bb border_style=\u00a0\u00bbsolid\u00a0\u00bb module_alignment=\u00a0\u00bbcenter\u00a0\u00bb]<\/p>\n<p>Bijauri, le lieu du cours, l\u2019un des trois campus du Brahmasthan, est un endroit unique pour faire l\u2019exp\u00e9rience de cette ressource pr\u00e9cieuse que constitue en soi la pr\u00e9sence des pandits v\u00e9diques Maharishi. Les technologies pratiques que repr\u00e9sente la r\u00e9alisation d\u2019un yagya permettent le d\u00e9veloppement de notre propre conscience individuelle et celui du bien-\u00eatre du monde. En participant aux cours du Brahmasthan, vous soutenez directement la paix mondiale tout en aidant l\u2019expansion du campus. De plus, nous sommes certains que vous aurez ici une profonde exp\u00e9rience et que vous ram\u00e8nerez chez vous l\u2019inspiration de ce projet.<\/p>\n<p>[\/et_pb_text][et_pb_divider admin_label=\u00a0\u00bbDivider\u00a0\u00bb color=\u00a0\u00bb#eeeeee\u00a0\u00bb show_divider=\u00a0\u00bbon\u00a0\u00bb divider_style=\u00a0\u00bbsolid\u00a0\u00bb divider_position=\u00a0\u00bbcenter\u00a0\u00bb hide_on_mobile=\u00a0\u00bbon\u00a0\u00bb height=\u00a0\u00bb40&Prime; disabled_on=\u00a0\u00bbon|on|off\u00a0\u00bb \/][et_pb_image src=\u00a0\u00bbhttps:\/\/www.maharishiindiacourses.com\/testinstall\/wp-content\/uploads\/2020\/02\/home-thirdv2-02-2020.jpg\u00a0\u00bb animation=\u00a0\u00bboff\u00a0\u00bb sticky=\u00a0\u00bboff\u00a0\u00bb align=\u00a0\u00bbcenter\u00a0\u00bb always_center_on_mobile=\u00a0\u00bbon\u00a0\u00bb use_border_color=\u00a0\u00bboff\u00a0\u00bb border_color=\u00a0\u00bb#ffffff\u00a0\u00bb border_style=\u00a0\u00bbsolid\u00a0\u00bb _builder_version=\u00a0\u00bb4.3.2&Prime; box_shadow_horizontal_tablet=\u00a0\u00bb0px\u00a0\u00bb box_shadow_vertical_tablet=\u00a0\u00bb0px\u00a0\u00bb box_shadow_blur_tablet=\u00a0\u00bb40px\u00a0\u00bb box_shadow_spread_tablet=\u00a0\u00bb0px\u00a0\u00bb vertical_offset_tablet=\u00a0\u00bb0&Prime; horizontal_offset_tablet=\u00a0\u00bb0&Prime; z_index_tablet=\u00a0\u00bb0&Prime; \/][et_pb_divider admin_label=\u00a0\u00bbDivider\u00a0\u00bb color=\u00a0\u00bb#eeeeee\u00a0\u00bb show_divider=\u00a0\u00bbon\u00a0\u00bb divider_style=\u00a0\u00bbsolid\u00a0\u00bb divider_position=\u00a0\u00bbcenter\u00a0\u00bb hide_on_mobile=\u00a0\u00bbon\u00a0\u00bb height=\u00a0\u00bb40&Prime; disabled_on=\u00a0\u00bbon|on|off\u00a0\u00bb \/][et_pb_text admin_label=\u00a0\u00bbText\u00a0\u00bb background_layout=\u00a0\u00bblight\u00a0\u00bb text_orientation=\u00a0\u00bbcenter\u00a0\u00bb use_border_color=\u00a0\u00bboff\u00a0\u00bb border_color=\u00a0\u00bb#ffffff\u00a0\u00bb border_style=\u00a0\u00bbsolid\u00a0\u00bb module_alignment=\u00a0\u00bbcenter\u00a0\u00bb]<\/p>\n<p>Le docteur Brahmachari Girish Varma Ji, Raja Harris &amp; Arlene Kaplan vous invitent chaleureusement \u00e0 venir et faire l\u2019exp\u00e9rience de la cr\u00e9ation du premier grand groupe de pandits v\u00e9diques Maharishi au Brahmasthan de l\u2019Inde. Maharishi a surnomm\u00e9 le Brahmasthan, \u2018\u2019Le lieu le plus saint de tous les lieux saints de l\u2019Inde\u2019\u2019. Venez appr\u00e9cier les r\u00e9citations v\u00e9diques quotidiennes des pandits v\u00e9diques Maharishi. Venez profiter de m\u00e9ditations profondes, d\u2019un programme de connaissance, d\u2019une nourriture somptueuse dans nos locaux confortables. Nous esp\u00e9rons vous accueillir prochainement.<\/p>\n<p>[\/et_pb_text][et_pb_divider admin_label=\u00a0\u00bbDivider\u00a0\u00bb color=\u00a0\u00bb#ffffff\u00a0\u00bb show_divider=\u00a0\u00bboff\u00a0\u00bb height=\u00a0\u00bb15&Prime; divider_style=\u00a0\u00bbsolid\u00a0\u00bb divider_position=\u00a0\u00bbtop\u00a0\u00bb hide_on_mobile=\u00a0\u00bbon\u00a0\u00bb disabled_on=\u00a0\u00bbon|on|off\u00a0\u00bb \/][et_pb_image src=\u00a0\u00bbhttps:\/\/www.maharishiindiacourses.com\/testinstall\/wp-content\/uploads\/2013\/03\/lotusgraphic2.jpg\u00a0\u00bb show_in_lightbox=\u00a0\u00bboff\u00a0\u00bb url_new_window=\u00a0\u00bboff\u00a0\u00bb use_overlay=\u00a0\u00bboff\u00a0\u00bb animation=\u00a0\u00bboff\u00a0\u00bb sticky=\u00a0\u00bboff\u00a0\u00bb align=\u00a0\u00bbcenter\u00a0\u00bb force_fullwidth=\u00a0\u00bboff\u00a0\u00bb always_center_on_mobile=\u00a0\u00bbon\u00a0\u00bb use_border_color=\u00a0\u00bboff\u00a0\u00bb border_color=\u00a0\u00bb#ffffff\u00a0\u00bb border_style=\u00a0\u00bbsolid\u00a0\u00bb module_class=\u00a0\u00bblotusclass\u00a0\u00bb saved_tabs=\u00a0\u00bball\u00a0\u00bb show_bottom_space=\u00a0\u00bbon\u00a0\u00bb animation_style=\u00a0\u00bbnone\u00a0\u00bb animation_duration=\u00a0\u00bb1000ms\u00a0\u00bb animation_intensity_slide=\u00a0\u00bb50%\u00a0\u00bb \/][\/et_pb_column][\/et_pb_row][\/et_pb_section]<\/p>","protected":false},"excerpt":{"rendered":"<p>\u00ab\u00a0C&rsquo;est une grande b\u00e9n\u00e9diction pour le monde qu&rsquo;il puisse exister une soci\u00e9t\u00e9 o\u00f9 chacun re\u00e7oit le soutien de tous pour une vie heureuse. Nous avons commenc\u00e9 \u00e0 former quelques groupes de pandits v\u00e9diques et nous allons cr\u00e9er un nombre de groupes de plus en plus grand. Nous allons amener l&rsquo;effet des yagyas gr\u00e2ce \u00e0 ces [&hellip;]<\/p>\n","protected":false},"author":3,"featured_media":0,"parent":0,"menu_order":0,"comment_status":"closed","ping_status":"closed","template":"","meta":{"_et_pb_use_builder":"on","_et_pb_old_content":"","_et_gb_content_width":"","footnotes":""},"_links":{"self":[{"href":"https:\/\/www.maharishiindiacourses.com\/fr\/wp-json\/wp\/v2\/pages\/36"}],"collection":[{"href":"https:\/\/www.maharishiindiacourses.com\/fr\/wp-json\/wp\/v2\/pages"}],"about":[{"href":"https:\/\/www.maharishiindiacourses.com\/fr\/wp-json\/wp\/v2\/types\/page"}],"author":[{"embeddable":true,"href":"https:\/\/www.maharishiindiacourses.com\/fr\/wp-json\/wp\/v2\/users\/3"}],"replies":[{"embeddable":true,"href":"https:\/\/www.maharishiindiacourses.com\/fr\/wp-json\/wp\/v2\/comments?post=36"}],"version-history":[{"count":197,"href":"https:\/\/www.maharishiindiacourses.com\/fr\/wp-json\/wp\/v2\/pages\/36\/revisions"}],"predecessor-version":[{"id":6978,"href":"https:\/\/www.maharishiindiacourses.com\/fr\/wp-json\/wp\/v2\/pages\/36\/revisions\/6978"}],"wp:attachment":[{"href":"https:\/\/www.maharishiindiacourses.com\/fr\/wp-json\/wp\/v2\/media?parent=36"}],"curies":[{"name":"wp","href":"https:\/\/api.w.org\/{rel}","templated":true}]}}