{"id":98,"date":"2013-03-25T23:09:49","date_gmt":"2013-03-25T22:09:49","guid":{"rendered":"http:\/\/50.87.21.52\/?page_id=98"},"modified":"2025-12-25T05:54:02","modified_gmt":"2025-12-25T05:54:02","slug":"calendar","status":"publish","type":"page","link":"https:\/\/www.maharishiindiacourses.com\/es\/calendar\/","title":{"rendered":"Calendar"},"content":{"rendered":"<p>[et_pb_section bb_built=\u00bb1&#8243; fullwidth=\u00bbon\u00bb specialty=\u00bboff\u00bb transparent_background=\u00bboff\u00bb allow_player_pause=\u00bboff\u00bb inner_shadow=\u00bboff\u00bb parallax=\u00bboff\u00bb parallax_method=\u00bboff\u00bb padding_mobile=\u00bboff\u00bb make_fullwidth=\u00bboff\u00bb use_custom_width=\u00bboff\u00bb width_unit=\u00bbon\u00bb make_equal=\u00bboff\u00bb use_custom_gutter=\u00bboff\u00bb custom_padding_tablet=\u00bb50px|0|50px|0&#8243; custom_padding_last_edited=\u00bbon|desktop\u00bb prev_background_color=\u00bb#000000&#8243; next_background_color=\u00bb#ffffff\u00bb inner_width=\u00bbauto\u00bb inner_max_width=\u00bbnone\u00bb][et_pb_fullwidth_image src=\u00bbhttps:\/\/www.maharishiindiacourses.com\/testinstall\/wp-content\/uploads\/2020\/02\/calendarv2-02-2020.jpg\u00bb animation=\u00bboff\u00bb use_border_color=\u00bboff\u00bb border_color=\u00bb#ffffff\u00bb border_style=\u00bbsolid\u00bb border_color_all=\u00bboff\u00bb _builder_version=\u00bb4.3.2&#8243; box_shadow_horizontal_tablet=\u00bb0px\u00bb box_shadow_vertical_tablet=\u00bb0px\u00bb box_shadow_blur_tablet=\u00bb40px\u00bb box_shadow_spread_tablet=\u00bb0px\u00bb vertical_offset_tablet=\u00bb0&#8243; horizontal_offset_tablet=\u00bb0&#8243; z_index_tablet=\u00bb0&#8243; \/][et_pb_fullwidth_code disabled=\u00bboff\u00bb disabled_on=\u00bbon|on|\u00bb module_class=\u00bbpageheadline\u00bb _builder_version=\u00bb4.21.0&#8243; z_index_tablet=\u00bb500&#8243; vertical_offset_tablet=\u00bb0&#8243; horizontal_offset_tablet=\u00bb0&#8243; box_shadow_horizontal_tablet=\u00bb0px\u00bb box_shadow_vertical_tablet=\u00bb0px\u00bb box_shadow_blur_tablet=\u00bb40px\u00bb box_shadow_spread_tablet=\u00bb0px\u00bb background_pattern_color=\u00bbrgba(0,0,0,0.2)\u00bb background_mask_color=\u00bb#ffffff\u00bb]<\/p>\n<h1>Calendario<\/h1>\n<p>[\/et_pb_fullwidth_code][et_pb_fullwidth_code disabled=\u00bboff\u00bb disabled_on=\u00bbon|on|\u00bb]<\/p>\n<div class=\"et_pb_fullwidth_header_scroll\" style=\"opacity: 4.09;\"><!\u2013- [et_pb_br_holder] -\u2013><!-- [et_pb_line_break_holder] --><a href=\"#\"><!\u2013- [et_pb_br_holder] -\u2013><!-- [et_pb_line_break_holder] --><span class=\"scroll-down et-pb-icon\">?<\/span><!\u2013- [et_pb_br_holder] -\u2013><!-- [et_pb_line_break_holder] --><\/a><!\u2013- [et_pb_br_holder] -\u2013><!-- [et_pb_line_break_holder] --><\/div>\n<p>[\/et_pb_fullwidth_code][\/et_pb_section][et_pb_section bb_built=\u00bb1&#8243; admin_label=\u00bbsection\u00bb prev_background_color=\u00bb#000000&#8243; inner_width=\u00bbauto\u00bb inner_max_width=\u00bbnone\u00bb][et_pb_row admin_label=\u00bbrow\u00bb width=\u00bb80%\u00bb max_width=\u00bb1080px\u00bb][et_pb_column type=\u00bb4_4&#8243; custom_padding=\u00bb|||\u00bb][et_pb_divider color=\u00bb#efefef\u00bb show_divider=\u00bboff\u00bb divider_position=\u00bbbottom\u00bb hide_on_mobile=\u00bbon\u00bb disabled_on=\u00bbon|on|off\u00bb _builder_version=\u00bb4.12.1&#8243; box_shadow_horizontal_tablet=\u00bb0px\u00bb box_shadow_vertical_tablet=\u00bb0px\u00bb box_shadow_blur_tablet=\u00bb40px\u00bb box_shadow_spread_tablet=\u00bb0px\u00bb vertical_offset_tablet=\u00bb0&#8243; horizontal_offset_tablet=\u00bb0&#8243; z_index_tablet=\u00bb0&#8243; \/][et_pb_text text_orientation=\u00bbcenter\u00bb use_border_color=\u00bboff\u00bb border_color_all=\u00bboff\u00bb module_alignment=\u00bbcenter\u00bb _builder_version=\u00bb4.21.0&#8243; text_text_shadow_horizontal_length=\u00bbtext_text_shadow_style,%91object Object%93&#8243; text_text_shadow_horizontal_length_tablet=\u00bb0px\u00bb text_text_shadow_vertical_length=\u00bbtext_text_shadow_style,%91object Object%93&#8243; text_text_shadow_vertical_length_tablet=\u00bb0px\u00bb text_text_shadow_blur_strength=\u00bbtext_text_shadow_style,%91object Object%93&#8243; text_text_shadow_blur_strength_tablet=\u00bb1px\u00bb link_text_shadow_horizontal_length=\u00bblink_text_shadow_style,%91object Object%93&#8243; link_text_shadow_horizontal_length_tablet=\u00bb0px\u00bb link_text_shadow_vertical_length=\u00bblink_text_shadow_style,%91object Object%93&#8243; link_text_shadow_vertical_length_tablet=\u00bb0px\u00bb link_text_shadow_blur_strength=\u00bblink_text_shadow_style,%91object Object%93&#8243; link_text_shadow_blur_strength_tablet=\u00bb1px\u00bb ul_text_shadow_horizontal_length=\u00bbul_text_shadow_style,%91object Object%93&#8243; ul_text_shadow_horizontal_length_tablet=\u00bb0px\u00bb ul_text_shadow_vertical_length=\u00bbul_text_shadow_style,%91object Object%93&#8243; ul_text_shadow_vertical_length_tablet=\u00bb0px\u00bb ul_text_shadow_blur_strength=\u00bbul_text_shadow_style,%91object Object%93&#8243; ul_text_shadow_blur_strength_tablet=\u00bb1px\u00bb ol_text_shadow_horizontal_length=\u00bbol_text_shadow_style,%91object Object%93&#8243; ol_text_shadow_horizontal_length_tablet=\u00bb0px\u00bb ol_text_shadow_vertical_length=\u00bbol_text_shadow_style,%91object Object%93&#8243; ol_text_shadow_vertical_length_tablet=\u00bb0px\u00bb ol_text_shadow_blur_strength=\u00bbol_text_shadow_style,%91object Object%93&#8243; ol_text_shadow_blur_strength_tablet=\u00bb1px\u00bb quote_text_shadow_horizontal_length=\u00bbquote_text_shadow_style,%91object Object%93&#8243; quote_text_shadow_horizontal_length_tablet=\u00bb0px\u00bb quote_text_shadow_vertical_length=\u00bbquote_text_shadow_style,%91object Object%93&#8243; quote_text_shadow_vertical_length_tablet=\u00bb0px\u00bb quote_text_shadow_blur_strength=\u00bbquote_text_shadow_style,%91object Object%93&#8243; quote_text_shadow_blur_strength_tablet=\u00bb1px\u00bb header_text_shadow_horizontal_length=\u00bbheader_text_shadow_style,%91object Object%93&#8243; header_text_shadow_horizontal_length_tablet=\u00bb0px\u00bb header_text_shadow_vertical_length=\u00bbheader_text_shadow_style,%91object Object%93&#8243; header_text_shadow_vertical_length_tablet=\u00bb0px\u00bb header_text_shadow_blur_strength=\u00bbheader_text_shadow_style,%91object Object%93&#8243; header_text_shadow_blur_strength_tablet=\u00bb1px\u00bb header_2_text_shadow_horizontal_length=\u00bbheader_2_text_shadow_style,%91object Object%93&#8243; header_2_text_shadow_horizontal_length_tablet=\u00bb0px\u00bb header_2_text_shadow_vertical_length=\u00bbheader_2_text_shadow_style,%91object Object%93&#8243; header_2_text_shadow_vertical_length_tablet=\u00bb0px\u00bb header_2_text_shadow_blur_strength=\u00bbheader_2_text_shadow_style,%91object Object%93&#8243; header_2_text_shadow_blur_strength_tablet=\u00bb1px\u00bb header_3_text_shadow_horizontal_length=\u00bbheader_3_text_shadow_style,%91object Object%93&#8243; header_3_text_shadow_horizontal_length_tablet=\u00bb0px\u00bb header_3_text_shadow_vertical_length=\u00bbheader_3_text_shadow_style,%91object Object%93&#8243; header_3_text_shadow_vertical_length_tablet=\u00bb0px\u00bb header_3_text_shadow_blur_strength=\u00bbheader_3_text_shadow_style,%91object Object%93&#8243; header_3_text_shadow_blur_strength_tablet=\u00bb1px\u00bb header_4_text_shadow_horizontal_length=\u00bbheader_4_text_shadow_style,%91object Object%93&#8243; header_4_text_shadow_horizontal_length_tablet=\u00bb0px\u00bb header_4_text_shadow_vertical_length=\u00bbheader_4_text_shadow_style,%91object Object%93&#8243; header_4_text_shadow_vertical_length_tablet=\u00bb0px\u00bb header_4_text_shadow_blur_strength=\u00bbheader_4_text_shadow_style,%91object Object%93&#8243; header_4_text_shadow_blur_strength_tablet=\u00bb1px\u00bb header_5_text_shadow_horizontal_length=\u00bbheader_5_text_shadow_style,%91object Object%93&#8243; header_5_text_shadow_horizontal_length_tablet=\u00bb0px\u00bb header_5_text_shadow_vertical_length=\u00bbheader_5_text_shadow_style,%91object Object%93&#8243; header_5_text_shadow_vertical_length_tablet=\u00bb0px\u00bb header_5_text_shadow_blur_strength=\u00bbheader_5_text_shadow_style,%91object Object%93&#8243; header_5_text_shadow_blur_strength_tablet=\u00bb1px\u00bb header_6_text_shadow_horizontal_length=\u00bbheader_6_text_shadow_style,%91object Object%93&#8243; header_6_text_shadow_horizontal_length_tablet=\u00bb0px\u00bb header_6_text_shadow_vertical_length=\u00bbheader_6_text_shadow_style,%91object Object%93&#8243; header_6_text_shadow_vertical_length_tablet=\u00bb0px\u00bb header_6_text_shadow_blur_strength=\u00bbheader_6_text_shadow_style,%91object Object%93&#8243; header_6_text_shadow_blur_strength_tablet=\u00bb1px\u00bb box_shadow_horizontal_tablet=\u00bb0px\u00bb box_shadow_vertical_tablet=\u00bb0px\u00bb box_shadow_blur_tablet=\u00bb40px\u00bb box_shadow_spread_tablet=\u00bb0px\u00bb z_index_tablet=\u00bb500&#8243; vertical_offset_tablet=\u00bb0&#8243; horizontal_offset_tablet=\u00bb0&#8243; background_pattern_color=\u00bbrgba(0,0,0,0.2)\u00bb background_mask_color=\u00bb#ffffff\u00bb]<\/p>\n<p>Ya se aceptan solicitudes para la temporada 13, que abarcar\u00e1 desde el lunes 2 de noviembre de 2026 hasta el lunes 15 de marzo de 2027. La reserva m\u00ednima es de una semana (de lunes a lunes). Se recomienda una estancia de dos semanas o m\u00e1s para una experiencia m\u00e1s profunda del Brahmasthan.<\/p>\n<p>Muchos de los visitantes nos han pedido un calendario con la lista ( justo debajo ) de las celebraciones V\u00e9dicas durante nuestra temporada. En estos d\u00edas, adicionalmente a todas las maravillosas recitaciones especiales que hemos organizado diariamente para ustedes durante todas las semanas, iremos a la sala principal de celebraciones y disfrutaremos escuchando a los Pandits realizando recitaciones V\u00e9dicas en vivo para esos d\u00edas, conect\u00e1ndonos tambi\u00e9n por video conferencia con la celebraci\u00f3n en MERU Holanda.Todas las semanas, haya celebraci\u00f3n V\u00e9dica o no, todos los invitados acuden a la sala principal para asistir a la realizaci\u00f3n de Atirudrabhishek, la Yagya especial para la paz mundial. <\/p>\n<p><a href=\"https:\/\/apply.vedicpandits.org\" target=\"_blank\" rel=\"noopener noreferrer\">Para obtener una lista completa de los cursos incluyendo disponibilidad y fechas de inscripci\u00f3n<\/a>.<\/p>\n<p>[\/et_pb_text][et_pb_divider color=\u00bb#efefef\u00bb show_divider=\u00bbon\u00bb height=\u00bb50&#8243; divider_style=\u00bbsolid\u00bb divider_position=\u00bbcenter\u00bb hide_on_mobile=\u00bbon\u00bb disabled_on=\u00bbon|on|off\u00bb \/][et_pb_text admin_label=\u00bbCalendar\u00bb text_orientation=\u00bbcenter\u00bb use_border_color=\u00bboff\u00bb border_color_all=\u00bboff\u00bb module_alignment=\u00bbcenter\u00bb _builder_version=\u00bb4.21.0&#8243; z_index_tablet=\u00bb500&#8243; text_text_shadow_horizontal_length=\u00bbtext_text_shadow_style,%91object Object%93&#8243; text_text_shadow_horizontal_length_tablet=\u00bb0px\u00bb text_text_shadow_vertical_length=\u00bbtext_text_shadow_style,%91object Object%93&#8243; text_text_shadow_vertical_length_tablet=\u00bb0px\u00bb text_text_shadow_blur_strength=\u00bbtext_text_shadow_style,%91object Object%93&#8243; text_text_shadow_blur_strength_tablet=\u00bb1px\u00bb link_text_shadow_horizontal_length=\u00bblink_text_shadow_style,%91object Object%93&#8243; link_text_shadow_horizontal_length_tablet=\u00bb0px\u00bb link_text_shadow_vertical_length=\u00bblink_text_shadow_style,%91object Object%93&#8243; link_text_shadow_vertical_length_tablet=\u00bb0px\u00bb link_text_shadow_blur_strength=\u00bblink_text_shadow_style,%91object Object%93&#8243; link_text_shadow_blur_strength_tablet=\u00bb1px\u00bb ul_text_shadow_horizontal_length=\u00bbul_text_shadow_style,%91object Object%93&#8243; ul_text_shadow_horizontal_length_tablet=\u00bb0px\u00bb ul_text_shadow_vertical_length=\u00bbul_text_shadow_style,%91object Object%93&#8243; ul_text_shadow_vertical_length_tablet=\u00bb0px\u00bb ul_text_shadow_blur_strength=\u00bbul_text_shadow_style,%91object Object%93&#8243; ul_text_shadow_blur_strength_tablet=\u00bb1px\u00bb ol_text_shadow_horizontal_length=\u00bbol_text_shadow_style,%91object Object%93&#8243; ol_text_shadow_horizontal_length_tablet=\u00bb0px\u00bb ol_text_shadow_vertical_length=\u00bbol_text_shadow_style,%91object Object%93&#8243; ol_text_shadow_vertical_length_tablet=\u00bb0px\u00bb ol_text_shadow_blur_strength=\u00bbol_text_shadow_style,%91object Object%93&#8243; ol_text_shadow_blur_strength_tablet=\u00bb1px\u00bb quote_text_shadow_horizontal_length=\u00bbquote_text_shadow_style,%91object Object%93&#8243; quote_text_shadow_horizontal_length_tablet=\u00bb0px\u00bb quote_text_shadow_vertical_length=\u00bbquote_text_shadow_style,%91object Object%93&#8243; quote_text_shadow_vertical_length_tablet=\u00bb0px\u00bb quote_text_shadow_blur_strength=\u00bbquote_text_shadow_style,%91object Object%93&#8243; quote_text_shadow_blur_strength_tablet=\u00bb1px\u00bb header_text_shadow_horizontal_length=\u00bbheader_text_shadow_style,%91object Object%93&#8243; header_text_shadow_horizontal_length_tablet=\u00bb0px\u00bb header_text_shadow_vertical_length=\u00bbheader_text_shadow_style,%91object Object%93&#8243; header_text_shadow_vertical_length_tablet=\u00bb0px\u00bb header_text_shadow_blur_strength=\u00bbheader_text_shadow_style,%91object Object%93&#8243; header_text_shadow_blur_strength_tablet=\u00bb1px\u00bb header_2_text_shadow_horizontal_length=\u00bbheader_2_text_shadow_style,%91object Object%93&#8243; header_2_text_shadow_horizontal_length_tablet=\u00bb0px\u00bb header_2_text_shadow_vertical_length=\u00bbheader_2_text_shadow_style,%91object Object%93&#8243; header_2_text_shadow_vertical_length_tablet=\u00bb0px\u00bb header_2_text_shadow_blur_strength=\u00bbheader_2_text_shadow_style,%91object Object%93&#8243; header_2_text_shadow_blur_strength_tablet=\u00bb1px\u00bb header_3_text_shadow_horizontal_length=\u00bbheader_3_text_shadow_style,%91object Object%93&#8243; header_3_text_shadow_horizontal_length_tablet=\u00bb0px\u00bb header_3_text_shadow_vertical_length=\u00bbheader_3_text_shadow_style,%91object Object%93&#8243; header_3_text_shadow_vertical_length_tablet=\u00bb0px\u00bb header_3_text_shadow_blur_strength=\u00bbheader_3_text_shadow_style,%91object Object%93&#8243; header_3_text_shadow_blur_strength_tablet=\u00bb1px\u00bb header_4_text_shadow_horizontal_length=\u00bbheader_4_text_shadow_style,%91object Object%93&#8243; header_4_text_shadow_horizontal_length_tablet=\u00bb0px\u00bb header_4_text_shadow_vertical_length=\u00bbheader_4_text_shadow_style,%91object Object%93&#8243; header_4_text_shadow_vertical_length_tablet=\u00bb0px\u00bb header_4_text_shadow_blur_strength=\u00bbheader_4_text_shadow_style,%91object Object%93&#8243; header_4_text_shadow_blur_strength_tablet=\u00bb1px\u00bb header_5_text_shadow_horizontal_length=\u00bbheader_5_text_shadow_style,%91object Object%93&#8243; header_5_text_shadow_horizontal_length_tablet=\u00bb0px\u00bb header_5_text_shadow_vertical_length=\u00bbheader_5_text_shadow_style,%91object Object%93&#8243; header_5_text_shadow_vertical_length_tablet=\u00bb0px\u00bb header_5_text_shadow_blur_strength=\u00bbheader_5_text_shadow_style,%91object Object%93&#8243; header_5_text_shadow_blur_strength_tablet=\u00bb1px\u00bb header_6_text_shadow_horizontal_length=\u00bbheader_6_text_shadow_style,%91object Object%93&#8243; header_6_text_shadow_horizontal_length_tablet=\u00bb0px\u00bb header_6_text_shadow_vertical_length=\u00bbheader_6_text_shadow_style,%91object Object%93&#8243; header_6_text_shadow_vertical_length_tablet=\u00bb0px\u00bb header_6_text_shadow_blur_strength=\u00bbheader_6_text_shadow_style,%91object Object%93&#8243; header_6_text_shadow_blur_strength_tablet=\u00bb1px\u00bb box_shadow_horizontal_tablet=\u00bb0px\u00bb box_shadow_vertical_tablet=\u00bb0px\u00bb box_shadow_blur_tablet=\u00bb40px\u00bb box_shadow_spread_tablet=\u00bb0px\u00bb vertical_offset_tablet=\u00bb0&#8243; horizontal_offset_tablet=\u00bb0&#8243; background_pattern_color=\u00bbrgba(0,0,0,0.2)\u00bb background_mask_color=\u00bb#ffffff\u00bb]<\/p>\n<h2 style=\"margin-bottom:20px;\">Lista de Celebraciones V\u00e9dicas<\/h2>\n<table border=\"0\" width=\"50%\" cellspacing=\"0\" cellpadding=\"0\" style=\"margin-top: 20px;\">\n<tbody>\n<tr>\n<td align=\"center\">\n<h3 style=\"margin-bottom: 0;\">Temporada 13<\/h3>\n<\/td>\n<\/tr>\n<tr>\n<td style=\"padding-top: 20px !important; display: none;\" align=\"center\">Octubre 2026<\/td>\n<\/tr>\n<tr>\n<td align=\"center\">\n<\/td>\n<\/tr>\n<tr>\n<td style=\"padding-top: 20px !important;\" align=\"center\">Noviembre 2026<\/td>\n<\/tr>\n<tr>\n<td align=\"center\">\n<div>6 de noviembre \u2013 Dhanvantari Jayanti: D\u00eda del AyurVeda<\/div>\n<div>7 de noviembre \u2013 Hanuman Jayanti<\/div>\n<div>8 de noviembre \u2013 Dipavali: Mahalakshmi<\/div>\n<div>20 de noviembre \u2013 Deva Prabhodini Ekadashi: D\u00eda del Despertar<\/div>\n<\/td>\n<\/tr>\n<tr>\n<td style=\"padding-top: 20px !important;\" align=\"center\">Diciembre 2026<\/td>\n<\/tr>\n<tr>\n<td align=\"center\">\n<div>15 de diciembre \u2013 Skanda Shashthi: D\u00eda del Kartikeya<\/div>\n<\/td>\n<\/tr>\n<tr>\n<td style=\"padding-top: 20px !important;\" align=\"center\">Enero 2027<\/td>\n<\/tr>\n<tr>\n<td align=\"center\">\n<div>10 de enero \u2013 Cumplea\u00f1os de Raja Raam<\/div>\n<div>12 de enero \u2013 Cumplea\u00f1os de Maharishi<\/div>\n<\/td>\n<\/tr>\n<tr>\n<td style=\"padding-top: 20px !important;\" align=\"center\">Febrero 2027<\/td>\n<\/tr>\n<tr>\n<td align=\"center\">\n<div>11 de febrero \u2013 Vasant Panchami: Saraswati<\/div>\n<\/td>\n<\/tr>\n<tr>\n<td style=\"padding-top: 20px !important;\" align=\"center\">Marzo 2027<\/td>\n<\/tr>\n<tr>\n<td align=\"center\">\n<div>6 de marzo \u2013 D\u00eda de Maha Shivaratri<\/div>\n<\/td>\n<\/tr>\n<\/tbody>\n<\/table>\n<p>[\/et_pb_text][et_pb_divider color=\u00bb#efefef\u00bb show_divider=\u00bbon\u00bb height=\u00bb50&#8243; divider_style=\u00bbsolid\u00bb divider_position=\u00bbcenter\u00bb hide_on_mobile=\u00bbon\u00bb disabled_on=\u00bbon|on|off\u00bb \/][et_pb_image src=\u00bbhttps:\/\/www.maharishiindiacourses.com\/testinstall\/wp-content\/uploads\/2020\/02\/calendar-secondv2-02-2020.jpg\u00bb animation=\u00bboff\u00bb sticky=\u00bboff\u00bb align=\u00bbcenter\u00bb use_border_color=\u00bboff\u00bb border_color=\u00bb#ffffff\u00bb border_style=\u00bbsolid\u00bb border_color_all=\u00bboff\u00bb align_last_edited=\u00bbon|desktop\u00bb align_tablet=\u00bbcenter\u00bb box_shadow_horizontal_tablet=\u00bb0px\u00bb box_shadow_vertical_tablet=\u00bb0px\u00bb box_shadow_blur_tablet=\u00bb40px\u00bb box_shadow_spread_tablet=\u00bb0px\u00bb vertical_offset_tablet=\u00bb0&#8243; horizontal_offset_tablet=\u00bb0&#8243; z_index_tablet=\u00bb0&#8243; disabled_on=\u00bbon|on|off\u00bb \/][et_pb_divider color=\u00bb#ededed\u00bb show_divider=\u00bboff\u00bb height=\u00bb30&#8243; divider_style=\u00bbsolid\u00bb divider_position=\u00bbcenter\u00bb hide_on_mobile=\u00bbon\u00bb disabled_on=\u00bbon|on|off\u00bb \/][et_pb_image src=\u00bbhttps:\/\/www.maharishiindiacourses.com\/testinstall\/wp-content\/uploads\/2013\/03\/lotusgraphic2.jpg\u00bb show_in_lightbox=\u00bboff\u00bb url_new_window=\u00bboff\u00bb use_overlay=\u00bboff\u00bb animation=\u00bboff\u00bb sticky=\u00bboff\u00bb align=\u00bbcenter\u00bb force_fullwidth=\u00bboff\u00bb always_center_on_mobile=\u00bbon\u00bb use_border_color=\u00bboff\u00bb border_color=\u00bb#ffffff\u00bb border_style=\u00bbsolid\u00bb module_class=\u00bblotusclass\u00bb show_bottom_space=\u00bbon\u00bb animation_style=\u00bbnone\u00bb animation_duration=\u00bb1000ms\u00bb animation_intensity_slide=\u00bb50%\u00bb align_last_edited=\u00bbon|desktop\u00bb align_tablet=\u00bbcenter\u00bb disabled_on=\u00bbon|on|off\u00bb \/][\/et_pb_column][\/et_pb_row][\/et_pb_section]<\/p>","protected":false},"excerpt":{"rendered":"<p>Ya se aceptan solicitudes para la temporada 13, que abarcar\u00e1 desde el lunes 2 de noviembre de 2026 hasta el lunes 15 de marzo de 2027. La reserva m\u00ednima es de una semana (de lunes a lunes). Se recomienda una estancia de dos semanas o m\u00e1s para una experiencia m\u00e1s profunda del Brahmasthan. Muchos de [&hellip;]<\/p>\n","protected":false},"author":3,"featured_media":0,"parent":0,"menu_order":4,"comment_status":"closed","ping_status":"closed","template":"","meta":{"_et_pb_use_builder":"on","_et_pb_old_content":"<!--<img src=\"\/wp-content\/uploads\/2014\/06\/calendarpage-new.jpg\">--><img src=\"\/wp-content\/uploads\/2015\/08\/calendarpage-edited-1.jpg\">\r\n<a href=\"#scroll\"><h1 class=\"entry-title pagetitle\"><span>Calendar<\/span><\/h1><\/a>\r\n<div id=\"scroll\"><\/div>\r\n\r\n<p>Applications are now being accepted for our current Season 5 and next Season 6. Season 5 runs from Monday, October 12, 2015 through Monday, March 14, 2016. Season 6 will run from Monday, September 25, 2016 to March 13, 2017. The minimum booking is for one week (Monday to Monday). A stay of two weeks or longer is recommended for a deeper experience of the Brahmasthan.<\/p>\r\n\r\n<p>Many guests have asked for a calendar listing, just below, of the Vedic celebrations during our season. On these days, in addition to all the wonderful special recitations organized daily for you during all weeks, we go to the main celebration hall and enjoy the Pandits doing the live Vedic performances for those days, as well as connecting by video conference with the celebration in MERU Holland. During every week, whether a Vedic celebration or not, all guests go over to the main hall for the performance of Atirudrabhishek, the special Yagya for peace for our world. <em>For a list of course dates, see the drop-down menu on the <a href=\"https:\/\/vedicpandits.org\/apply\/\" target=\"_blank\">Booking page<\/a>.<\/em><\/p>\r\n\r\n<!--<p>There is still space available during our first week of courses next season (October 12 to 19) which falls during the 9 Days of Mother Divine. We feel that these 9 Days are the \"best kept secret of Bijauri\" with three to five hours of live recitation every day by the Maharishi Vedic Pandits; we would love to share this unforgettable and deeply profound experience with everyone. <\/p>-->\r\n\r\nTo view available\/sold out dates, please see the top of the <a href=\"https:\/\/apply.vedicpandits.org\/\">Booking page<\/a>.\r\n   \r\n<h3>List of Vedic Celebrations<\/h3>\r\n<table border=\"0\" bordercolor=\"#FFCC00\" width=\"50%\" cellpadding=\"0\" cellspacing=\"0\">\r\n<tr>\r\n\t<td colspan=\"2\" style=\"padding-top:20px !important;\">\r\n\t\t<h3 style=\"margin-bottom:0;\">Season 5<\/h3>\r\n\t<\/td>\r\n<\/tr>\r\n<!--<tr>\r\n\t<td colspan=\"2\" style=\"padding-top:20px !important;\"><strong>October 2015<\/strong><\/td>\r\n<tr>\r\n\t<td>October 13 to 22<\/td>\r\n\t<td>Sharadiya Navaratri: Nine Days of Mother Divine<\/td>\r\n<\/tr>\t\r\n<tr>\r\n\t<td>October 22<\/td>\r\n\t<td>Vijaya Dashami: Victory Day<\/td>\r\n<\/tr>\r\n<tr>\r\n\t<td colspan=\"2\" style=\"padding-top:20px !important;\"><strong>December 2015<\/strong><\/td>\r\n<\/tr>\r\n<tr>\r\n\t<td>December 17<\/td>\r\n\t<td>Skanda Shashthi: Day of Kartikeya<\/td>\r\n<\/tr>-->\r\n<tr>\r\n\t<td colspan=\"2\" style=\"padding-top:20px !important;\"><strong>January 2016<\/strong><\/td>\r\n<\/tr>\r\n<tr>\r\n\t<td>January 12<\/td>\r\n\t<td>Celebration of January 12th<\/td>\r\n<\/tr>\r\n<tr>\r\n\t<td colspan=\"2\" style=\"padding-top:20px !important;\"><strong>February 2016<\/strong><\/td>\r\n<\/tr>\r\n<tr>\r\n\t<td>February 13<\/td>\r\n\t<td>Vasant Panchami: Saraswati<\/td>\r\n<\/tr>\t\r\n<tr>\r\n\t<td colspan=\"2\" style=\"padding-top:20px !important;\"><strong>March 2016<\/strong><\/td>\r\n<\/tr>\r\n<tr>\r\n\t<td>March 8<\/td>\r\n\t<td>Day of Maha Shivaratri<\/td>\r\n<\/tr>\r\n<tr>\r\n\t<td colspan=\"2\" style=\"padding-top:20px !important;\">\r\n\t\t<h3 style=\"margin-bottom:0;\">Season 6<\/h3>\r\n\t<\/td>\r\n<\/tr>\r\n<tr>\r\n\t<td colspan=\"2\" style=\"padding-top:20px !important;\"><strong>October 2016<\/strong><\/td>\r\n<tr>\r\n\t<td>October 1 to 10<\/td>\r\n\t<td>Sharadiya Navaratri: Nine Days of Mother Divine<\/td>\r\n<\/tr>\t\r\n<tr>\r\n\t<td>October 11<\/td>\r\n\t<td>Vijaya Dashami: Victory Day<\/td>\r\n<\/tr>\r\n<tr>\r\n\t<td>October 28<\/td>\r\n\t<td>Dhanvantari Jayanti: Day of Ayur-Veda<\/td>\r\n<\/tr>\r\n<tr>\r\n\t<td>October 29<\/td>\r\n\t<td>Hanuman Jayanti<\/td>\r\n<\/tr>\r\n<tr>\r\n\t<td>October 30<\/td>\r\n\t<td>Dipavali: Mahalakshmi<\/td>\r\n<\/tr>\r\n<tr>\r\n\t<td colspan=\"2\" style=\"padding-top:20px !important;\"><strong>November 2016<\/strong><\/td>\r\n<tr>\r\n<tr>\r\n\t<td>November 11<\/td>\r\n\t<td>Deva Prabhodini Ekadashi: Day of Awakening<\/td>\r\n<\/tr>\r\n<tr>\r\n\t<td colspan=\"2\" style=\"padding-top:20px !important;\"><strong>December 2016<\/strong><\/td>\r\n<tr>\r\n<tr>\r\n\t<td>December 5<\/td>\r\n\t<td>Skanda Shashthi: Day of Kartikeya<\/td>\r\n<\/tr>\r\n<tr>\r\n\t<td colspan=\"2\" style=\"padding-top:20px !important;\"><strong>January 2017<\/strong><\/td>\r\n<tr>\r\n<tr>\r\n\t<td>January 12<\/td>\r\n\t<td>Celebration of January 12th<\/td>\r\n<\/tr>\r\n<tr>\r\n\t<td colspan=\"2\" style=\"padding-top:20px !important;\"><strong>February 2017<\/strong><\/td>\r\n<tr>\r\n<tr>\r\n\t<td>February 1<\/td>\r\n\t<td>Vasant Panchami: Saraswati<\/td>\r\n<\/tr>\t\r\n<tr>\r\n\t<td>February 24<\/td>\r\n\t<td>Day of Maha Shivaratri<\/td>\r\n<\/tr>\t\r\n<\/table>","_et_gb_content_width":"","footnotes":""},"_links":{"self":[{"href":"https:\/\/www.maharishiindiacourses.com\/es\/wp-json\/wp\/v2\/pages\/98"}],"collection":[{"href":"https:\/\/www.maharishiindiacourses.com\/es\/wp-json\/wp\/v2\/pages"}],"about":[{"href":"https:\/\/www.maharishiindiacourses.com\/es\/wp-json\/wp\/v2\/types\/page"}],"author":[{"embeddable":true,"href":"https:\/\/www.maharishiindiacourses.com\/es\/wp-json\/wp\/v2\/users\/3"}],"replies":[{"embeddable":true,"href":"https:\/\/www.maharishiindiacourses.com\/es\/wp-json\/wp\/v2\/comments?post=98"}],"version-history":[{"count":632,"href":"https:\/\/www.maharishiindiacourses.com\/es\/wp-json\/wp\/v2\/pages\/98\/revisions"}],"predecessor-version":[{"id":7225,"href":"https:\/\/www.maharishiindiacourses.com\/es\/wp-json\/wp\/v2\/pages\/98\/revisions\/7225"}],"wp:attachment":[{"href":"https:\/\/www.maharishiindiacourses.com\/es\/wp-json\/wp\/v2\/media?parent=98"}],"curies":[{"name":"wp","href":"https:\/\/api.w.org\/{rel}","templated":true}]}}