{"id":36,"date":"2016-03-10T21:05:11","date_gmt":"2016-03-10T21:05:11","guid":{"rendered":"http:\/\/www.maharishiindiacourses.com\/testinstall\/?page_id=36"},"modified":"2024-03-19T07:59:13","modified_gmt":"2024-03-19T07:59:13","slug":"home","status":"publish","type":"page","link":"https:\/\/www.maharishiindiacourses.com\/es\/","title":{"rendered":"Home"},"content":{"rendered":"<p>[et_pb_section bb_built=\u00bb1&#8243; admin_label=\u00bbSection\u00bb fullwidth=\u00bbon\u00bb specialty=\u00bboff\u00bb transparent_background=\u00bboff\u00bb allow_player_pause=\u00bboff\u00bb inner_shadow=\u00bboff\u00bb parallax=\u00bboff\u00bb parallax_method=\u00bboff\u00bb padding_mobile=\u00bboff\u00bb make_fullwidth=\u00bboff\u00bb use_custom_width=\u00bboff\u00bb width_unit=\u00bbon\u00bb make_equal=\u00bboff\u00bb use_custom_gutter=\u00bboff\u00bb custom_padding_tablet=\u00bb50px|0|50px|0&#8243; custom_padding_last_edited=\u00bbon|desktop\u00bb prev_background_color=\u00bb#000000&#8243; next_background_color=\u00bb#FFFFFF\u00bb inner_width=\u00bbauto\u00bb inner_max_width=\u00bbnone\u00bb][et_pb_fullwidth_image admin_label=\u00bbFullwidth Image\u00bb src=\u00bbhttps:\/\/www.maharishiindiacourses.com\/testinstall\/wp-content\/uploads\/2020\/01\/home-header-01-2020.jpg\u00bb animation=\u00bboff\u00bb use_border_color=\u00bboff\u00bb border_color=\u00bb#ffffff\u00bb border_style=\u00bbsolid\u00bb border_color_all=\u00bb#ffffff\u00bb _builder_version=\u00bb4.3.2&#8243; box_shadow_horizontal_tablet=\u00bb0px\u00bb box_shadow_vertical_tablet=\u00bb0px\u00bb box_shadow_blur_tablet=\u00bb40px\u00bb box_shadow_spread_tablet=\u00bb0px\u00bb vertical_offset_tablet=\u00bb0&#8243; horizontal_offset_tablet=\u00bb0&#8243; z_index_tablet=\u00bb0&#8243; \/][et_pb_fullwidth_code admin_label=\u00bbFullwidth Code\u00bb disabled=\u00bboff\u00bb disabled_on=\u00bbon|on|\u00bb module_class=\u00bbpageheadline\u00bb]<\/p>\n<h1>\u00a0<\/h1>\n<p>[\/et_pb_fullwidth_code][et_pb_fullwidth_code admin_label=\u00bbFullwidth Code\u00bb disabled=\u00bboff\u00bb disabled_on=\u00bbon|on|\u00bb]<\/p>\n<div class=\"et_pb_fullwidth_header_scroll\" style=\"opacity: 4.09;\"><!\u2013- [et_pb_br_holder] -\u2013><!-- [et_pb_line_break_holder] --><a href=\"#\"><!\u2013- [et_pb_br_holder] -\u2013><!-- [et_pb_line_break_holder] --><span class=\"scroll-down et-pb-icon\">?<\/span><!\u2013- [et_pb_br_holder] -\u2013><!-- [et_pb_line_break_holder] --><\/a><!\u2013- [et_pb_br_holder] -\u2013><!-- [et_pb_line_break_holder] --><\/div>\n<p>[\/et_pb_fullwidth_code][\/et_pb_section][et_pb_section bb_built=\u00bb1&#8243; admin_label=\u00bbsection\u00bb prev_background_color=\u00bb#000000&#8243; inner_width=\u00bbauto\u00bb inner_max_width=\u00bbnone\u00bb][et_pb_row admin_label=\u00bbrow\u00bb width=\u00bb80%\u00bb max_width=\u00bb1080px\u00bb][et_pb_column type=\u00bb4_4&#8243;][et_pb_text admin_label=\u00bbText\u00bb background_layout=\u00bblight\u00bb text_orientation=\u00bbcenter\u00bb use_border_color=\u00bboff\u00bb border_color=\u00bb#ffffff\u00bb border_style=\u00bbsolid\u00bb module_alignment=\u00bbcenter\u00bb]<\/p>\n<p><em>\u201cEs una gran bendici\u00f3n para el mundo que exista una sociedad que merece el apoyo de todos, para que todos tengan un destino brillante. Hemos comenzado a entrenar a algunos grupos, (de Pandtis V\u00e9dicos) y vamos a crear grupos m\u00e1s y m\u00e1s grandes. Con ellos vamos a generar los efectos de las Yagyas y crearemos armon\u00eda\u201d.<br \/>\n\u2013 Maharishi<br \/>\nJulio 6, 2005<\/em><\/p>\n<p>[\/et_pb_text][et_pb_text admin_label=\u00bbText\u00bb background_layout=\u00bblight\u00bb text_orientation=\u00bbcenter\u00bb use_border_color=\u00bboff\u00bb border_color=\u00bb#ffffff\u00bb border_style=\u00bbsolid\u00bb module_alignment=\u00bbcenter\u00bb]<\/p>\n<p>Los cursos del Brahmasthan de India son una iniciativa de la Fundaci\u00f3n Brahmananda Saraswati. Maharishi organiz\u00f3 la Fundaci\u00f3n en los \u00faltimos d\u00edas de su vida, para salvaguardar la tradici\u00f3n de los Pandits V\u00e9dicos Maharishi para el presente y el futuro; y para ello establecer un gran grupo en el Brahmasthan de India.<\/p>\n<p>[\/et_pb_text][et_pb_divider admin_label=\u00bbDivider\u00bb color=\u00bb#eeeeee\u00bb show_divider=\u00bbon\u00bb divider_style=\u00bbsolid\u00bb divider_position=\u00bbcenter\u00bb hide_on_mobile=\u00bbon\u00bb height=\u00bb40&#8243; disabled_on=\u00bbon|on|off\u00bb \/][et_pb_image admin_label=\u00bbImage\u00bb src=\u00bbhttps:\/\/www.maharishiindiacourses.com\/testinstall\/wp-content\/uploads\/2020\/02\/home-second-02-2020.jpg\u00bb animation=\u00bboff\u00bb sticky=\u00bboff\u00bb align=\u00bbcenter\u00bb use_border_color=\u00bboff\u00bb border_color=\u00bb#ffffff\u00bb border_style=\u00bbsolid\u00bb border_color_all=\u00bb#ffffff\u00bb show_bottom_space=\u00bboff\u00bb _builder_version=\u00bb4.3.2&#8243; box_shadow_horizontal_tablet=\u00bb0px\u00bb box_shadow_vertical_tablet=\u00bb0px\u00bb box_shadow_blur_tablet=\u00bb40px\u00bb box_shadow_spread_tablet=\u00bb0px\u00bb vertical_offset_tablet=\u00bb0&#8243; horizontal_offset_tablet=\u00bb0&#8243; z_index_tablet=\u00bb0&#8243; \/][et_pb_divider admin_label=\u00bbDivider\u00bb color=\u00bb#eeeeee\u00bb show_divider=\u00bbon\u00bb divider_style=\u00bbsolid\u00bb divider_position=\u00bbcenter\u00bb hide_on_mobile=\u00bbon\u00bb height=\u00bb40&#8243; disabled_on=\u00bbon|on|off\u00bb \/][et_pb_text admin_label=\u00bbText\u00bb background_layout=\u00bblight\u00bb text_orientation=\u00bbcenter\u00bb use_border_color=\u00bboff\u00bb border_color=\u00bb#ffffff\u00bb border_style=\u00bbsolid\u00bb module_alignment=\u00bbcenter\u00bb]<\/p>\n<p>El lugar en el que se desarrollan los cursos es Bijauri, uno de los tres campus del Brahmasthan. Es un sitio \u00fanico en el que se puede experimentar profundamente esta preciosa bendici\u00f3n, los Pandits V\u00e9dicos Maharishi y la tecnolog\u00eda pr\u00e1ctica de la realizaci\u00f3n de las Yagyas \u2013 para el desarrollo de nuestra propia conciencia individual y para el bienestar del mundo. Al asistir a los cursos en el Brahmasthan, se contribuye directamente a la paz mundial y se ayuda a que se expanda el propio campus. Adem\u00e1s, estamos seguros de que aqu\u00ed tendr\u00e1s una experiencia profunda que te llevar\u00e1s contigo cuando vuelvas a casa.<\/p>\n<p>[\/et_pb_text][et_pb_divider admin_label=\u00bbDivider\u00bb color=\u00bb#eeeeee\u00bb show_divider=\u00bbon\u00bb divider_style=\u00bbsolid\u00bb divider_position=\u00bbcenter\u00bb hide_on_mobile=\u00bbon\u00bb height=\u00bb40&#8243; disabled_on=\u00bbon|on|off\u00bb \/][et_pb_image admin_label=\u00bbImage\u00bb src=\u00bbhttps:\/\/www.maharishiindiacourses.com\/testinstall\/wp-content\/uploads\/2020\/02\/home-thirdv2-02-2020.jpg\u00bb animation=\u00bboff\u00bb sticky=\u00bboff\u00bb align=\u00bbcenter\u00bb always_center_on_mobile=\u00bbon\u00bb use_border_color=\u00bboff\u00bb border_color=\u00bb#ffffff\u00bb border_style=\u00bbsolid\u00bb _builder_version=\u00bb4.3.2&#8243; box_shadow_horizontal_tablet=\u00bb0px\u00bb box_shadow_vertical_tablet=\u00bb0px\u00bb box_shadow_blur_tablet=\u00bb40px\u00bb box_shadow_spread_tablet=\u00bb0px\u00bb vertical_offset_tablet=\u00bb0&#8243; horizontal_offset_tablet=\u00bb0&#8243; z_index_tablet=\u00bb0&#8243; \/][et_pb_divider admin_label=\u00bbDivider\u00bb color=\u00bb#eeeeee\u00bb show_divider=\u00bbon\u00bb divider_style=\u00bbsolid\u00bb divider_position=\u00bbcenter\u00bb hide_on_mobile=\u00bbon\u00bb height=\u00bb40&#8243; disabled_on=\u00bbon|on|off\u00bb \/][et_pb_text admin_label=\u00bbText\u00bb background_layout=\u00bblight\u00bb text_orientation=\u00bbcenter\u00bb use_border_color=\u00bboff\u00bb border_color=\u00bb#ffffff\u00bb border_style=\u00bbsolid\u00bb module_alignment=\u00bbcenter\u00bb]<\/p>\n<p>Brahmachari Dr. Girish Varma Ji, Raja Harris y Arlene Kaplan te invitan cordialmente a que vengas y tengas la experiencia de la creaci\u00f3n de este primer grupo de Pandits V\u00e9dicos Maharishi en el Brahmasthan de India. Maharishi llamaba al Brahmasthan \u201cEl lugar m\u00e1s sagrado de India\u201d. Ven y disfruta las recitaciones en directo de los Pandits V\u00e9dicos Maharishi, de meditaciones profundas y programas para el conocimiento, una comida excelente, y de un alojamiento muy confortable. Esperamos darte la bienvenida pronto.<\/p>\n<p>[\/et_pb_text][et_pb_divider admin_label=\u00bbDivider\u00bb color=\u00bb#ffffff\u00bb show_divider=\u00bboff\u00bb height=\u00bb15&#8243; divider_style=\u00bbsolid\u00bb divider_position=\u00bbtop\u00bb hide_on_mobile=\u00bbon\u00bb disabled_on=\u00bbon|on|off\u00bb \/][et_pb_image admin_label=\u00bbImage\u00bb src=\u00bbhttps:\/\/www.maharishiindiacourses.com\/testinstall\/wp-content\/uploads\/2013\/03\/lotusgraphic2.jpg\u00bb show_in_lightbox=\u00bboff\u00bb url_new_window=\u00bboff\u00bb use_overlay=\u00bboff\u00bb animation=\u00bboff\u00bb sticky=\u00bboff\u00bb align=\u00bbcenter\u00bb force_fullwidth=\u00bboff\u00bb always_center_on_mobile=\u00bbon\u00bb use_border_color=\u00bboff\u00bb border_color=\u00bb#ffffff\u00bb border_style=\u00bbsolid\u00bb module_class=\u00bblotusclass\u00bb saved_tabs=\u00bball\u00bb show_bottom_space=\u00bbon\u00bb animation_style=\u00bbnone\u00bb animation_duration=\u00bb1000ms\u00bb animation_intensity_slide=\u00bb50%\u00bb \/][\/et_pb_column][\/et_pb_row][\/et_pb_section]<\/p>","protected":false},"excerpt":{"rendered":"<p>\u201cEs una gran bendici\u00f3n para el mundo que exista una sociedad que merece el apoyo de todos, para que todos tengan un destino brillante. Hemos comenzado a entrenar a algunos grupos, (de Pandtis V\u00e9dicos) y vamos a crear grupos m\u00e1s y m\u00e1s grandes. Con ellos vamos a generar los efectos de las Yagyas y crearemos [&hellip;]<\/p>\n","protected":false},"author":3,"featured_media":0,"parent":0,"menu_order":0,"comment_status":"closed","ping_status":"closed","template":"","meta":{"_et_pb_use_builder":"on","_et_pb_old_content":"","_et_gb_content_width":"","footnotes":""},"_links":{"self":[{"href":"https:\/\/www.maharishiindiacourses.com\/es\/wp-json\/wp\/v2\/pages\/36"}],"collection":[{"href":"https:\/\/www.maharishiindiacourses.com\/es\/wp-json\/wp\/v2\/pages"}],"about":[{"href":"https:\/\/www.maharishiindiacourses.com\/es\/wp-json\/wp\/v2\/types\/page"}],"author":[{"embeddable":true,"href":"https:\/\/www.maharishiindiacourses.com\/es\/wp-json\/wp\/v2\/users\/3"}],"replies":[{"embeddable":true,"href":"https:\/\/www.maharishiindiacourses.com\/es\/wp-json\/wp\/v2\/comments?post=36"}],"version-history":[{"count":197,"href":"https:\/\/www.maharishiindiacourses.com\/es\/wp-json\/wp\/v2\/pages\/36\/revisions"}],"predecessor-version":[{"id":6978,"href":"https:\/\/www.maharishiindiacourses.com\/es\/wp-json\/wp\/v2\/pages\/36\/revisions\/6978"}],"wp:attachment":[{"href":"https:\/\/www.maharishiindiacourses.com\/es\/wp-json\/wp\/v2\/media?parent=36"}],"curies":[{"name":"wp","href":"https:\/\/api.w.org\/{rel}","templated":true}]}}