{"id":98,"date":"2013-03-25T23:09:49","date_gmt":"2013-03-25T22:09:49","guid":{"rendered":"http:\/\/50.87.21.52\/?page_id=98"},"modified":"2025-12-25T05:54:02","modified_gmt":"2025-12-25T05:54:02","slug":"calendar","status":"publish","type":"page","link":"https:\/\/www.maharishiindiacourses.com\/de\/calendar\/","title":{"rendered":"Calendar"},"content":{"rendered":"<p>[et_pb_section bb_built=&#8220;1&#8243; fullwidth=&#8220;on&#8220; specialty=&#8220;off&#8220; transparent_background=&#8220;off&#8220; allow_player_pause=&#8220;off&#8220; inner_shadow=&#8220;off&#8220; parallax=&#8220;off&#8220; parallax_method=&#8220;off&#8220; padding_mobile=&#8220;off&#8220; make_fullwidth=&#8220;off&#8220; use_custom_width=&#8220;off&#8220; width_unit=&#8220;on&#8220; make_equal=&#8220;off&#8220; use_custom_gutter=&#8220;off&#8220; custom_padding_tablet=&#8220;50px|0|50px|0&#8243; custom_padding_last_edited=&#8220;on|desktop&#8220; prev_background_color=&#8220;#000000&#8243; next_background_color=&#8220;#ffffff&#8220; inner_width=&#8220;auto&#8220; inner_max_width=&#8220;none&#8220;][et_pb_fullwidth_image src=&#8220;https:\/\/www.maharishiindiacourses.com\/testinstall\/wp-content\/uploads\/2020\/02\/calendarv2-02-2020.jpg&#8220; animation=&#8220;off&#8220; use_border_color=&#8220;off&#8220; border_color=&#8220;#ffffff&#8220; border_style=&#8220;solid&#8220; border_color_all=&#8220;off&#8220; _builder_version=&#8220;4.3.2&#8243; box_shadow_horizontal_tablet=&#8220;0px&#8220; box_shadow_vertical_tablet=&#8220;0px&#8220; box_shadow_blur_tablet=&#8220;40px&#8220; box_shadow_spread_tablet=&#8220;0px&#8220; vertical_offset_tablet=&#8220;0&#8243; horizontal_offset_tablet=&#8220;0&#8243; z_index_tablet=&#8220;0&#8243; \/][et_pb_fullwidth_code disabled=&#8220;off&#8220; disabled_on=&#8220;on|on|&#8220; module_class=&#8220;pageheadline&#8220; _builder_version=&#8220;4.21.0&#8243; z_index_tablet=&#8220;500&#8243; vertical_offset_tablet=&#8220;0&#8243; horizontal_offset_tablet=&#8220;0&#8243; box_shadow_horizontal_tablet=&#8220;0px&#8220; box_shadow_vertical_tablet=&#8220;0px&#8220; box_shadow_blur_tablet=&#8220;40px&#8220; box_shadow_spread_tablet=&#8220;0px&#8220; background_pattern_color=&#8220;rgba(0,0,0,0.2)&#8220; background_mask_color=&#8220;#ffffff&#8220;]<\/p>\n<h1>Kalender<\/h1>\n<p>[\/et_pb_fullwidth_code][et_pb_fullwidth_code disabled=&#8220;off&#8220; disabled_on=&#8220;on|on|&#8220;]<\/p>\n<div class=\"et_pb_fullwidth_header_scroll\" style=\"opacity: 4.09;\"><!\u2013- [et_pb_br_holder] -\u2013><!-- [et_pb_line_break_holder] --><a href=\"#\"><!\u2013- [et_pb_br_holder] -\u2013><!-- [et_pb_line_break_holder] --><span class=\"scroll-down et-pb-icon\">?<\/span><!\u2013- [et_pb_br_holder] -\u2013><!-- [et_pb_line_break_holder] --><\/a><!\u2013- [et_pb_br_holder] -\u2013><!-- [et_pb_line_break_holder] --><\/div>\n<p>[\/et_pb_fullwidth_code][\/et_pb_section][et_pb_section bb_built=&#8220;1&#8243; admin_label=&#8220;section&#8220; prev_background_color=&#8220;#000000&#8243; inner_width=&#8220;auto&#8220; inner_max_width=&#8220;none&#8220;][et_pb_row admin_label=&#8220;row&#8220; width=&#8220;80%&#8220; max_width=&#8220;1080px&#8220;][et_pb_column type=&#8220;4_4&#8243; custom_padding=&#8220;|||&#8220;][et_pb_divider color=&#8220;#efefef&#8220; show_divider=&#8220;off&#8220; divider_position=&#8220;bottom&#8220; hide_on_mobile=&#8220;on&#8220; disabled_on=&#8220;on|on|off&#8220; _builder_version=&#8220;4.12.1&#8243; box_shadow_horizontal_tablet=&#8220;0px&#8220; box_shadow_vertical_tablet=&#8220;0px&#8220; box_shadow_blur_tablet=&#8220;40px&#8220; box_shadow_spread_tablet=&#8220;0px&#8220; vertical_offset_tablet=&#8220;0&#8243; horizontal_offset_tablet=&#8220;0&#8243; z_index_tablet=&#8220;0&#8243; \/][et_pb_text text_orientation=&#8220;center&#8220; use_border_color=&#8220;off&#8220; border_color_all=&#8220;off&#8220; module_alignment=&#8220;center&#8220; _builder_version=&#8220;4.21.0&#8243; text_text_shadow_horizontal_length=&#8220;text_text_shadow_style,%91object Object%93&#8243; text_text_shadow_horizontal_length_tablet=&#8220;0px&#8220; text_text_shadow_vertical_length=&#8220;text_text_shadow_style,%91object Object%93&#8243; text_text_shadow_vertical_length_tablet=&#8220;0px&#8220; text_text_shadow_blur_strength=&#8220;text_text_shadow_style,%91object Object%93&#8243; text_text_shadow_blur_strength_tablet=&#8220;1px&#8220; link_text_shadow_horizontal_length=&#8220;link_text_shadow_style,%91object Object%93&#8243; link_text_shadow_horizontal_length_tablet=&#8220;0px&#8220; link_text_shadow_vertical_length=&#8220;link_text_shadow_style,%91object Object%93&#8243; link_text_shadow_vertical_length_tablet=&#8220;0px&#8220; link_text_shadow_blur_strength=&#8220;link_text_shadow_style,%91object Object%93&#8243; link_text_shadow_blur_strength_tablet=&#8220;1px&#8220; ul_text_shadow_horizontal_length=&#8220;ul_text_shadow_style,%91object Object%93&#8243; ul_text_shadow_horizontal_length_tablet=&#8220;0px&#8220; ul_text_shadow_vertical_length=&#8220;ul_text_shadow_style,%91object Object%93&#8243; ul_text_shadow_vertical_length_tablet=&#8220;0px&#8220; ul_text_shadow_blur_strength=&#8220;ul_text_shadow_style,%91object Object%93&#8243; ul_text_shadow_blur_strength_tablet=&#8220;1px&#8220; ol_text_shadow_horizontal_length=&#8220;ol_text_shadow_style,%91object Object%93&#8243; ol_text_shadow_horizontal_length_tablet=&#8220;0px&#8220; ol_text_shadow_vertical_length=&#8220;ol_text_shadow_style,%91object Object%93&#8243; ol_text_shadow_vertical_length_tablet=&#8220;0px&#8220; ol_text_shadow_blur_strength=&#8220;ol_text_shadow_style,%91object Object%93&#8243; ol_text_shadow_blur_strength_tablet=&#8220;1px&#8220; quote_text_shadow_horizontal_length=&#8220;quote_text_shadow_style,%91object Object%93&#8243; quote_text_shadow_horizontal_length_tablet=&#8220;0px&#8220; quote_text_shadow_vertical_length=&#8220;quote_text_shadow_style,%91object Object%93&#8243; quote_text_shadow_vertical_length_tablet=&#8220;0px&#8220; quote_text_shadow_blur_strength=&#8220;quote_text_shadow_style,%91object Object%93&#8243; quote_text_shadow_blur_strength_tablet=&#8220;1px&#8220; header_text_shadow_horizontal_length=&#8220;header_text_shadow_style,%91object Object%93&#8243; header_text_shadow_horizontal_length_tablet=&#8220;0px&#8220; header_text_shadow_vertical_length=&#8220;header_text_shadow_style,%91object Object%93&#8243; header_text_shadow_vertical_length_tablet=&#8220;0px&#8220; header_text_shadow_blur_strength=&#8220;header_text_shadow_style,%91object Object%93&#8243; header_text_shadow_blur_strength_tablet=&#8220;1px&#8220; header_2_text_shadow_horizontal_length=&#8220;header_2_text_shadow_style,%91object Object%93&#8243; header_2_text_shadow_horizontal_length_tablet=&#8220;0px&#8220; header_2_text_shadow_vertical_length=&#8220;header_2_text_shadow_style,%91object Object%93&#8243; header_2_text_shadow_vertical_length_tablet=&#8220;0px&#8220; header_2_text_shadow_blur_strength=&#8220;header_2_text_shadow_style,%91object Object%93&#8243; header_2_text_shadow_blur_strength_tablet=&#8220;1px&#8220; header_3_text_shadow_horizontal_length=&#8220;header_3_text_shadow_style,%91object Object%93&#8243; header_3_text_shadow_horizontal_length_tablet=&#8220;0px&#8220; header_3_text_shadow_vertical_length=&#8220;header_3_text_shadow_style,%91object Object%93&#8243; header_3_text_shadow_vertical_length_tablet=&#8220;0px&#8220; header_3_text_shadow_blur_strength=&#8220;header_3_text_shadow_style,%91object Object%93&#8243; header_3_text_shadow_blur_strength_tablet=&#8220;1px&#8220; header_4_text_shadow_horizontal_length=&#8220;header_4_text_shadow_style,%91object Object%93&#8243; header_4_text_shadow_horizontal_length_tablet=&#8220;0px&#8220; header_4_text_shadow_vertical_length=&#8220;header_4_text_shadow_style,%91object Object%93&#8243; header_4_text_shadow_vertical_length_tablet=&#8220;0px&#8220; header_4_text_shadow_blur_strength=&#8220;header_4_text_shadow_style,%91object Object%93&#8243; header_4_text_shadow_blur_strength_tablet=&#8220;1px&#8220; header_5_text_shadow_horizontal_length=&#8220;header_5_text_shadow_style,%91object Object%93&#8243; header_5_text_shadow_horizontal_length_tablet=&#8220;0px&#8220; header_5_text_shadow_vertical_length=&#8220;header_5_text_shadow_style,%91object Object%93&#8243; header_5_text_shadow_vertical_length_tablet=&#8220;0px&#8220; header_5_text_shadow_blur_strength=&#8220;header_5_text_shadow_style,%91object Object%93&#8243; header_5_text_shadow_blur_strength_tablet=&#8220;1px&#8220; header_6_text_shadow_horizontal_length=&#8220;header_6_text_shadow_style,%91object Object%93&#8243; header_6_text_shadow_horizontal_length_tablet=&#8220;0px&#8220; header_6_text_shadow_vertical_length=&#8220;header_6_text_shadow_style,%91object Object%93&#8243; header_6_text_shadow_vertical_length_tablet=&#8220;0px&#8220; header_6_text_shadow_blur_strength=&#8220;header_6_text_shadow_style,%91object Object%93&#8243; header_6_text_shadow_blur_strength_tablet=&#8220;1px&#8220; box_shadow_horizontal_tablet=&#8220;0px&#8220; box_shadow_vertical_tablet=&#8220;0px&#8220; box_shadow_blur_tablet=&#8220;40px&#8220; box_shadow_spread_tablet=&#8220;0px&#8220; z_index_tablet=&#8220;500&#8243; vertical_offset_tablet=&#8220;0&#8243; horizontal_offset_tablet=&#8220;0&#8243; background_pattern_color=&#8220;rgba(0,0,0,0.2)&#8220; background_mask_color=&#8220;#ffffff&#8220;]<\/p>\n<p>Anmeldungen f\u00fcr die Saison 13, welche von Montag, 2. November 2026 bis Montag, 15. M\u00e4rz 2027 geht, werden ab sofort entgegengenommen.<\/p>\n<p>Viele G\u00e4ste haben nach einem Veranstaltungskalender (siehe unten) der Vedischen Feierlichkeiten w\u00e4hrend unserer Kurssaison gefragt. Zus\u00e4tzlich zu all den wunderbaren speziellen Rezitationen, die t\u00e4glich w\u00e4hrend dieser Wochen f\u00fcr Sie organisiert werden, begeben wir uns an den Festtagen in die Haupthalle und genie\u00dfen die live-Darbietungen der Vedischen Pandits. Ebenso sind wir per Videokonferenzschaltung mit den Feierlichkeiten der MERU in Holland verbunden. In jeder Woche, egal ob eine Vedische Feier stattfindet oder nicht, gehen alle G\u00e4ste hin\u00fcber in diese Haupthalle, um der Durchf\u00fchrung des Rudrabhishek beizuwohnen, dem speziellen Yagya f\u00fcr Frieden in unserer Welt. <\/p>\n<p>Der Mindestaufenthalt betr\u00e4gt eine Woche (Montag bis Montag). Ein Aufenthalt von 2 oder mehr Wochen wird f\u00fcr eine tiefere Erfahrung im Brahmasthan empfohlen.<\/p>\n<p>Eine Gesamtliste aller Kursdaten einschlie\u00dflich zur Verf\u00fcgung stehender\/ausgebuchter Kurse k\u00f6nnen Sie auf der <a href=\"https:\/\/vedicpandits.org\/apply\/\" target=\"_blank\" rel=\"noopener noreferrer\">Buchungsseite<\/a> ersehen.<\/p>\n<p>[\/et_pb_text][et_pb_divider color=&#8220;#efefef&#8220; show_divider=&#8220;on&#8220; height=&#8220;50&#8243; divider_style=&#8220;solid&#8220; divider_position=&#8220;center&#8220; hide_on_mobile=&#8220;on&#8220; disabled_on=&#8220;on|on|off&#8220; \/][et_pb_text admin_label=&#8220;Calendar Dates&#8220; text_orientation=&#8220;center&#8220; use_border_color=&#8220;off&#8220; border_color_all=&#8220;off&#8220; module_alignment=&#8220;center&#8220; _builder_version=&#8220;4.21.0&#8243; z_index_tablet=&#8220;500&#8243; text_text_shadow_horizontal_length=&#8220;text_text_shadow_style,%91object Object%93&#8243; text_text_shadow_horizontal_length_tablet=&#8220;0px&#8220; text_text_shadow_vertical_length=&#8220;text_text_shadow_style,%91object Object%93&#8243; text_text_shadow_vertical_length_tablet=&#8220;0px&#8220; text_text_shadow_blur_strength=&#8220;text_text_shadow_style,%91object Object%93&#8243; text_text_shadow_blur_strength_tablet=&#8220;1px&#8220; link_text_shadow_horizontal_length=&#8220;link_text_shadow_style,%91object Object%93&#8243; link_text_shadow_horizontal_length_tablet=&#8220;0px&#8220; link_text_shadow_vertical_length=&#8220;link_text_shadow_style,%91object Object%93&#8243; link_text_shadow_vertical_length_tablet=&#8220;0px&#8220; link_text_shadow_blur_strength=&#8220;link_text_shadow_style,%91object Object%93&#8243; link_text_shadow_blur_strength_tablet=&#8220;1px&#8220; ul_text_shadow_horizontal_length=&#8220;ul_text_shadow_style,%91object Object%93&#8243; ul_text_shadow_horizontal_length_tablet=&#8220;0px&#8220; ul_text_shadow_vertical_length=&#8220;ul_text_shadow_style,%91object Object%93&#8243; ul_text_shadow_vertical_length_tablet=&#8220;0px&#8220; ul_text_shadow_blur_strength=&#8220;ul_text_shadow_style,%91object Object%93&#8243; ul_text_shadow_blur_strength_tablet=&#8220;1px&#8220; ol_text_shadow_horizontal_length=&#8220;ol_text_shadow_style,%91object Object%93&#8243; ol_text_shadow_horizontal_length_tablet=&#8220;0px&#8220; ol_text_shadow_vertical_length=&#8220;ol_text_shadow_style,%91object Object%93&#8243; ol_text_shadow_vertical_length_tablet=&#8220;0px&#8220; ol_text_shadow_blur_strength=&#8220;ol_text_shadow_style,%91object Object%93&#8243; ol_text_shadow_blur_strength_tablet=&#8220;1px&#8220; quote_text_shadow_horizontal_length=&#8220;quote_text_shadow_style,%91object Object%93&#8243; quote_text_shadow_horizontal_length_tablet=&#8220;0px&#8220; quote_text_shadow_vertical_length=&#8220;quote_text_shadow_style,%91object Object%93&#8243; quote_text_shadow_vertical_length_tablet=&#8220;0px&#8220; quote_text_shadow_blur_strength=&#8220;quote_text_shadow_style,%91object Object%93&#8243; quote_text_shadow_blur_strength_tablet=&#8220;1px&#8220; header_text_shadow_horizontal_length=&#8220;header_text_shadow_style,%91object Object%93&#8243; header_text_shadow_horizontal_length_tablet=&#8220;0px&#8220; header_text_shadow_vertical_length=&#8220;header_text_shadow_style,%91object Object%93&#8243; header_text_shadow_vertical_length_tablet=&#8220;0px&#8220; header_text_shadow_blur_strength=&#8220;header_text_shadow_style,%91object Object%93&#8243; header_text_shadow_blur_strength_tablet=&#8220;1px&#8220; header_2_text_shadow_horizontal_length=&#8220;header_2_text_shadow_style,%91object Object%93&#8243; header_2_text_shadow_horizontal_length_tablet=&#8220;0px&#8220; header_2_text_shadow_vertical_length=&#8220;header_2_text_shadow_style,%91object Object%93&#8243; header_2_text_shadow_vertical_length_tablet=&#8220;0px&#8220; header_2_text_shadow_blur_strength=&#8220;header_2_text_shadow_style,%91object Object%93&#8243; header_2_text_shadow_blur_strength_tablet=&#8220;1px&#8220; header_3_text_shadow_horizontal_length=&#8220;header_3_text_shadow_style,%91object Object%93&#8243; header_3_text_shadow_horizontal_length_tablet=&#8220;0px&#8220; header_3_text_shadow_vertical_length=&#8220;header_3_text_shadow_style,%91object Object%93&#8243; header_3_text_shadow_vertical_length_tablet=&#8220;0px&#8220; header_3_text_shadow_blur_strength=&#8220;header_3_text_shadow_style,%91object Object%93&#8243; header_3_text_shadow_blur_strength_tablet=&#8220;1px&#8220; header_4_text_shadow_horizontal_length=&#8220;header_4_text_shadow_style,%91object Object%93&#8243; header_4_text_shadow_horizontal_length_tablet=&#8220;0px&#8220; header_4_text_shadow_vertical_length=&#8220;header_4_text_shadow_style,%91object Object%93&#8243; header_4_text_shadow_vertical_length_tablet=&#8220;0px&#8220; header_4_text_shadow_blur_strength=&#8220;header_4_text_shadow_style,%91object Object%93&#8243; header_4_text_shadow_blur_strength_tablet=&#8220;1px&#8220; header_5_text_shadow_horizontal_length=&#8220;header_5_text_shadow_style,%91object Object%93&#8243; header_5_text_shadow_horizontal_length_tablet=&#8220;0px&#8220; header_5_text_shadow_vertical_length=&#8220;header_5_text_shadow_style,%91object Object%93&#8243; header_5_text_shadow_vertical_length_tablet=&#8220;0px&#8220; header_5_text_shadow_blur_strength=&#8220;header_5_text_shadow_style,%91object Object%93&#8243; header_5_text_shadow_blur_strength_tablet=&#8220;1px&#8220; header_6_text_shadow_horizontal_length=&#8220;header_6_text_shadow_style,%91object Object%93&#8243; header_6_text_shadow_horizontal_length_tablet=&#8220;0px&#8220; header_6_text_shadow_vertical_length=&#8220;header_6_text_shadow_style,%91object Object%93&#8243; header_6_text_shadow_vertical_length_tablet=&#8220;0px&#8220; header_6_text_shadow_blur_strength=&#8220;header_6_text_shadow_style,%91object Object%93&#8243; header_6_text_shadow_blur_strength_tablet=&#8220;1px&#8220; box_shadow_horizontal_tablet=&#8220;0px&#8220; box_shadow_vertical_tablet=&#8220;0px&#8220; box_shadow_blur_tablet=&#8220;40px&#8220; box_shadow_spread_tablet=&#8220;0px&#8220; vertical_offset_tablet=&#8220;0&#8243; horizontal_offset_tablet=&#8220;0&#8243; background_pattern_color=&#8220;rgba(0,0,0,0.2)&#8220; background_mask_color=&#8220;#ffffff&#8220;]<\/p>\n<h2 style=\"margin-bottom:20px;\">\u00dcbersicht \u00fcber die Vedischen Feierlichkeiten<\/h2>\n<table border=\"0\" width=\"50%\" cellspacing=\"0\" cellpadding=\"0\" style=\"margin-top: 20px;\">\n<tbody>\n<tr>\n<td align=\"center\">\n<h3 style=\"margin-bottom: 0;\">Saison 13<\/h3>\n<\/td>\n<\/tr>\n<tr>\n<td style=\"padding-top: 20px !important; display: none;\" align=\"center\">Oktober 2026<\/td>\n<\/tr>\n<tr>\n<td style=\"padding-top: 20px !important;\" align=\"center\">November 2026<\/td>\n<\/tr>\n<tr>\n<td align=\"center\">\n<div>6. November \u2013 Dhanvantari Jayanti: Tag des Ayur-Veda<\/div>\n<div>7. November \u2013 Hanuman Jayanti<\/div>\n<div>8. November \u2013 Dipavali: Tag von Mahalakshmi<\/div>\n<div>20. November \u2013 Deva Prabhodini Ekadashi: Tag des Erwachens<\/div>\n<\/td>\n<\/tr>\n<tr>\n<td style=\"padding-top: 20px !important;\" align=\"center\">Dezember 2026<\/td>\n<\/tr>\n<tr>\n<td align=\"center\">\n<div>15. Dezember \u2013 Skanda Shashthi: Tag von Kartikeya<\/div>\n<\/td>\n<\/tr>\n<tr>\n<td style=\"padding-top: 20px !important;\" align=\"center\">Januar 2027<\/td>\n<\/tr>\n<tr>\n<td align=\"center\">\n<div>10. Januar \u2013 Raja Raams Geburtstag<\/div>\n<div>12. Januar \u2013 Maharishis Geburtstag<\/div>\n<\/td>\n<\/tr>\n<tr>\n<td style=\"padding-top: 20px !important;\" align=\"center\">Februar 2027<\/td>\n<\/tr>\n<tr>\n<td align=\"center\">\n<div>11. Februar \u2013 Vasant Panchami: Tag von Saraswati<\/div>\n<\/td>\n<\/tr>\n<tr>\n<td style=\"padding-top: 20px !important;\" align=\"center\">M\u00e4rz 2027<\/td>\n<\/tr>\n<tr>\n<td align=\"center\">\n<div>6. M\u00e4rz \u2013 Tag von Maha Shivaratri<\/div>\n<\/td>\n<\/tr>\n<\/tbody>\n<\/table>\n<p>[\/et_pb_text][et_pb_divider color=&#8220;#efefef&#8220; show_divider=&#8220;on&#8220; height=&#8220;50&#8243; divider_style=&#8220;solid&#8220; divider_position=&#8220;center&#8220; hide_on_mobile=&#8220;on&#8220; disabled_on=&#8220;on|on|off&#8220; \/][et_pb_image src=&#8220;https:\/\/www.maharishiindiacourses.com\/testinstall\/wp-content\/uploads\/2020\/02\/calendar-secondv2-02-2020.jpg&#8220; animation=&#8220;off&#8220; sticky=&#8220;off&#8220; align=&#8220;center&#8220; use_border_color=&#8220;off&#8220; border_color=&#8220;#ffffff&#8220; border_style=&#8220;solid&#8220; border_color_all=&#8220;off&#8220; align_last_edited=&#8220;on|desktop&#8220; align_tablet=&#8220;center&#8220; box_shadow_horizontal_tablet=&#8220;0px&#8220; box_shadow_vertical_tablet=&#8220;0px&#8220; box_shadow_blur_tablet=&#8220;40px&#8220; box_shadow_spread_tablet=&#8220;0px&#8220; vertical_offset_tablet=&#8220;0&#8243; horizontal_offset_tablet=&#8220;0&#8243; z_index_tablet=&#8220;0&#8243; disabled_on=&#8220;on|on|off&#8220; \/][et_pb_divider color=&#8220;#ededed&#8220; show_divider=&#8220;off&#8220; height=&#8220;30&#8243; divider_style=&#8220;solid&#8220; divider_position=&#8220;center&#8220; hide_on_mobile=&#8220;on&#8220; disabled_on=&#8220;on|on|off&#8220; \/][et_pb_image src=&#8220;https:\/\/www.maharishiindiacourses.com\/testinstall\/wp-content\/uploads\/2013\/03\/lotusgraphic2.jpg&#8220; show_in_lightbox=&#8220;off&#8220; url_new_window=&#8220;off&#8220; use_overlay=&#8220;off&#8220; animation=&#8220;off&#8220; sticky=&#8220;off&#8220; align=&#8220;center&#8220; force_fullwidth=&#8220;off&#8220; always_center_on_mobile=&#8220;on&#8220; use_border_color=&#8220;off&#8220; border_color=&#8220;#ffffff&#8220; border_style=&#8220;solid&#8220; module_class=&#8220;lotusclass&#8220; show_bottom_space=&#8220;on&#8220; animation_style=&#8220;none&#8220; animation_duration=&#8220;1000ms&#8220; animation_intensity_slide=&#8220;50%&#8220; align_last_edited=&#8220;on|desktop&#8220; align_tablet=&#8220;center&#8220; disabled_on=&#8220;on|on|off&#8220; \/][\/et_pb_column][\/et_pb_row][\/et_pb_section]<\/p>","protected":false},"excerpt":{"rendered":"<p>Anmeldungen f\u00fcr die Saison 13, welche von Montag, 2. November 2026 bis Montag, 15. M\u00e4rz 2027 geht, werden ab sofort entgegengenommen. Viele G\u00e4ste haben nach einem Veranstaltungskalender (siehe unten) der Vedischen Feierlichkeiten w\u00e4hrend unserer Kurssaison gefragt. Zus\u00e4tzlich zu all den wunderbaren speziellen Rezitationen, die t\u00e4glich w\u00e4hrend dieser Wochen f\u00fcr Sie organisiert werden, begeben wir uns [&hellip;]<\/p>\n","protected":false},"author":3,"featured_media":0,"parent":0,"menu_order":4,"comment_status":"closed","ping_status":"closed","template":"","meta":{"_et_pb_use_builder":"on","_et_pb_old_content":"<!--<img src=\"\/wp-content\/uploads\/2014\/06\/calendarpage-new.jpg\">--><img src=\"\/wp-content\/uploads\/2015\/08\/calendarpage-edited-1.jpg\">\r\n<a href=\"#scroll\"><h1 class=\"entry-title pagetitle\"><span>Calendar<\/span><\/h1><\/a>\r\n<div id=\"scroll\"><\/div>\r\n\r\n<p>Applications are now being accepted for our current Season 5 and next Season 6. Season 5 runs from Monday, October 12, 2015 through Monday, March 14, 2016. Season 6 will run from Monday, September 25, 2016 to March 13, 2017. The minimum booking is for one week (Monday to Monday). A stay of two weeks or longer is recommended for a deeper experience of the Brahmasthan.<\/p>\r\n\r\n<p>Many guests have asked for a calendar listing, just below, of the Vedic celebrations during our season. On these days, in addition to all the wonderful special recitations organized daily for you during all weeks, we go to the main celebration hall and enjoy the Pandits doing the live Vedic performances for those days, as well as connecting by video conference with the celebration in MERU Holland. During every week, whether a Vedic celebration or not, all guests go over to the main hall for the performance of Atirudrabhishek, the special Yagya for peace for our world. <em>For a list of course dates, see the drop-down menu on the <a href=\"https:\/\/vedicpandits.org\/apply\/\" target=\"_blank\">Booking page<\/a>.<\/em><\/p>\r\n\r\n<!--<p>There is still space available during our first week of courses next season (October 12 to 19) which falls during the 9 Days of Mother Divine. We feel that these 9 Days are the \"best kept secret of Bijauri\" with three to five hours of live recitation every day by the Maharishi Vedic Pandits; we would love to share this unforgettable and deeply profound experience with everyone. <\/p>-->\r\n\r\nTo view available\/sold out dates, please see the top of the <a href=\"https:\/\/apply.vedicpandits.org\/\">Booking page<\/a>.\r\n   \r\n<h3>List of Vedic Celebrations<\/h3>\r\n<table border=\"0\" bordercolor=\"#FFCC00\" width=\"50%\" cellpadding=\"0\" cellspacing=\"0\">\r\n<tr>\r\n\t<td colspan=\"2\" style=\"padding-top:20px !important;\">\r\n\t\t<h3 style=\"margin-bottom:0;\">Season 5<\/h3>\r\n\t<\/td>\r\n<\/tr>\r\n<!--<tr>\r\n\t<td colspan=\"2\" style=\"padding-top:20px !important;\"><strong>October 2015<\/strong><\/td>\r\n<tr>\r\n\t<td>October 13 to 22<\/td>\r\n\t<td>Sharadiya Navaratri: Nine Days of Mother Divine<\/td>\r\n<\/tr>\t\r\n<tr>\r\n\t<td>October 22<\/td>\r\n\t<td>Vijaya Dashami: Victory Day<\/td>\r\n<\/tr>\r\n<tr>\r\n\t<td colspan=\"2\" style=\"padding-top:20px !important;\"><strong>December 2015<\/strong><\/td>\r\n<\/tr>\r\n<tr>\r\n\t<td>December 17<\/td>\r\n\t<td>Skanda Shashthi: Day of Kartikeya<\/td>\r\n<\/tr>-->\r\n<tr>\r\n\t<td colspan=\"2\" style=\"padding-top:20px !important;\"><strong>January 2016<\/strong><\/td>\r\n<\/tr>\r\n<tr>\r\n\t<td>January 12<\/td>\r\n\t<td>Celebration of January 12th<\/td>\r\n<\/tr>\r\n<tr>\r\n\t<td colspan=\"2\" style=\"padding-top:20px !important;\"><strong>February 2016<\/strong><\/td>\r\n<\/tr>\r\n<tr>\r\n\t<td>February 13<\/td>\r\n\t<td>Vasant Panchami: Saraswati<\/td>\r\n<\/tr>\t\r\n<tr>\r\n\t<td colspan=\"2\" style=\"padding-top:20px !important;\"><strong>March 2016<\/strong><\/td>\r\n<\/tr>\r\n<tr>\r\n\t<td>March 8<\/td>\r\n\t<td>Day of Maha Shivaratri<\/td>\r\n<\/tr>\r\n<tr>\r\n\t<td colspan=\"2\" style=\"padding-top:20px !important;\">\r\n\t\t<h3 style=\"margin-bottom:0;\">Season 6<\/h3>\r\n\t<\/td>\r\n<\/tr>\r\n<tr>\r\n\t<td colspan=\"2\" style=\"padding-top:20px !important;\"><strong>October 2016<\/strong><\/td>\r\n<tr>\r\n\t<td>October 1 to 10<\/td>\r\n\t<td>Sharadiya Navaratri: Nine Days of Mother Divine<\/td>\r\n<\/tr>\t\r\n<tr>\r\n\t<td>October 11<\/td>\r\n\t<td>Vijaya Dashami: Victory Day<\/td>\r\n<\/tr>\r\n<tr>\r\n\t<td>October 28<\/td>\r\n\t<td>Dhanvantari Jayanti: Day of Ayur-Veda<\/td>\r\n<\/tr>\r\n<tr>\r\n\t<td>October 29<\/td>\r\n\t<td>Hanuman Jayanti<\/td>\r\n<\/tr>\r\n<tr>\r\n\t<td>October 30<\/td>\r\n\t<td>Dipavali: Mahalakshmi<\/td>\r\n<\/tr>\r\n<tr>\r\n\t<td colspan=\"2\" style=\"padding-top:20px !important;\"><strong>November 2016<\/strong><\/td>\r\n<tr>\r\n<tr>\r\n\t<td>November 11<\/td>\r\n\t<td>Deva Prabhodini Ekadashi: Day of Awakening<\/td>\r\n<\/tr>\r\n<tr>\r\n\t<td colspan=\"2\" style=\"padding-top:20px !important;\"><strong>December 2016<\/strong><\/td>\r\n<tr>\r\n<tr>\r\n\t<td>December 5<\/td>\r\n\t<td>Skanda Shashthi: Day of Kartikeya<\/td>\r\n<\/tr>\r\n<tr>\r\n\t<td colspan=\"2\" style=\"padding-top:20px !important;\"><strong>January 2017<\/strong><\/td>\r\n<tr>\r\n<tr>\r\n\t<td>January 12<\/td>\r\n\t<td>Celebration of January 12th<\/td>\r\n<\/tr>\r\n<tr>\r\n\t<td colspan=\"2\" style=\"padding-top:20px !important;\"><strong>February 2017<\/strong><\/td>\r\n<tr>\r\n<tr>\r\n\t<td>February 1<\/td>\r\n\t<td>Vasant Panchami: Saraswati<\/td>\r\n<\/tr>\t\r\n<tr>\r\n\t<td>February 24<\/td>\r\n\t<td>Day of Maha Shivaratri<\/td>\r\n<\/tr>\t\r\n<\/table>","_et_gb_content_width":"","footnotes":""},"_links":{"self":[{"href":"https:\/\/www.maharishiindiacourses.com\/de\/wp-json\/wp\/v2\/pages\/98"}],"collection":[{"href":"https:\/\/www.maharishiindiacourses.com\/de\/wp-json\/wp\/v2\/pages"}],"about":[{"href":"https:\/\/www.maharishiindiacourses.com\/de\/wp-json\/wp\/v2\/types\/page"}],"author":[{"embeddable":true,"href":"https:\/\/www.maharishiindiacourses.com\/de\/wp-json\/wp\/v2\/users\/3"}],"replies":[{"embeddable":true,"href":"https:\/\/www.maharishiindiacourses.com\/de\/wp-json\/wp\/v2\/comments?post=98"}],"version-history":[{"count":632,"href":"https:\/\/www.maharishiindiacourses.com\/de\/wp-json\/wp\/v2\/pages\/98\/revisions"}],"predecessor-version":[{"id":7225,"href":"https:\/\/www.maharishiindiacourses.com\/de\/wp-json\/wp\/v2\/pages\/98\/revisions\/7225"}],"wp:attachment":[{"href":"https:\/\/www.maharishiindiacourses.com\/de\/wp-json\/wp\/v2\/media?parent=98"}],"curies":[{"name":"wp","href":"https:\/\/api.w.org\/{rel}","templated":true}]}}