{"id":36,"date":"2016-03-10T21:05:11","date_gmt":"2016-03-10T21:05:11","guid":{"rendered":"http:\/\/www.maharishiindiacourses.com\/testinstall\/?page_id=36"},"modified":"2024-03-19T07:59:13","modified_gmt":"2024-03-19T07:59:13","slug":"home","status":"publish","type":"page","link":"https:\/\/www.maharishiindiacourses.com\/de\/","title":{"rendered":"Home"},"content":{"rendered":"<p>[et_pb_section bb_built=&#8220;1&#8243; admin_label=&#8220;Section&#8220; fullwidth=&#8220;on&#8220; specialty=&#8220;off&#8220; transparent_background=&#8220;off&#8220; allow_player_pause=&#8220;off&#8220; inner_shadow=&#8220;off&#8220; parallax=&#8220;off&#8220; parallax_method=&#8220;off&#8220; padding_mobile=&#8220;off&#8220; make_fullwidth=&#8220;off&#8220; use_custom_width=&#8220;off&#8220; width_unit=&#8220;on&#8220; make_equal=&#8220;off&#8220; use_custom_gutter=&#8220;off&#8220; custom_padding_tablet=&#8220;50px|0|50px|0&#8243; custom_padding_last_edited=&#8220;on|desktop&#8220; prev_background_color=&#8220;#000000&#8243; next_background_color=&#8220;#FFFFFF&#8220; inner_width=&#8220;auto&#8220; inner_max_width=&#8220;none&#8220;][et_pb_fullwidth_image admin_label=&#8220;Fullwidth Image&#8220; src=&#8220;https:\/\/www.maharishiindiacourses.com\/testinstall\/wp-content\/uploads\/2020\/01\/home-header-01-2020.jpg&#8220; animation=&#8220;off&#8220; use_border_color=&#8220;off&#8220; border_color=&#8220;#ffffff&#8220; border_style=&#8220;solid&#8220; border_color_all=&#8220;#ffffff&#8220; _builder_version=&#8220;4.3.2&#8243; box_shadow_horizontal_tablet=&#8220;0px&#8220; box_shadow_vertical_tablet=&#8220;0px&#8220; box_shadow_blur_tablet=&#8220;40px&#8220; box_shadow_spread_tablet=&#8220;0px&#8220; vertical_offset_tablet=&#8220;0&#8243; horizontal_offset_tablet=&#8220;0&#8243; z_index_tablet=&#8220;0&#8243; \/][et_pb_fullwidth_code admin_label=&#8220;Fullwidth Code&#8220; disabled=&#8220;off&#8220; disabled_on=&#8220;on|on|&#8220; module_class=&#8220;pageheadline&#8220; _builder_version=&#8220;4.3.2&#8243;]<\/p>\n<h1>\u00a0<\/h1>\n<p>[\/et_pb_fullwidth_code][et_pb_fullwidth_code admin_label=&#8220;Fullwidth Code&#8220; disabled=&#8220;off&#8220; disabled_on=&#8220;on|on|&#8220;]<\/p>\n<div class=\"et_pb_fullwidth_header_scroll\" style=\"opacity: 4.09;\"><!\u2013- [et_pb_br_holder] -\u2013><!-- [et_pb_line_break_holder] --><a href=\"#\"><!\u2013- [et_pb_br_holder] -\u2013><!-- [et_pb_line_break_holder] --><span class=\"scroll-down et-pb-icon\">?<\/span><!\u2013- [et_pb_br_holder] -\u2013><!-- [et_pb_line_break_holder] --><\/a><!\u2013- [et_pb_br_holder] -\u2013><!-- [et_pb_line_break_holder] --><\/div>\n<p>[\/et_pb_fullwidth_code][\/et_pb_section][et_pb_section bb_built=&#8220;1&#8243; admin_label=&#8220;section&#8220; prev_background_color=&#8220;#000000&#8243; inner_width=&#8220;auto&#8220; inner_max_width=&#8220;none&#8220;][et_pb_row admin_label=&#8220;row&#8220; width=&#8220;80%&#8220; max_width=&#8220;1080px&#8220;][et_pb_column type=&#8220;4_4&#8243;][et_pb_text background_layout=&#8220;light&#8220; text_orientation=&#8220;center&#8220; use_border_color=&#8220;off&#8220; border_color=&#8220;#ffffff&#8220; border_style=&#8220;solid&#8220; module_alignment=&#8220;center&#8220;]<\/p>\n<p><em>\u201cEs ist ein sehr gro\u00dfer Segen f\u00fcr die Welt, dass es eine Gesellschaft gibt, welche die volle Unterst\u00fctzung eines jeden Menschen f\u00fcr die glorreiche Zukunft aller Menschen verdient. Wir haben mit der Ausbildung einiger Gruppen [vedischer Pandits] begonnen, und wir werden solche Gruppen in immer gr\u00f6\u00dfer werdender Anzahl errichten. Wir werden die Wirkungen der Yagyas durch diese Gruppe bereichern, und wir werden Harmonie erschaffen.\u201d<br \/>\n\u2013 Maharishi Mahesh Yogi<br \/>\n6. Juli 2005<\/em><\/p>\n<p>[\/et_pb_text][et_pb_text background_layout=&#8220;light&#8220; text_orientation=&#8220;center&#8220; use_border_color=&#8220;off&#8220; border_color=&#8220;#ffffff&#8220; border_style=&#8220;solid&#8220; module_alignment=&#8220;center&#8220;]<\/p>\n<p>Die Kurse im Brahmasthan von Indien sind eine Initiative des Brahmananda Saraswati Trusts. Maharishi gr\u00fcndete diese Einrichtung an seinen letzten Lebenstagen, um die Tradition der Maharishi Vedischen Pandits f\u00fcr jetzt und alle Zukunft sicherzustellen, indem er eine gro\u00dfe Gruppe im Brahmasthan von Indien ins Leben rief.<\/p>\n<p>[\/et_pb_text][et_pb_divider admin_label=&#8220;Divider&#8220; color=&#8220;#eeeeee&#8220; show_divider=&#8220;on&#8220; divider_style=&#8220;solid&#8220; divider_position=&#8220;center&#8220; hide_on_mobile=&#8220;on&#8220; height=&#8220;40&#8243; disabled_on=&#8220;on|on|off&#8220; \/][et_pb_image admin_label=&#8220;Image&#8220; src=&#8220;https:\/\/www.maharishiindiacourses.com\/testinstall\/wp-content\/uploads\/2020\/02\/home-second-02-2020.jpg&#8220; animation=&#8220;off&#8220; sticky=&#8220;off&#8220; align=&#8220;center&#8220; use_border_color=&#8220;off&#8220; border_color=&#8220;#ffffff&#8220; border_style=&#8220;solid&#8220; border_color_all=&#8220;#ffffff&#8220; show_bottom_space=&#8220;off&#8220; _builder_version=&#8220;4.3.2&#8243; box_shadow_horizontal_tablet=&#8220;0px&#8220; box_shadow_vertical_tablet=&#8220;0px&#8220; box_shadow_blur_tablet=&#8220;40px&#8220; box_shadow_spread_tablet=&#8220;0px&#8220; vertical_offset_tablet=&#8220;0&#8243; horizontal_offset_tablet=&#8220;0&#8243; z_index_tablet=&#8220;0&#8243; \/][et_pb_divider admin_label=&#8220;Divider&#8220; color=&#8220;#eeeeee&#8220; show_divider=&#8220;on&#8220; divider_style=&#8220;solid&#8220; divider_position=&#8220;center&#8220; hide_on_mobile=&#8220;on&#8220; height=&#8220;40&#8243; disabled_on=&#8220;on|on|off&#8220; \/][et_pb_text background_layout=&#8220;light&#8220; text_orientation=&#8220;center&#8220; use_border_color=&#8220;off&#8220; border_color=&#8220;#ffffff&#8220; border_style=&#8220;solid&#8220; module_alignment=&#8220;center&#8220;]<\/p>\n<p>Der Kursort in Bijauri, einem der drei Bereiche des Brahmasthans, ist ein einzigartiger Ort, der dem Besucher eine tiefe Erfahrung dieser wertvollen Quelle \u2013 der Maharishi Vedischen Pandits und der praktischen Technologien der Yagyas \u2013 erm\u00f6glicht. Dies dient sowohl der Entwicklung unseres pers\u00f6nlichen Bewusstseins als auch dem Wohlergehen der gesamten Welt. Mit Ihrer Teilnahme an Kursen im Brahmasthan unterst\u00fctzen Sie direkt den Weltfrieden und helfen dabei, unser Campusgel\u00e4nde zu vergr\u00f6\u00dfern. Dar\u00fcber hinaus sind wir sicher, dass Sie hier derma\u00dfen tiefe Erfahrungen haben werden, dass Sie den Gedanken dieses Projektes mit nach Hause nehmen werden.<\/p>\n<p>[\/et_pb_text][et_pb_divider admin_label=&#8220;Divider&#8220; color=&#8220;#eeeeee&#8220; show_divider=&#8220;on&#8220; divider_style=&#8220;solid&#8220; divider_position=&#8220;center&#8220; hide_on_mobile=&#8220;on&#8220; height=&#8220;40&#8243; disabled_on=&#8220;on|on|off&#8220; \/][et_pb_image admin_label=&#8220;Image&#8220; src=&#8220;https:\/\/www.maharishiindiacourses.com\/testinstall\/wp-content\/uploads\/2020\/02\/home-thirdv2-02-2020.jpg&#8220; animation=&#8220;off&#8220; sticky=&#8220;off&#8220; align=&#8220;center&#8220; always_center_on_mobile=&#8220;on&#8220; use_border_color=&#8220;off&#8220; border_color=&#8220;#ffffff&#8220; border_style=&#8220;solid&#8220; _builder_version=&#8220;4.3.2&#8243; box_shadow_horizontal_tablet=&#8220;0px&#8220; box_shadow_vertical_tablet=&#8220;0px&#8220; box_shadow_blur_tablet=&#8220;40px&#8220; box_shadow_spread_tablet=&#8220;0px&#8220; vertical_offset_tablet=&#8220;0&#8243; horizontal_offset_tablet=&#8220;0&#8243; z_index_tablet=&#8220;0&#8243; \/][et_pb_divider admin_label=&#8220;Divider&#8220; color=&#8220;#eeeeee&#8220; show_divider=&#8220;on&#8220; divider_style=&#8220;solid&#8220; divider_position=&#8220;center&#8220; hide_on_mobile=&#8220;on&#8220; height=&#8220;40&#8243; disabled_on=&#8220;on|on|off&#8220; \/][et_pb_text background_layout=&#8220;light&#8220; text_orientation=&#8220;center&#8220; use_border_color=&#8220;off&#8220; border_color=&#8220;#ffffff&#8220; border_style=&#8220;solid&#8220; module_alignment=&#8220;center&#8220;]<\/p>\n<p>Brahmachari Dr. Girish Varma Ji, Raja Harris und Arlene Kaplan, laden Sie herzlich ein, hierher zu kommen und die Erschaffung der ersten gro\u00dfen Gruppe Maharishi Vedischer Pandits im Brahmasthan von Indien mit zu erleben. Maharishi nannte den Brahmasthan \u201eden heiligsten aller heiligen Orte in Indien\u201c. Genie\u00dfen Sie hier die t\u00e4glichen Live-Rezitationen der Maharishi Vedischen Pandits, tiefe Meditationen und intellektuelles Wissen, reichhaltiges k\u00f6stliches Essen und unsere sehr komfortablen Unterk\u00fcnfte. Wir freuen uns darauf, Sie bald begr\u00fc\u00dfen zu d\u00fcrfen.<\/p>\n<p>[\/et_pb_text][et_pb_divider admin_label=&#8220;Divider&#8220; color=&#8220;#ffffff&#8220; show_divider=&#8220;off&#8220; height=&#8220;15&#8243; divider_style=&#8220;solid&#8220; divider_position=&#8220;top&#8220; hide_on_mobile=&#8220;on&#8220; disabled_on=&#8220;on|on|off&#8220; \/][et_pb_image admin_label=&#8220;Image&#8220; src=&#8220;https:\/\/www.maharishiindiacourses.com\/testinstall\/wp-content\/uploads\/2013\/03\/lotusgraphic2.jpg&#8220; show_in_lightbox=&#8220;off&#8220; url_new_window=&#8220;off&#8220; use_overlay=&#8220;off&#8220; animation=&#8220;off&#8220; sticky=&#8220;off&#8220; align=&#8220;center&#8220; force_fullwidth=&#8220;off&#8220; always_center_on_mobile=&#8220;on&#8220; use_border_color=&#8220;off&#8220; border_color=&#8220;#ffffff&#8220; border_style=&#8220;solid&#8220; module_class=&#8220;lotusclass&#8220; saved_tabs=&#8220;all&#8220; show_bottom_space=&#8220;on&#8220; animation_style=&#8220;none&#8220; animation_duration=&#8220;1000ms&#8220; animation_intensity_slide=&#8220;50%&#8220; \/][\/et_pb_column][\/et_pb_row][\/et_pb_section]<\/p>","protected":false},"excerpt":{"rendered":"<p>\u201cEs ist ein sehr gro\u00dfer Segen f\u00fcr die Welt, dass es eine Gesellschaft gibt, welche die volle Unterst\u00fctzung eines jeden Menschen f\u00fcr die glorreiche Zukunft aller Menschen verdient. Wir haben mit der Ausbildung einiger Gruppen [vedischer Pandits] begonnen, und wir werden solche Gruppen in immer gr\u00f6\u00dfer werdender Anzahl errichten. Wir werden die Wirkungen der Yagyas [&hellip;]<\/p>\n","protected":false},"author":3,"featured_media":0,"parent":0,"menu_order":0,"comment_status":"closed","ping_status":"closed","template":"","meta":{"_et_pb_use_builder":"on","_et_pb_old_content":"","_et_gb_content_width":"","footnotes":""},"_links":{"self":[{"href":"https:\/\/www.maharishiindiacourses.com\/de\/wp-json\/wp\/v2\/pages\/36"}],"collection":[{"href":"https:\/\/www.maharishiindiacourses.com\/de\/wp-json\/wp\/v2\/pages"}],"about":[{"href":"https:\/\/www.maharishiindiacourses.com\/de\/wp-json\/wp\/v2\/types\/page"}],"author":[{"embeddable":true,"href":"https:\/\/www.maharishiindiacourses.com\/de\/wp-json\/wp\/v2\/users\/3"}],"replies":[{"embeddable":true,"href":"https:\/\/www.maharishiindiacourses.com\/de\/wp-json\/wp\/v2\/comments?post=36"}],"version-history":[{"count":197,"href":"https:\/\/www.maharishiindiacourses.com\/de\/wp-json\/wp\/v2\/pages\/36\/revisions"}],"predecessor-version":[{"id":6978,"href":"https:\/\/www.maharishiindiacourses.com\/de\/wp-json\/wp\/v2\/pages\/36\/revisions\/6978"}],"wp:attachment":[{"href":"https:\/\/www.maharishiindiacourses.com\/de\/wp-json\/wp\/v2\/media?parent=36"}],"curies":[{"name":"wp","href":"https:\/\/api.w.org\/{rel}","templated":true}]}}